{"id":1012105001,"date":"2024-12-08T15:06:52","date_gmt":"2024-12-08T07:06:52","guid":{"rendered":"https:\/\/gracebarvape.com\/aivono-aim-freak-13000\/"},"modified":"2025-04-25T09:55:35","modified_gmt":"2025-04-25T01:55:35","slug":"aivono-aim-freak-13000","status":"publish","type":"product","link":"https:\/\/gracebarvape.com\/es\/aivono-aim-freak-13000\/","title":{"rendered":"Aivono AIM Freak 13000"},"content":{"rendered":"<p>1. Aivono AIM Freak 13000 - 13,000 bocanadas de poder de vapeo puro<\/p>\n<p>Maximice su experiencia de vapeo con Aivono AIM Freak 13000. Este poderoso vape desechable viene lleno de 13,000 bocanadas y un tanque l\u00edquido de 20 ml, lo que garantiza la longevidad y la satisfacci\u00f3n con cada sorteo.Ya sea que necesite vapes para su tienda o al por mayor, el AIM Freak 13000 ofrece calidad premium a un precio inmejorable.<\/p>\n<p>\u00bfCansado de lidiar con dispositivos de corta duraci\u00f3n?Aivono Aim Freak 13000 est\u00e1 dise\u00f1ado para durar m\u00e1s, asegurando que sus clientes no necesiten reemplazar constantemente sus vape.<\/p>\n<p>\u00bfBusca longevidad y satisfacci\u00f3n?Abastecerse hoy en Aivono AIM Freak 13000 y ofrecer una experiencia de vapeo premium.<\/p>\n<p>2. Ordenes a granel, Precios de f\u00e1brica - Aivono Aim Freak 13000 a su alcance<\/p>\n<p>Aproveche el precio directo de f\u00e1brica y aumente sus m\u00e1rgenes de ganancia.El Aivono AIM Freak 13000 es perfecto para compradores a granel que buscan ofrecer vapos de alta calidad y duraderos a sus clientes.Personalice su pedido para igualar la demanda y mantener su stock fluyendo sin problemas.Este vape desechable es ideal para tiendas y mayoristas que buscan opciones confiables y rentables.<\/p>\n<p>\u00bfPreocupado por los altos costos de inventario?Con Aivono AIM Freak 13000, obtienes precios masivos inmejorables, por lo que puedes ofrecer productos de primer nivel sin cortar tus m\u00e1rgenes.<\/p>\n<p>Solicite su cotizaci\u00f3n personalizada hoy y disfrute de los precios inmejorables de f\u00e1brica en el Aivono Aim Freak 13000.<\/p>\n<p>3. 10 sabores irresistibles: un sabor por cada paladar<\/p>\n<p>Con 10 opciones de sabor diversas, Aivono Aim Freak 13000 ofrece algo para todos.Ya sea que a sus clientes amen la fr\u00eda avalancha de hielo azul de Razz, la fusi\u00f3n tropical del durazno de mango de pi\u00f1a o el dulce deleite de la goma de burbujas de sand\u00eda, hay un sabor para satisfacer cada deseo.Mantenga su stock fresco y emocionante con una amplia gama de opciones de sabor que mantengan a sus clientes regresar por m\u00e1s.<\/p>\n<p>Atascado ofreciendo los mismos viejos sabores?El Aivono AIM Freak 13000 trae opciones nuevas y emocionantes, lo que le permite rotar sabores y mantener a los clientes leales.<\/p>\n<p>\u00a1Actualiza tu juego de sabor!Abastecerse en Aivono Aim Freak 13000 hoy y ofrecer a sus clientes la variedad que anhelan.<\/p>\n<p>Aivono Aim Freak 13000 ofrece flexibilidad cuando se trata de preferencias de nicotina.Disponible en 0%, 2%, 3%y 5%, permite a sus clientes elegir la fortaleza de nicotina que se adapte a sus necesidades.Ya sea que prefieran un \u00e9xito fuerte o una experiencia sin nicotina, este vape desechable los tiene cubiertos.Es el dispositivo perfecto para atender a una amplia gama de preferencias del cliente.<\/p>\n<p>\u00bfLuchando por encontrar productos que coincidan con las diferentes preferencias de nicotina?Aivono Aim Freak 13000 proporciona m\u00faltiples fortalezas de nicotina para adaptarse a cada cliente.<\/p>\n<p>Cumple con las necesidades de cada cliente almacenando el Aivono Aim Freak 13000, con opciones de nicotina ajustables para satisfacci\u00f3n personalizada.<\/p>\n<p>5. Alto rendimiento con cada tecnolog\u00eda de bobina de malla y bater\u00eda de 500 mAh<\/p>\n<p>El Aivono AIM Freak 13000 utiliza tecnolog\u00eda avanzada de bobina de malla para garantizar que cada bocanada ofrece sabor constante y vapor suave.Con una bater\u00eda recargable de 500 mAh, sus clientes obtienen un rendimiento confiable que dura las 13,000 bocanadas.Adem\u00e1s, su dise\u00f1o elegante lo convierte en un vape port\u00e1til pero potente que es perfecto para los usuarios sobre la marcha.<\/p>\n<p>\u00bfSe trata de quejas sobre un sabor inconsistente o una duraci\u00f3n de bater\u00eda corta?Aivono Aim Freak 13000 resuelve esos problemas con la tecnolog\u00eda de bobina de primer nivel y una bater\u00eda de larga duraci\u00f3n.<\/p>\n<p>Entregue un rendimiento impecable en cada bocanada.Ordene Aivono AIM Freak 13000 ahora y les d\u00e9 a sus clientes la experiencia de vapeo premium que merecen.<\/p>\n<p>Aivono AIM Freak 13000 ofrece todo lo que necesita en un vape desechable: alto recuento de bocanadas, sabores diversos, nicotina ajustable y rendimiento confiable.Con el precio masivo y las muestras gratuitas disponibles, es la elecci\u00f3n perfecta para minoristas y mayoristas que buscan satisfacer a cada cliente.<\/p>\n","protected":false},"excerpt":{"rendered":"<p>1. Aivono AIM Freak 13000 - 13,000 bocanadas de poder de vapeo puro<\/p>\n<p>Maximice su experiencia de vapeo con Aivono AIM Freak 13000. Este poderoso vape desechable viene lleno de 13,000 bocanadas y un tanque l\u00edquido de 20 ml, lo que g<\/p>\n","protected":false},"featured_media":1110185851,"template":"","meta":{"_acf_changed":false,"_eb_attr":"","site-sidebar-layout":"default","site-content-layout":"","ast-site-content-layout":"","site-content-style":"default","site-sidebar-style":"default","ast-global-header-display":"","ast-banner-title-visibility":"","ast-main-header-display":"","ast-hfb-above-header-display":"","ast-hfb-below-header-display":"","ast-hfb-mobile-header-display":"","site-post-title":"","ast-breadcrumbs-content":"","ast-featured-img":"","footer-sml-layout":"","theme-transparent-header-meta":"","adv-header-id-meta":"","stick-header-meta":"","header-above-stick-meta":"","header-main-stick-meta":"","header-below-stick-meta":"","astra-migrate-meta-layouts":"default","ast-page-background-enabled":"default","ast-page-background-meta":{"desktop":{"background-color":"","background-image":"","background-repeat":"repeat","background-position":"center center","background-size":"auto","background-attachment":"scroll","background-type":"","background-media":"","overlay-type":"","overlay-color":"","overlay-opacity":"","overlay-gradient":""},"tablet":{"background-color":"","background-image":"","background-repeat":"repeat","background-position":"center center","background-size":"auto","background-attachment":"scroll","background-type":"","background-media":"","overlay-type":"","overlay-color":"","overlay-opacity":"","overlay-gradient":""},"mobile":{"background-color":"","background-image":"","background-repeat":"repeat","background-position":"center center","background-size":"auto","background-attachment":"scroll","background-type":"","background-media":"","overlay-type":"","overlay-color":"","overlay-opacity":"","overlay-gradient":""}},"ast-content-background-meta":{"desktop":{"background-color":"var(--ast-global-color-5)","background-image":"","background-repeat":"repeat","background-position":"center center","background-size":"auto","background-attachment":"scroll","background-type":"","background-media":"","overlay-type":"","overlay-color":"","overlay-opacity":"","overlay-gradient":""},"tablet":{"background-color":"var(--ast-global-color-5)","background-image":"","background-repeat":"repeat","background-position":"center center","background-size":"auto","background-attachment":"scroll","background-type":"","background-media":"","overlay-type":"","overlay-color":"","overlay-opacity":"","overlay-gradient":""},"mobile":{"background-color":"var(--ast-global-color-5)","background-image":"","background-repeat":"repeat","background-position":"center center","background-size":"auto","background-attachment":"scroll","background-type":"","background-media":"","overlay-type":"","overlay-color":"","overlay-opacity":"","overlay-gradient":""}}},"product_brand":[],"product_cat":[166],"product_tag":[],"class_list":{"0":"post-1012105001","1":"product","2":"type-product","3":"status-publish","4":"has-post-thumbnail","6":"product_cat-aivono-vape","7":"desktop-align-left","8":"tablet-align-left","9":"mobile-align-left","11":"first","12":"instock","13":"shipping-taxable","14":"product-type-simple"},"acf":[],"yoast_head":"<!-- This site is optimized with the Yoast SEO plugin v25.0 - https:\/\/yoast.com\/wordpress\/plugins\/seo\/ -->\n<title>Aivono AIM Freak 13000 - GraceBar<\/title>\n<meta name=\"robots\" content=\"index, follow, max-snippet:-1, max-image-preview:large, max-video-preview:-1\" \/>\n<link rel=\"canonical\" href=\"https:\/\/gracebarvape.com\/es\/aivono-aim-freak-13000\/\" \/>\n<meta property=\"og:locale\" content=\"es_ES\" \/>\n<meta property=\"og:type\" content=\"article\" \/>\n<meta property=\"og:title\" content=\"Aivono AIM Freak 13000 - GraceBar\" \/>\n<meta property=\"og:description\" content=\"1. Aivono AIM Freak 13000 - 13,000 bocanadas de poder de vapeo puro Maximice su experiencia de vapeo con Aivono AIM Freak 13000. Este poderoso vape desechable viene lleno de 13,000 bocanadas y un tanque l\u00edquido de 20 ml, lo que g\" \/>\n<meta property=\"og:url\" content=\"https:\/\/gracebarvape.com\/es\/aivono-aim-freak-13000\/\" \/>\n<meta property=\"og:site_name\" content=\"GraceBar\" \/>\n<meta property=\"article:modified_time\" content=\"2025-04-25T01:55:35+00:00\" \/>\n<meta property=\"og:image\" content=\"https:\/\/gracebarvape.com\/wp-content\/uploads\/2024\/09\/aivono-aim-freak-13000-grape-corrant.webp\" \/>\n\t<meta property=\"og:image:width\" content=\"550\" \/>\n\t<meta property=\"og:image:height\" content=\"550\" \/>\n\t<meta property=\"og:image:type\" content=\"image\/webp\" \/>\n<meta name=\"twitter:card\" content=\"summary_large_image\" \/>\n<meta name=\"twitter:label1\" content=\"Tiempo de lectura\" \/>\n\t<meta name=\"twitter:data1\" content=\"3 minutos\" \/>\n<script type=\"application\/ld+json\" class=\"yoast-schema-graph\">{\"@context\":\"https:\/\/schema.org\",\"@graph\":[{\"@type\":\"WebPage\",\"@id\":\"https:\/\/gracebarvape.com\/es\/aivono-aim-freak-13000\/\",\"url\":\"https:\/\/gracebarvape.com\/es\/aivono-aim-freak-13000\/\",\"name\":\"Aivono AIM Freak 13000 - GraceBar\",\"isPartOf\":{\"@id\":\"https:\/\/blanchedalmond-wren-221816.hostingersite.com\/#website\"},\"primaryImageOfPage\":{\"@id\":\"https:\/\/gracebarvape.com\/es\/aivono-aim-freak-13000\/#primaryimage\"},\"image\":{\"@id\":\"https:\/\/gracebarvape.com\/es\/aivono-aim-freak-13000\/#primaryimage\"},\"thumbnailUrl\":\"https:\/\/gracebarvape.com\/wp-content\/uploads\/2024\/09\/aivono-aim-freak-13000-grape-corrant.webp\",\"datePublished\":\"2024-12-08T07:06:52+00:00\",\"dateModified\":\"2025-04-25T01:55:35+00:00\",\"breadcrumb\":{\"@id\":\"https:\/\/gracebarvape.com\/es\/aivono-aim-freak-13000\/#breadcrumb\"},\"inLanguage\":\"es\",\"potentialAction\":[{\"@type\":\"ReadAction\",\"target\":[\"https:\/\/gracebarvape.com\/es\/aivono-aim-freak-13000\/\"]}]},{\"@type\":\"ImageObject\",\"inLanguage\":\"es\",\"@id\":\"https:\/\/gracebarvape.com\/es\/aivono-aim-freak-13000\/#primaryimage\",\"url\":\"https:\/\/gracebarvape.com\/wp-content\/uploads\/2024\/09\/aivono-aim-freak-13000-grape-corrant.webp\",\"contentUrl\":\"https:\/\/gracebarvape.com\/wp-content\/uploads\/2024\/09\/aivono-aim-freak-13000-grape-corrant.webp\",\"width\":550,\"height\":550,\"caption\":\"Aivono Aim Freak 13000 Grape Corrant\"},{\"@type\":\"BreadcrumbList\",\"@id\":\"https:\/\/gracebarvape.com\/es\/aivono-aim-freak-13000\/#breadcrumb\",\"itemListElement\":[{\"@type\":\"ListItem\",\"position\":1,\"name\":\"Home\",\"item\":\"https:\/\/gracebarvape.com\/es\/\"},{\"@type\":\"ListItem\",\"position\":2,\"name\":\"Term\u00e9kek\",\"item\":\"https:\/\/gracebarvape.com\/en\/products\/\"},{\"@type\":\"ListItem\",\"position\":3,\"name\":\"Aivono AIM Freak 13000\"}]},{\"@type\":\"WebSite\",\"@id\":\"https:\/\/blanchedalmond-wren-221816.hostingersite.com\/#website\",\"url\":\"https:\/\/blanchedalmond-wren-221816.hostingersite.com\/\",\"name\":\"GraceBar\",\"description\":\"\",\"publisher\":{\"@id\":\"https:\/\/blanchedalmond-wren-221816.hostingersite.com\/#organization\"},\"potentialAction\":[{\"@type\":\"SearchAction\",\"target\":{\"@type\":\"EntryPoint\",\"urlTemplate\":\"https:\/\/blanchedalmond-wren-221816.hostingersite.com\/?s={search_term_string}\"},\"query-input\":{\"@type\":\"PropertyValueSpecification\",\"valueRequired\":true,\"valueName\":\"search_term_string\"}}],\"inLanguage\":\"es\"},{\"@type\":\"Organization\",\"@id\":\"https:\/\/blanchedalmond-wren-221816.hostingersite.com\/#organization\",\"name\":\"GraceBar\",\"url\":\"https:\/\/blanchedalmond-wren-221816.hostingersite.com\/\",\"logo\":{\"@type\":\"ImageObject\",\"inLanguage\":\"es\",\"@id\":\"https:\/\/blanchedalmond-wren-221816.hostingersite.com\/#\/schema\/logo\/image\/\",\"url\":\"https:\/\/gracebarvape.com\/wp-content\/uploads\/2024\/08\/cropped-Logo-GB-removebg.png\",\"contentUrl\":\"https:\/\/gracebarvape.com\/wp-content\/uploads\/2024\/08\/cropped-Logo-GB-removebg.png\",\"width\":500,\"height\":167,\"caption\":\"GraceBar\"},\"image\":{\"@id\":\"https:\/\/blanchedalmond-wren-221816.hostingersite.com\/#\/schema\/logo\/image\/\"}}]}<\/script>\n<!-- \/ Yoast SEO plugin. -->","yoast_head_json":{"title":"Aivono AIM Freak 13000 - GraceBar","robots":{"index":"index","follow":"follow","max-snippet":"max-snippet:-1","max-image-preview":"max-image-preview:large","max-video-preview":"max-video-preview:-1"},"canonical":"https:\/\/gracebarvape.com\/es\/aivono-aim-freak-13000\/","og_locale":"es_ES","og_type":"article","og_title":"Aivono AIM Freak 13000 - GraceBar","og_description":"1. Aivono AIM Freak 13000 - 13,000 bocanadas de poder de vapeo puro Maximice su experiencia de vapeo con Aivono AIM Freak 13000. Este poderoso vape desechable viene lleno de 13,000 bocanadas y un tanque l\u00edquido de 20 ml, lo que g","og_url":"https:\/\/gracebarvape.com\/es\/aivono-aim-freak-13000\/","og_site_name":"GraceBar","article_modified_time":"2025-04-25T01:55:35+00:00","og_image":[{"width":550,"height":550,"url":"https:\/\/gracebarvape.com\/wp-content\/uploads\/2024\/09\/aivono-aim-freak-13000-grape-corrant.webp","type":"image\/webp"}],"twitter_card":"summary_large_image","twitter_misc":{"Tiempo de lectura":"3 minutos"},"schema":{"@context":"https:\/\/schema.org","@graph":[{"@type":"WebPage","@id":"https:\/\/gracebarvape.com\/es\/aivono-aim-freak-13000\/","url":"https:\/\/gracebarvape.com\/es\/aivono-aim-freak-13000\/","name":"Aivono AIM Freak 13000 - GraceBar","isPartOf":{"@id":"https:\/\/blanchedalmond-wren-221816.hostingersite.com\/#website"},"primaryImageOfPage":{"@id":"https:\/\/gracebarvape.com\/es\/aivono-aim-freak-13000\/#primaryimage"},"image":{"@id":"https:\/\/gracebarvape.com\/es\/aivono-aim-freak-13000\/#primaryimage"},"thumbnailUrl":"https:\/\/gracebarvape.com\/wp-content\/uploads\/2024\/09\/aivono-aim-freak-13000-grape-corrant.webp","datePublished":"2024-12-08T07:06:52+00:00","dateModified":"2025-04-25T01:55:35+00:00","breadcrumb":{"@id":"https:\/\/gracebarvape.com\/es\/aivono-aim-freak-13000\/#breadcrumb"},"inLanguage":"es","potentialAction":[{"@type":"ReadAction","target":["https:\/\/gracebarvape.com\/es\/aivono-aim-freak-13000\/"]}]},{"@type":"ImageObject","inLanguage":"es","@id":"https:\/\/gracebarvape.com\/es\/aivono-aim-freak-13000\/#primaryimage","url":"https:\/\/gracebarvape.com\/wp-content\/uploads\/2024\/09\/aivono-aim-freak-13000-grape-corrant.webp","contentUrl":"https:\/\/gracebarvape.com\/wp-content\/uploads\/2024\/09\/aivono-aim-freak-13000-grape-corrant.webp","width":550,"height":550,"caption":"Aivono Aim Freak 13000 Grape Corrant"},{"@type":"BreadcrumbList","@id":"https:\/\/gracebarvape.com\/es\/aivono-aim-freak-13000\/#breadcrumb","itemListElement":[{"@type":"ListItem","position":1,"name":"Home","item":"https:\/\/gracebarvape.com\/es\/"},{"@type":"ListItem","position":2,"name":"Term\u00e9kek","item":"https:\/\/gracebarvape.com\/en\/products\/"},{"@type":"ListItem","position":3,"name":"Aivono AIM Freak 13000"}]},{"@type":"WebSite","@id":"https:\/\/blanchedalmond-wren-221816.hostingersite.com\/#website","url":"https:\/\/blanchedalmond-wren-221816.hostingersite.com\/","name":"GraceBar","description":"","publisher":{"@id":"https:\/\/blanchedalmond-wren-221816.hostingersite.com\/#organization"},"potentialAction":[{"@type":"SearchAction","target":{"@type":"EntryPoint","urlTemplate":"https:\/\/blanchedalmond-wren-221816.hostingersite.com\/?s={search_term_string}"},"query-input":{"@type":"PropertyValueSpecification","valueRequired":true,"valueName":"search_term_string"}}],"inLanguage":"es"},{"@type":"Organization","@id":"https:\/\/blanchedalmond-wren-221816.hostingersite.com\/#organization","name":"GraceBar","url":"https:\/\/blanchedalmond-wren-221816.hostingersite.com\/","logo":{"@type":"ImageObject","inLanguage":"es","@id":"https:\/\/blanchedalmond-wren-221816.hostingersite.com\/#\/schema\/logo\/image\/","url":"https:\/\/gracebarvape.com\/wp-content\/uploads\/2024\/08\/cropped-Logo-GB-removebg.png","contentUrl":"https:\/\/gracebarvape.com\/wp-content\/uploads\/2024\/08\/cropped-Logo-GB-removebg.png","width":500,"height":167,"caption":"GraceBar"},"image":{"@id":"https:\/\/blanchedalmond-wren-221816.hostingersite.com\/#\/schema\/logo\/image\/"}}]}},"_links":{"self":[{"href":"https:\/\/gracebarvape.com\/es\/wp-json\/wp\/v2\/product\/1012105001","targetHints":{"allow":["GET"]}}],"collection":[{"href":"https:\/\/gracebarvape.com\/es\/wp-json\/wp\/v2\/product"}],"about":[{"href":"https:\/\/gracebarvape.com\/es\/wp-json\/wp\/v2\/types\/product"}],"version-history":[{"count":0,"href":"https:\/\/gracebarvape.com\/es\/wp-json\/wp\/v2\/product\/1012105001\/revisions"}],"wp:featuredmedia":[{"embeddable":true,"href":"https:\/\/gracebarvape.com\/es\/wp-json\/wp\/v2\/media\/1110185851"}],"wp:attachment":[{"href":"https:\/\/gracebarvape.com\/es\/wp-json\/wp\/v2\/media?parent=1012105001"}],"wp:term":[{"taxonomy":"product_brand","embeddable":true,"href":"https:\/\/gracebarvape.com\/es\/wp-json\/wp\/v2\/product_brand?post=1012105001"},{"taxonomy":"product_cat","embeddable":true,"href":"https:\/\/gracebarvape.com\/es\/wp-json\/wp\/v2\/product_cat?post=1012105001"},{"taxonomy":"product_tag","embeddable":true,"href":"https:\/\/gracebarvape.com\/es\/wp-json\/wp\/v2\/product_tag?post=1012105001"}],"curies":[{"name":"wp","href":"https:\/\/api.w.org\/{rel}","templated":true}]}}