{"id":1012105002,"date":"2024-12-08T15:06:52","date_gmt":"2024-12-08T07:06:52","guid":{"rendered":"https:\/\/gracebarvape.com\/aivono-aim-tank-9500\/"},"modified":"2025-04-25T09:55:35","modified_gmt":"2025-04-25T01:55:35","slug":"aivono-aim-tank-9500","status":"publish","type":"product","link":"https:\/\/gracebarvape.com\/es\/aivono-aim-tank-9500\/","title":{"rendered":"Aivono AIM Tank 9500"},"content":{"rendered":"<p>1. Aivono AIM Tank 9500 - Eleve su experiencia de vapeo a nuevas alturas<\/p>\n<p>El Aivono Aim Tank 9500 ofrece una experiencia de vapeo incomparable con hasta 9500 bocanadas y 18 ml de E-Liquid premium.Ya sea que est\u00e9 buscando reabastecer sus estantes u ofrecer soluciones mayoristas personalizadas, este dispositivo ofrece una satisfacci\u00f3n duradera.Elija entre una variedad de fortalezas de nicotina y disfrute de diversas opciones de sabor que mantengan a sus clientes regresar.<\/p>\n<p>\u00bfCansado de dispositivos de corta duraci\u00f3n y sabores limitados?Aivono Aim Tank 9500 resuelve eso con hojaldres extendidas y diversidad de sabores, manteniendo a los usuarios satisfechos por m\u00e1s tiempo.<\/p>\n<p>\u00bfListo para ofrecer a sus clientes m\u00e1s?Abastecerse en el Aivono Aim Tank 9500 ahora y darles una experiencia de vapeo inigualable.<\/p>\n<p>2. Precios al por mayor, calidad premium - Aivono Aim Tank 9500 a tarifas de f\u00e1brica<\/p>\n<p>\u00bfBuscas vapes de alta calidad sin romper el banco?El Aivono Aim Tank 9500 proporciona una experiencia de vapeo premium a precios asequibles y directos de f\u00e1brica.Ideal para compradores y mayoristas a granel, este dispositivo combina asequibilidad con calidad, lo que garantiza un gran rendimiento de su inversi\u00f3n.Disponible en pedidos a granel, con opciones personalizables para satisfacer sus necesidades.<\/p>\n<p>\u00bfSe ocupa de los altos costos de los vapos desechables?El Aivono Aim Tank 9500 ofrece precios rentables sin sacrificar la calidad, perfecto para aquellos que buscan valor.<\/p>\n<p>Obtenga su muestra gratuita hoy y vea por qu\u00e9 Aivono Aim Tank 9500 es el mejor valor en vapees desechables.<\/p>\n<p>3. 15 sabores, satisfacci\u00f3n sin fin - Variedad de sabor de Aivono Aim Tank 9500<\/p>\n<p>El Aivono Aim Tank 9500 ofrece una selecci\u00f3n deliciosa de 15 sabores \u00fanicos, asegurando que haya algo para cada gusto.Desde la sand\u00eda de fresa dulce y frutal hasta la refrescante explosi\u00f3n de menta de lim\u00f3n, cada bocanada ofrece sabores ricos y audaces.Ajuste sus estantes con una amplia gama de opciones que mantengan a los clientes entusiasmados y regresan por m\u00e1s.<\/p>\n<p>\u00bfAburrido de ofrecer los mismos viejos sabores?Con Aivono Aim Tank 9500, puede atender a cada paladar con 15 perfiles de sabor emocionantes y \u00fanicos.<\/p>\n<p>\u00a1Actualice su alineaci\u00f3n de sabores!Stock aivono apar tanque 9500 y ofrece 15 sabores irresistibles que les encantar\u00e1.<\/p>\n<p>La atenci\u00f3n a todos los vapers se hizo m\u00e1s f\u00e1cil con el AIVONO AIM Tank 9500. Con opciones de sal de nicotina de 0%, 2%, 3%y 5%, este dispositivo se adapta a todos los clientes, desde aquellos que buscan un fuerte \u00e9xito para aquellos que prefieren unExperiencia libre de nicotina.Es la soluci\u00f3n perfecta para una amplia gama de preferencias de vapeo.<\/p>\n<p>\u00bfLuchando por cumplir con diferentes preferencias de nicotina?Los niveles de nicotina ajustables de Aivono AIM Tank 9500 hacen que sea f\u00e1cil satisfacer a cada cliente.<\/p>\n<p>Ordene ahora y proporcione opciones de nicotina para todos con las fortalezas personalizables de Aivono Aim Tank 9500.<\/p>\n<p>5. Potencia recargable, bobina de malla: vapeo que dura<\/p>\n<p>La bater\u00eda recargable de 650 mAh asegura que el AIVONO AIM Tank 9500 contin\u00fae hasta la \u00faltima bocanada.Combinado con tecnolog\u00eda avanzada de bobina de malla, cada inhalaci\u00f3n es suave y sabrosa.Sus clientes disfrutar\u00e1n de un rendimiento de vapeo constante y confiable, y disfrutar\u00e1 de menos quejas sobre las bater\u00edas muertas o la ca\u00edda del sabor.<\/p>\n<p>\u00bfCansado de quejas sobre la duraci\u00f3n de la bater\u00eda corta?La bater\u00eda recargable y la bobina de malla de Aivono AIM Tank 9500 ofrecen confiabilidad y consistencia.<\/p>\n<p>Mantenga a sus clientes satisfechos con el poder y el sabor duradero.Ordene Aivono AIM Tank 9500 a granel hoy.<\/p>\n<p>El AIVONO AIM Tank 9500 se destaca con su impresionante recuento de hojaldre, sabores diversos, niveles de nicotina ajustables y bater\u00eda recargable confiable.Perfecto para pedidos masivos y al por mayor, este dispositivo proporciona un gran valor y rendimiento.<\/p>\n","protected":false},"excerpt":{"rendered":"<p>1. Aivono AIM Tank 9500 - Eleve su experiencia de vapeo a nuevas alturas<\/p>\n<p>El Aivono Aim Tank 9500 ofrece una experiencia de vapeo incomparable con hasta 9500 bocanadas y 18 ml de E-Liquid premium.Ya sea que est\u00e9 buscando reabastec<\/p>\n","protected":false},"featured_media":1110185865,"template":"","meta":{"_acf_changed":false,"_eb_attr":"","site-sidebar-layout":"default","site-content-layout":"","ast-site-content-layout":"","site-content-style":"default","site-sidebar-style":"default","ast-global-header-display":"","ast-banner-title-visibility":"","ast-main-header-display":"","ast-hfb-above-header-display":"","ast-hfb-below-header-display":"","ast-hfb-mobile-header-display":"","site-post-title":"","ast-breadcrumbs-content":"","ast-featured-img":"","footer-sml-layout":"","theme-transparent-header-meta":"","adv-header-id-meta":"","stick-header-meta":"","header-above-stick-meta":"","header-main-stick-meta":"","header-below-stick-meta":"","astra-migrate-meta-layouts":"default","ast-page-background-enabled":"default","ast-page-background-meta":{"desktop":{"background-color":"","background-image":"","background-repeat":"repeat","background-position":"center center","background-size":"auto","background-attachment":"scroll","background-type":"","background-media":"","overlay-type":"","overlay-color":"","overlay-opacity":"","overlay-gradient":""},"tablet":{"background-color":"","background-image":"","background-repeat":"repeat","background-position":"center center","background-size":"auto","background-attachment":"scroll","background-type":"","background-media":"","overlay-type":"","overlay-color":"","overlay-opacity":"","overlay-gradient":""},"mobile":{"background-color":"","background-image":"","background-repeat":"repeat","background-position":"center center","background-size":"auto","background-attachment":"scroll","background-type":"","background-media":"","overlay-type":"","overlay-color":"","overlay-opacity":"","overlay-gradient":""}},"ast-content-background-meta":{"desktop":{"background-color":"var(--ast-global-color-5)","background-image":"","background-repeat":"repeat","background-position":"center center","background-size":"auto","background-attachment":"scroll","background-type":"","background-media":"","overlay-type":"","overlay-color":"","overlay-opacity":"","overlay-gradient":""},"tablet":{"background-color":"var(--ast-global-color-5)","background-image":"","background-repeat":"repeat","background-position":"center center","background-size":"auto","background-attachment":"scroll","background-type":"","background-media":"","overlay-type":"","overlay-color":"","overlay-opacity":"","overlay-gradient":""},"mobile":{"background-color":"var(--ast-global-color-5)","background-image":"","background-repeat":"repeat","background-position":"center center","background-size":"auto","background-attachment":"scroll","background-type":"","background-media":"","overlay-type":"","overlay-color":"","overlay-opacity":"","overlay-gradient":""}}},"product_brand":[],"product_cat":[166],"product_tag":[],"class_list":{"0":"post-1012105002","1":"product","2":"type-product","3":"status-publish","4":"has-post-thumbnail","6":"product_cat-aivono-vape","7":"desktop-align-left","8":"tablet-align-left","9":"mobile-align-left","11":"first","12":"instock","13":"shipping-taxable","14":"product-type-simple"},"acf":[],"yoast_head":"<!-- This site is optimized with the Yoast SEO plugin v25.0 - https:\/\/yoast.com\/wordpress\/plugins\/seo\/ -->\n<title>Aivono AIM Tank 9500 - GraceBar<\/title>\n<meta name=\"robots\" content=\"index, follow, max-snippet:-1, max-image-preview:large, max-video-preview:-1\" \/>\n<link rel=\"canonical\" href=\"https:\/\/gracebarvape.com\/es\/aivono-aim-tank-9500\/\" \/>\n<meta property=\"og:locale\" content=\"es_ES\" \/>\n<meta property=\"og:type\" content=\"article\" \/>\n<meta property=\"og:title\" content=\"Aivono AIM Tank 9500 - GraceBar\" \/>\n<meta property=\"og:description\" content=\"1. Aivono AIM Tank 9500 - Eleve su experiencia de vapeo a nuevas alturas El Aivono Aim Tank 9500 ofrece una experiencia de vapeo incomparable con hasta 9500 bocanadas y 18 ml de E-Liquid premium.Ya sea que est\u00e9 buscando reabastec\" \/>\n<meta property=\"og:url\" content=\"https:\/\/gracebarvape.com\/es\/aivono-aim-tank-9500\/\" \/>\n<meta property=\"og:site_name\" content=\"GraceBar\" \/>\n<meta property=\"article:modified_time\" content=\"2025-04-25T01:55:35+00:00\" \/>\n<meta property=\"og:image\" content=\"https:\/\/gracebarvape.com\/wp-content\/uploads\/2024\/09\/aivono-aim-tank-9500-strawberry-ice.webp\" \/>\n\t<meta property=\"og:image:width\" content=\"550\" \/>\n\t<meta property=\"og:image:height\" content=\"550\" \/>\n\t<meta property=\"og:image:type\" content=\"image\/webp\" \/>\n<meta name=\"twitter:card\" content=\"summary_large_image\" \/>\n<meta name=\"twitter:label1\" content=\"Tiempo de lectura\" \/>\n\t<meta name=\"twitter:data1\" content=\"3 minutos\" \/>\n<script type=\"application\/ld+json\" class=\"yoast-schema-graph\">{\"@context\":\"https:\/\/schema.org\",\"@graph\":[{\"@type\":\"WebPage\",\"@id\":\"https:\/\/gracebarvape.com\/es\/aivono-aim-tank-9500\/\",\"url\":\"https:\/\/gracebarvape.com\/es\/aivono-aim-tank-9500\/\",\"name\":\"Aivono AIM Tank 9500 - GraceBar\",\"isPartOf\":{\"@id\":\"https:\/\/blanchedalmond-wren-221816.hostingersite.com\/#website\"},\"primaryImageOfPage\":{\"@id\":\"https:\/\/gracebarvape.com\/es\/aivono-aim-tank-9500\/#primaryimage\"},\"image\":{\"@id\":\"https:\/\/gracebarvape.com\/es\/aivono-aim-tank-9500\/#primaryimage\"},\"thumbnailUrl\":\"https:\/\/gracebarvape.com\/wp-content\/uploads\/2024\/09\/aivono-aim-tank-9500-strawberry-ice.webp\",\"datePublished\":\"2024-12-08T07:06:52+00:00\",\"dateModified\":\"2025-04-25T01:55:35+00:00\",\"breadcrumb\":{\"@id\":\"https:\/\/gracebarvape.com\/es\/aivono-aim-tank-9500\/#breadcrumb\"},\"inLanguage\":\"es\",\"potentialAction\":[{\"@type\":\"ReadAction\",\"target\":[\"https:\/\/gracebarvape.com\/es\/aivono-aim-tank-9500\/\"]}]},{\"@type\":\"ImageObject\",\"inLanguage\":\"es\",\"@id\":\"https:\/\/gracebarvape.com\/es\/aivono-aim-tank-9500\/#primaryimage\",\"url\":\"https:\/\/gracebarvape.com\/wp-content\/uploads\/2024\/09\/aivono-aim-tank-9500-strawberry-ice.webp\",\"contentUrl\":\"https:\/\/gracebarvape.com\/wp-content\/uploads\/2024\/09\/aivono-aim-tank-9500-strawberry-ice.webp\",\"width\":550,\"height\":550,\"caption\":\"Aivono Aim Tank 9500 Strawberry Ice\"},{\"@type\":\"BreadcrumbList\",\"@id\":\"https:\/\/gracebarvape.com\/es\/aivono-aim-tank-9500\/#breadcrumb\",\"itemListElement\":[{\"@type\":\"ListItem\",\"position\":1,\"name\":\"Home\",\"item\":\"https:\/\/gracebarvape.com\/es\/\"},{\"@type\":\"ListItem\",\"position\":2,\"name\":\"Term\u00e9kek\",\"item\":\"https:\/\/gracebarvape.com\/en\/products\/\"},{\"@type\":\"ListItem\",\"position\":3,\"name\":\"Aivono AIM Tank 9500\"}]},{\"@type\":\"WebSite\",\"@id\":\"https:\/\/blanchedalmond-wren-221816.hostingersite.com\/#website\",\"url\":\"https:\/\/blanchedalmond-wren-221816.hostingersite.com\/\",\"name\":\"GraceBar\",\"description\":\"\",\"publisher\":{\"@id\":\"https:\/\/blanchedalmond-wren-221816.hostingersite.com\/#organization\"},\"potentialAction\":[{\"@type\":\"SearchAction\",\"target\":{\"@type\":\"EntryPoint\",\"urlTemplate\":\"https:\/\/blanchedalmond-wren-221816.hostingersite.com\/?s={search_term_string}\"},\"query-input\":{\"@type\":\"PropertyValueSpecification\",\"valueRequired\":true,\"valueName\":\"search_term_string\"}}],\"inLanguage\":\"es\"},{\"@type\":\"Organization\",\"@id\":\"https:\/\/blanchedalmond-wren-221816.hostingersite.com\/#organization\",\"name\":\"GraceBar\",\"url\":\"https:\/\/blanchedalmond-wren-221816.hostingersite.com\/\",\"logo\":{\"@type\":\"ImageObject\",\"inLanguage\":\"es\",\"@id\":\"https:\/\/blanchedalmond-wren-221816.hostingersite.com\/#\/schema\/logo\/image\/\",\"url\":\"https:\/\/gracebarvape.com\/wp-content\/uploads\/2024\/08\/cropped-Logo-GB-removebg.png\",\"contentUrl\":\"https:\/\/gracebarvape.com\/wp-content\/uploads\/2024\/08\/cropped-Logo-GB-removebg.png\",\"width\":500,\"height\":167,\"caption\":\"GraceBar\"},\"image\":{\"@id\":\"https:\/\/blanchedalmond-wren-221816.hostingersite.com\/#\/schema\/logo\/image\/\"}}]}<\/script>\n<!-- \/ Yoast SEO plugin. -->","yoast_head_json":{"title":"Aivono AIM Tank 9500 - GraceBar","robots":{"index":"index","follow":"follow","max-snippet":"max-snippet:-1","max-image-preview":"max-image-preview:large","max-video-preview":"max-video-preview:-1"},"canonical":"https:\/\/gracebarvape.com\/es\/aivono-aim-tank-9500\/","og_locale":"es_ES","og_type":"article","og_title":"Aivono AIM Tank 9500 - GraceBar","og_description":"1. Aivono AIM Tank 9500 - Eleve su experiencia de vapeo a nuevas alturas El Aivono Aim Tank 9500 ofrece una experiencia de vapeo incomparable con hasta 9500 bocanadas y 18 ml de E-Liquid premium.Ya sea que est\u00e9 buscando reabastec","og_url":"https:\/\/gracebarvape.com\/es\/aivono-aim-tank-9500\/","og_site_name":"GraceBar","article_modified_time":"2025-04-25T01:55:35+00:00","og_image":[{"width":550,"height":550,"url":"https:\/\/gracebarvape.com\/wp-content\/uploads\/2024\/09\/aivono-aim-tank-9500-strawberry-ice.webp","type":"image\/webp"}],"twitter_card":"summary_large_image","twitter_misc":{"Tiempo de lectura":"3 minutos"},"schema":{"@context":"https:\/\/schema.org","@graph":[{"@type":"WebPage","@id":"https:\/\/gracebarvape.com\/es\/aivono-aim-tank-9500\/","url":"https:\/\/gracebarvape.com\/es\/aivono-aim-tank-9500\/","name":"Aivono AIM Tank 9500 - GraceBar","isPartOf":{"@id":"https:\/\/blanchedalmond-wren-221816.hostingersite.com\/#website"},"primaryImageOfPage":{"@id":"https:\/\/gracebarvape.com\/es\/aivono-aim-tank-9500\/#primaryimage"},"image":{"@id":"https:\/\/gracebarvape.com\/es\/aivono-aim-tank-9500\/#primaryimage"},"thumbnailUrl":"https:\/\/gracebarvape.com\/wp-content\/uploads\/2024\/09\/aivono-aim-tank-9500-strawberry-ice.webp","datePublished":"2024-12-08T07:06:52+00:00","dateModified":"2025-04-25T01:55:35+00:00","breadcrumb":{"@id":"https:\/\/gracebarvape.com\/es\/aivono-aim-tank-9500\/#breadcrumb"},"inLanguage":"es","potentialAction":[{"@type":"ReadAction","target":["https:\/\/gracebarvape.com\/es\/aivono-aim-tank-9500\/"]}]},{"@type":"ImageObject","inLanguage":"es","@id":"https:\/\/gracebarvape.com\/es\/aivono-aim-tank-9500\/#primaryimage","url":"https:\/\/gracebarvape.com\/wp-content\/uploads\/2024\/09\/aivono-aim-tank-9500-strawberry-ice.webp","contentUrl":"https:\/\/gracebarvape.com\/wp-content\/uploads\/2024\/09\/aivono-aim-tank-9500-strawberry-ice.webp","width":550,"height":550,"caption":"Aivono Aim Tank 9500 Strawberry Ice"},{"@type":"BreadcrumbList","@id":"https:\/\/gracebarvape.com\/es\/aivono-aim-tank-9500\/#breadcrumb","itemListElement":[{"@type":"ListItem","position":1,"name":"Home","item":"https:\/\/gracebarvape.com\/es\/"},{"@type":"ListItem","position":2,"name":"Term\u00e9kek","item":"https:\/\/gracebarvape.com\/en\/products\/"},{"@type":"ListItem","position":3,"name":"Aivono AIM Tank 9500"}]},{"@type":"WebSite","@id":"https:\/\/blanchedalmond-wren-221816.hostingersite.com\/#website","url":"https:\/\/blanchedalmond-wren-221816.hostingersite.com\/","name":"GraceBar","description":"","publisher":{"@id":"https:\/\/blanchedalmond-wren-221816.hostingersite.com\/#organization"},"potentialAction":[{"@type":"SearchAction","target":{"@type":"EntryPoint","urlTemplate":"https:\/\/blanchedalmond-wren-221816.hostingersite.com\/?s={search_term_string}"},"query-input":{"@type":"PropertyValueSpecification","valueRequired":true,"valueName":"search_term_string"}}],"inLanguage":"es"},{"@type":"Organization","@id":"https:\/\/blanchedalmond-wren-221816.hostingersite.com\/#organization","name":"GraceBar","url":"https:\/\/blanchedalmond-wren-221816.hostingersite.com\/","logo":{"@type":"ImageObject","inLanguage":"es","@id":"https:\/\/blanchedalmond-wren-221816.hostingersite.com\/#\/schema\/logo\/image\/","url":"https:\/\/gracebarvape.com\/wp-content\/uploads\/2024\/08\/cropped-Logo-GB-removebg.png","contentUrl":"https:\/\/gracebarvape.com\/wp-content\/uploads\/2024\/08\/cropped-Logo-GB-removebg.png","width":500,"height":167,"caption":"GraceBar"},"image":{"@id":"https:\/\/blanchedalmond-wren-221816.hostingersite.com\/#\/schema\/logo\/image\/"}}]}},"_links":{"self":[{"href":"https:\/\/gracebarvape.com\/es\/wp-json\/wp\/v2\/product\/1012105002","targetHints":{"allow":["GET"]}}],"collection":[{"href":"https:\/\/gracebarvape.com\/es\/wp-json\/wp\/v2\/product"}],"about":[{"href":"https:\/\/gracebarvape.com\/es\/wp-json\/wp\/v2\/types\/product"}],"version-history":[{"count":0,"href":"https:\/\/gracebarvape.com\/es\/wp-json\/wp\/v2\/product\/1012105002\/revisions"}],"wp:featuredmedia":[{"embeddable":true,"href":"https:\/\/gracebarvape.com\/es\/wp-json\/wp\/v2\/media\/1110185865"}],"wp:attachment":[{"href":"https:\/\/gracebarvape.com\/es\/wp-json\/wp\/v2\/media?parent=1012105002"}],"wp:term":[{"taxonomy":"product_brand","embeddable":true,"href":"https:\/\/gracebarvape.com\/es\/wp-json\/wp\/v2\/product_brand?post=1012105002"},{"taxonomy":"product_cat","embeddable":true,"href":"https:\/\/gracebarvape.com\/es\/wp-json\/wp\/v2\/product_cat?post=1012105002"},{"taxonomy":"product_tag","embeddable":true,"href":"https:\/\/gracebarvape.com\/es\/wp-json\/wp\/v2\/product_tag?post=1012105002"}],"curies":[{"name":"wp","href":"https:\/\/api.w.org\/{rel}","templated":true}]}}