{"id":1012105011,"date":"2024-12-08T15:06:56","date_gmt":"2024-12-08T07:06:56","guid":{"rendered":"https:\/\/gracebarvape.com\/aivono-aim-plus-800\/"},"modified":"2025-04-25T09:55:41","modified_gmt":"2025-04-25T01:55:41","slug":"aivono-aim-plus-800","status":"publish","type":"product","link":"https:\/\/gracebarvape.com\/es\/aivono-aim-plus-800\/","title":{"rendered":"AIVONO AIM m\u00e1s 800"},"content":{"rendered":"<p>1. Aivono Aim m\u00e1s 800 - Dise\u00f1o compacto, 800 bocanadas de vapeo sabroso<\/p>\n<p>El Aivono AIM Plus 800 es un vape desechable elegante y port\u00e1til dise\u00f1ado para entregar hasta 800 bocanadas con su capacidad de 2 ml de e-liquid.Impulsado por una bater\u00eda de 650 mAh y con flujo de aire ajustable, este dispositivo ofrece a los usuarios una experiencia de vapeo personalizable y satisfactoria.Preparado con sal al 5% de nicotina, es perfecto para aquellos que disfrutan de \u00e9xitos fuertes y suaves.<\/p>\n<p>\u00bfNecesita un vape de bolsillo con excelente sabor?El Aivono AIM Plus 800 es su soluci\u00f3n para vapeo compacto pero potente.<\/p>\n<p>\u00a1Ordene ahora y obtenga descuentos masivos en el Aivono AIM m\u00e1s 800 para su tienda!<\/p>\n<p>2. \u00bfPor qu\u00e9 elegir el Aivono AIM m\u00e1s 800 para su tienda?<\/p>\n<p>Cuando elige Aivono AIM m\u00e1s 800 para su tienda, obtiene vapees desechables de alta calidad directamente del fabricante a precios mayoristas.Ya sea que est\u00e9 buscando art\u00edculos en el existencia o un pedido masivo personalizado, ofrecemos la flexibilidad y los precios para satisfacer sus necesidades.Tambi\u00e9n proporcionamos muestras gratuitas para que pueda probar la calidad por usted mismo.<\/p>\n<p>\u00bfBuscas un proveedor confiable de vapos desechables?Aivono ofrece precios masivos directamente de la f\u00e1brica.<\/p>\n<p>\u00a1Cont\u00e1ctenos ahora para obtener una cotizaci\u00f3n personalizada sobre pedidos a granel y experimente la conveniencia de los precios al por mayor!<\/p>\n<p>3. Aivono Aim m\u00e1s 800 sabores: algo para cada paladar<\/p>\n<p>El Aivono AIM Plus 800 est\u00e1 disponible en 10 deliciosos sabores, asegurando que haya algo para todos.Desde la refrescante menta fresca hasta la sand\u00eda de fresa dulce y afrutada, estos sabores ofrecen un vape satisfactorio cada vez.<\/p>\n<p>Los sabores incluyen:<\/p>\n<p>Menta genial<br \/>\nHielo exuberante<br \/>\nAlgod\u00f3n de az\u00facar<br \/>\nHielo de mandarina<br \/>\nSand\u00eda de fresa<br \/>\nAr\u00e1ndano lim\u00f3n de frambuesa<br \/>\nBaya mixta<br \/>\nTipo de serpiente venenosa<br \/>\nHielo de durazno<br \/>\nHielo de pl\u00e1tano<\/p>\n<p>\u00bfLuchando por ofrecer una amplia gama de sabores?El Aivono AIM Plus 800 ofrece una variedad de opciones para satisfacer a cada cliente.<\/p>\n<p>Estockear el AIVONO AIM m\u00e1s 800 en su tienda y proporcionar a sus clientes una amplia gama de sabores.<\/p>\n<p>4. Flujo de aire ajustable para una experiencia de vapeo a medida<\/p>\n<p>El Aivono AIM Plus 800 presenta un flujo de aire ajustable, lo que permite a los usuarios controlar la intensidad de cada bocanada.Esta caracter\u00edstica lo distingue de otros vapees desechables, proporcionando una experiencia m\u00e1s personalizada con cada uso.<\/p>\n<p>\u00bfQuieres un vape con caracter\u00edsticas personalizables?El flujo de aire ajustable de Aivono AIM Plus 800 brinda a los usuarios el control de los usuarios sobre su estilo de vapeo.<\/p>\n<p>Ordene el Aivono AIM m\u00e1s 800 hoy y ofrezca a sus clientes una experiencia de vapeo personalizable con flujo de aire ajustable.<\/p>\n<p>5. 800 hojaldres de larga duraci\u00f3n, alimentadas por una bater\u00eda de 650 mAh<\/p>\n<p>Con una potente bater\u00eda de 650 mAh, el Aivono Aim m\u00e1s 800 asegura que los usuarios puedan disfrutar de hasta 800 bocanadas sin preocuparse por la bater\u00eda que se agota demasiado r\u00e1pido.La capacidad de 2 ml de E-l\u00edquido combinada con sal de nicotina al 5% proporciona una experiencia de vapeo satisfactoria y duradera.<\/p>\n<p>\u00bfCansado de vapees desechables que se agotan demasiado pronto?El Aivono AIM Plus 800 ofrece durabilidad y rendimiento en un dispositivo compacto.<\/p>\n<p>Proporcione a sus clientes la satisfacci\u00f3n duradera del Aivono AIM m\u00e1s 800, \u00a1los pedidos de referencia disponibles ahora!<\/p>\n<p>El Aivono AIM Plus 800 es un vape desechable compacto y de alto rendimiento que ofrece hasta 800 bocanadas con una bater\u00eda de 650 mAh y un flujo de aire ajustable.Con 10 sabores \u00fanicos, este dispositivo atiende a una amplia gama de gustos, por lo que es el complemento perfecto para cualquier tienda de vape.No se pierda los precios al por mayor y las muestras gratuitas: \u00a1ordene el AIVONO AIM m\u00e1s 800 hoy!<\/p>\n","protected":false},"excerpt":{"rendered":"<p>1. Aivono Aim m\u00e1s 800 - Dise\u00f1o compacto, 800 bocanadas de vapeo sabroso<\/p>\n<p>El Aivono AIM Plus 800 es un vape desechable elegante y port\u00e1til dise\u00f1ado para entregar hasta 800 bocanadas con su capacidad de 2 ml de e-liquid.Impulsado po<\/p>\n","protected":false},"featured_media":1110185921,"template":"","meta":{"_acf_changed":false,"_eb_attr":"","site-sidebar-layout":"default","site-content-layout":"","ast-site-content-layout":"","site-content-style":"default","site-sidebar-style":"default","ast-global-header-display":"","ast-banner-title-visibility":"","ast-main-header-display":"","ast-hfb-above-header-display":"","ast-hfb-below-header-display":"","ast-hfb-mobile-header-display":"","site-post-title":"","ast-breadcrumbs-content":"","ast-featured-img":"","footer-sml-layout":"","theme-transparent-header-meta":"","adv-header-id-meta":"","stick-header-meta":"","header-above-stick-meta":"","header-main-stick-meta":"","header-below-stick-meta":"","astra-migrate-meta-layouts":"default","ast-page-background-enabled":"default","ast-page-background-meta":{"desktop":{"background-color":"","background-image":"","background-repeat":"repeat","background-position":"center center","background-size":"auto","background-attachment":"scroll","background-type":"","background-media":"","overlay-type":"","overlay-color":"","overlay-opacity":"","overlay-gradient":""},"tablet":{"background-color":"","background-image":"","background-repeat":"repeat","background-position":"center center","background-size":"auto","background-attachment":"scroll","background-type":"","background-media":"","overlay-type":"","overlay-color":"","overlay-opacity":"","overlay-gradient":""},"mobile":{"background-color":"","background-image":"","background-repeat":"repeat","background-position":"center center","background-size":"auto","background-attachment":"scroll","background-type":"","background-media":"","overlay-type":"","overlay-color":"","overlay-opacity":"","overlay-gradient":""}},"ast-content-background-meta":{"desktop":{"background-color":"var(--ast-global-color-5)","background-image":"","background-repeat":"repeat","background-position":"center center","background-size":"auto","background-attachment":"scroll","background-type":"","background-media":"","overlay-type":"","overlay-color":"","overlay-opacity":"","overlay-gradient":""},"tablet":{"background-color":"var(--ast-global-color-5)","background-image":"","background-repeat":"repeat","background-position":"center center","background-size":"auto","background-attachment":"scroll","background-type":"","background-media":"","overlay-type":"","overlay-color":"","overlay-opacity":"","overlay-gradient":""},"mobile":{"background-color":"var(--ast-global-color-5)","background-image":"","background-repeat":"repeat","background-position":"center center","background-size":"auto","background-attachment":"scroll","background-type":"","background-media":"","overlay-type":"","overlay-color":"","overlay-opacity":"","overlay-gradient":""}}},"product_brand":[],"product_cat":[166],"product_tag":[],"class_list":{"0":"post-1012105011","1":"product","2":"type-product","3":"status-publish","4":"has-post-thumbnail","6":"product_cat-aivono-vape","7":"desktop-align-left","8":"tablet-align-left","9":"mobile-align-left","11":"first","12":"instock","13":"shipping-taxable","14":"product-type-simple"},"acf":[],"yoast_head":"<!-- This site is optimized with the Yoast SEO plugin v25.0 - https:\/\/yoast.com\/wordpress\/plugins\/seo\/ -->\n<title>AIVONO AIM m\u00e1s 800 - GraceBar<\/title>\n<meta name=\"robots\" content=\"index, follow, max-snippet:-1, max-image-preview:large, max-video-preview:-1\" \/>\n<link rel=\"canonical\" href=\"https:\/\/gracebarvape.com\/es\/aivono-aim-plus-800\/\" \/>\n<meta property=\"og:locale\" content=\"es_ES\" \/>\n<meta property=\"og:type\" content=\"article\" \/>\n<meta property=\"og:title\" content=\"AIVONO AIM m\u00e1s 800 - GraceBar\" \/>\n<meta property=\"og:description\" content=\"1. Aivono Aim m\u00e1s 800 - Dise\u00f1o compacto, 800 bocanadas de vapeo sabroso El Aivono AIM Plus 800 es un vape desechable elegante y port\u00e1til dise\u00f1ado para entregar hasta 800 bocanadas con su capacidad de 2 ml de e-liquid.Impulsado po\" \/>\n<meta property=\"og:url\" content=\"https:\/\/gracebarvape.com\/es\/aivono-aim-plus-800\/\" \/>\n<meta property=\"og:site_name\" content=\"GraceBar\" \/>\n<meta property=\"article:modified_time\" content=\"2025-04-25T01:55:41+00:00\" \/>\n<meta property=\"og:image\" content=\"https:\/\/gracebarvape.com\/wp-content\/uploads\/2024\/09\/aivono-aim-plus-800-cool-mint.webp\" \/>\n\t<meta property=\"og:image:width\" content=\"800\" \/>\n\t<meta property=\"og:image:height\" content=\"800\" \/>\n\t<meta property=\"og:image:type\" content=\"image\/webp\" \/>\n<meta name=\"twitter:card\" content=\"summary_large_image\" \/>\n<meta name=\"twitter:label1\" content=\"Tiempo de lectura\" \/>\n\t<meta name=\"twitter:data1\" content=\"3 minutos\" \/>\n<script type=\"application\/ld+json\" class=\"yoast-schema-graph\">{\"@context\":\"https:\/\/schema.org\",\"@graph\":[{\"@type\":\"WebPage\",\"@id\":\"https:\/\/gracebarvape.com\/es\/aivono-aim-plus-800\/\",\"url\":\"https:\/\/gracebarvape.com\/es\/aivono-aim-plus-800\/\",\"name\":\"AIVONO AIM m\u00e1s 800 - GraceBar\",\"isPartOf\":{\"@id\":\"https:\/\/blanchedalmond-wren-221816.hostingersite.com\/#website\"},\"primaryImageOfPage\":{\"@id\":\"https:\/\/gracebarvape.com\/es\/aivono-aim-plus-800\/#primaryimage\"},\"image\":{\"@id\":\"https:\/\/gracebarvape.com\/es\/aivono-aim-plus-800\/#primaryimage\"},\"thumbnailUrl\":\"https:\/\/gracebarvape.com\/wp-content\/uploads\/2024\/09\/aivono-aim-plus-800-cool-mint.webp\",\"datePublished\":\"2024-12-08T07:06:56+00:00\",\"dateModified\":\"2025-04-25T01:55:41+00:00\",\"breadcrumb\":{\"@id\":\"https:\/\/gracebarvape.com\/es\/aivono-aim-plus-800\/#breadcrumb\"},\"inLanguage\":\"es\",\"potentialAction\":[{\"@type\":\"ReadAction\",\"target\":[\"https:\/\/gracebarvape.com\/es\/aivono-aim-plus-800\/\"]}]},{\"@type\":\"ImageObject\",\"inLanguage\":\"es\",\"@id\":\"https:\/\/gracebarvape.com\/es\/aivono-aim-plus-800\/#primaryimage\",\"url\":\"https:\/\/gracebarvape.com\/wp-content\/uploads\/2024\/09\/aivono-aim-plus-800-cool-mint.webp\",\"contentUrl\":\"https:\/\/gracebarvape.com\/wp-content\/uploads\/2024\/09\/aivono-aim-plus-800-cool-mint.webp\",\"width\":800,\"height\":800,\"caption\":\"Aivono Aim Plus 800 Cool Mint\"},{\"@type\":\"BreadcrumbList\",\"@id\":\"https:\/\/gracebarvape.com\/es\/aivono-aim-plus-800\/#breadcrumb\",\"itemListElement\":[{\"@type\":\"ListItem\",\"position\":1,\"name\":\"Home\",\"item\":\"https:\/\/gracebarvape.com\/es\/\"},{\"@type\":\"ListItem\",\"position\":2,\"name\":\"Term\u00e9kek\",\"item\":\"https:\/\/gracebarvape.com\/en\/products\/\"},{\"@type\":\"ListItem\",\"position\":3,\"name\":\"AIVONO AIM m\u00e1s 800\"}]},{\"@type\":\"WebSite\",\"@id\":\"https:\/\/blanchedalmond-wren-221816.hostingersite.com\/#website\",\"url\":\"https:\/\/blanchedalmond-wren-221816.hostingersite.com\/\",\"name\":\"GraceBar\",\"description\":\"\",\"publisher\":{\"@id\":\"https:\/\/blanchedalmond-wren-221816.hostingersite.com\/#organization\"},\"potentialAction\":[{\"@type\":\"SearchAction\",\"target\":{\"@type\":\"EntryPoint\",\"urlTemplate\":\"https:\/\/blanchedalmond-wren-221816.hostingersite.com\/?s={search_term_string}\"},\"query-input\":{\"@type\":\"PropertyValueSpecification\",\"valueRequired\":true,\"valueName\":\"search_term_string\"}}],\"inLanguage\":\"es\"},{\"@type\":\"Organization\",\"@id\":\"https:\/\/blanchedalmond-wren-221816.hostingersite.com\/#organization\",\"name\":\"GraceBar\",\"url\":\"https:\/\/blanchedalmond-wren-221816.hostingersite.com\/\",\"logo\":{\"@type\":\"ImageObject\",\"inLanguage\":\"es\",\"@id\":\"https:\/\/blanchedalmond-wren-221816.hostingersite.com\/#\/schema\/logo\/image\/\",\"url\":\"https:\/\/gracebarvape.com\/wp-content\/uploads\/2024\/08\/cropped-Logo-GB-removebg.png\",\"contentUrl\":\"https:\/\/gracebarvape.com\/wp-content\/uploads\/2024\/08\/cropped-Logo-GB-removebg.png\",\"width\":500,\"height\":167,\"caption\":\"GraceBar\"},\"image\":{\"@id\":\"https:\/\/blanchedalmond-wren-221816.hostingersite.com\/#\/schema\/logo\/image\/\"}}]}<\/script>\n<!-- \/ Yoast SEO plugin. -->","yoast_head_json":{"title":"AIVONO AIM m\u00e1s 800 - GraceBar","robots":{"index":"index","follow":"follow","max-snippet":"max-snippet:-1","max-image-preview":"max-image-preview:large","max-video-preview":"max-video-preview:-1"},"canonical":"https:\/\/gracebarvape.com\/es\/aivono-aim-plus-800\/","og_locale":"es_ES","og_type":"article","og_title":"AIVONO AIM m\u00e1s 800 - GraceBar","og_description":"1. Aivono Aim m\u00e1s 800 - Dise\u00f1o compacto, 800 bocanadas de vapeo sabroso El Aivono AIM Plus 800 es un vape desechable elegante y port\u00e1til dise\u00f1ado para entregar hasta 800 bocanadas con su capacidad de 2 ml de e-liquid.Impulsado po","og_url":"https:\/\/gracebarvape.com\/es\/aivono-aim-plus-800\/","og_site_name":"GraceBar","article_modified_time":"2025-04-25T01:55:41+00:00","og_image":[{"width":800,"height":800,"url":"https:\/\/gracebarvape.com\/wp-content\/uploads\/2024\/09\/aivono-aim-plus-800-cool-mint.webp","type":"image\/webp"}],"twitter_card":"summary_large_image","twitter_misc":{"Tiempo de lectura":"3 minutos"},"schema":{"@context":"https:\/\/schema.org","@graph":[{"@type":"WebPage","@id":"https:\/\/gracebarvape.com\/es\/aivono-aim-plus-800\/","url":"https:\/\/gracebarvape.com\/es\/aivono-aim-plus-800\/","name":"AIVONO AIM m\u00e1s 800 - GraceBar","isPartOf":{"@id":"https:\/\/blanchedalmond-wren-221816.hostingersite.com\/#website"},"primaryImageOfPage":{"@id":"https:\/\/gracebarvape.com\/es\/aivono-aim-plus-800\/#primaryimage"},"image":{"@id":"https:\/\/gracebarvape.com\/es\/aivono-aim-plus-800\/#primaryimage"},"thumbnailUrl":"https:\/\/gracebarvape.com\/wp-content\/uploads\/2024\/09\/aivono-aim-plus-800-cool-mint.webp","datePublished":"2024-12-08T07:06:56+00:00","dateModified":"2025-04-25T01:55:41+00:00","breadcrumb":{"@id":"https:\/\/gracebarvape.com\/es\/aivono-aim-plus-800\/#breadcrumb"},"inLanguage":"es","potentialAction":[{"@type":"ReadAction","target":["https:\/\/gracebarvape.com\/es\/aivono-aim-plus-800\/"]}]},{"@type":"ImageObject","inLanguage":"es","@id":"https:\/\/gracebarvape.com\/es\/aivono-aim-plus-800\/#primaryimage","url":"https:\/\/gracebarvape.com\/wp-content\/uploads\/2024\/09\/aivono-aim-plus-800-cool-mint.webp","contentUrl":"https:\/\/gracebarvape.com\/wp-content\/uploads\/2024\/09\/aivono-aim-plus-800-cool-mint.webp","width":800,"height":800,"caption":"Aivono Aim Plus 800 Cool Mint"},{"@type":"BreadcrumbList","@id":"https:\/\/gracebarvape.com\/es\/aivono-aim-plus-800\/#breadcrumb","itemListElement":[{"@type":"ListItem","position":1,"name":"Home","item":"https:\/\/gracebarvape.com\/es\/"},{"@type":"ListItem","position":2,"name":"Term\u00e9kek","item":"https:\/\/gracebarvape.com\/en\/products\/"},{"@type":"ListItem","position":3,"name":"AIVONO AIM m\u00e1s 800"}]},{"@type":"WebSite","@id":"https:\/\/blanchedalmond-wren-221816.hostingersite.com\/#website","url":"https:\/\/blanchedalmond-wren-221816.hostingersite.com\/","name":"GraceBar","description":"","publisher":{"@id":"https:\/\/blanchedalmond-wren-221816.hostingersite.com\/#organization"},"potentialAction":[{"@type":"SearchAction","target":{"@type":"EntryPoint","urlTemplate":"https:\/\/blanchedalmond-wren-221816.hostingersite.com\/?s={search_term_string}"},"query-input":{"@type":"PropertyValueSpecification","valueRequired":true,"valueName":"search_term_string"}}],"inLanguage":"es"},{"@type":"Organization","@id":"https:\/\/blanchedalmond-wren-221816.hostingersite.com\/#organization","name":"GraceBar","url":"https:\/\/blanchedalmond-wren-221816.hostingersite.com\/","logo":{"@type":"ImageObject","inLanguage":"es","@id":"https:\/\/blanchedalmond-wren-221816.hostingersite.com\/#\/schema\/logo\/image\/","url":"https:\/\/gracebarvape.com\/wp-content\/uploads\/2024\/08\/cropped-Logo-GB-removebg.png","contentUrl":"https:\/\/gracebarvape.com\/wp-content\/uploads\/2024\/08\/cropped-Logo-GB-removebg.png","width":500,"height":167,"caption":"GraceBar"},"image":{"@id":"https:\/\/blanchedalmond-wren-221816.hostingersite.com\/#\/schema\/logo\/image\/"}}]}},"_links":{"self":[{"href":"https:\/\/gracebarvape.com\/es\/wp-json\/wp\/v2\/product\/1012105011","targetHints":{"allow":["GET"]}}],"collection":[{"href":"https:\/\/gracebarvape.com\/es\/wp-json\/wp\/v2\/product"}],"about":[{"href":"https:\/\/gracebarvape.com\/es\/wp-json\/wp\/v2\/types\/product"}],"version-history":[{"count":0,"href":"https:\/\/gracebarvape.com\/es\/wp-json\/wp\/v2\/product\/1012105011\/revisions"}],"wp:featuredmedia":[{"embeddable":true,"href":"https:\/\/gracebarvape.com\/es\/wp-json\/wp\/v2\/media\/1110185921"}],"wp:attachment":[{"href":"https:\/\/gracebarvape.com\/es\/wp-json\/wp\/v2\/media?parent=1012105011"}],"wp:term":[{"taxonomy":"product_brand","embeddable":true,"href":"https:\/\/gracebarvape.com\/es\/wp-json\/wp\/v2\/product_brand?post=1012105011"},{"taxonomy":"product_cat","embeddable":true,"href":"https:\/\/gracebarvape.com\/es\/wp-json\/wp\/v2\/product_cat?post=1012105011"},{"taxonomy":"product_tag","embeddable":true,"href":"https:\/\/gracebarvape.com\/es\/wp-json\/wp\/v2\/product_tag?post=1012105011"}],"curies":[{"name":"wp","href":"https:\/\/api.w.org\/{rel}","templated":true}]}}