{"id":1012105012,"date":"2024-12-08T15:06:56","date_gmt":"2024-12-08T07:06:56","guid":{"rendered":"https:\/\/gracebarvape.com\/aivono-aim-mini-boxx-600\/"},"modified":"2025-04-25T09:55:42","modified_gmt":"2025-04-25T01:55:42","slug":"aivono-aim-mini-boxx-600","status":"publish","type":"product","link":"https:\/\/gracebarvape.com\/es\/aivono-aim-mini-boxx-600\/","title":{"rendered":"Aavoo am mini boxx 600"},"content":{"rendered":"<p>1. Compacto y sabroso: el Aivono Aim Mini Boxx 600 est\u00e1 aqu\u00ed<\/p>\n<p>Prep\u00e1rese para una experiencia de vapeo f\u00e1cil y port\u00e1til con el Aivono Aim Mini Boxx 600. Ofreciendo hasta 600 bocanadas y una bater\u00eda de 400 mAh, es la opci\u00f3n perfecta para los clientes que desean un vape r\u00e1pido y satisfactorio.Con 10 deliciosos sabores y tecnolog\u00eda de bobina de malla, este peque\u00f1o dispositivo ofrece una gran satisfacci\u00f3n.<\/p>\n<p>\u00bfCansado de dispositivos voluminosos o golpes sin sabor?El AIM Mini Boxx 600 ofrece conveniencia compacta y un rico sabor en cada bocanada.<\/p>\n<p>\u00a1Alegue sus estantes hoy y ofrece el vapor compacto que les encantar\u00e1 a sus clientes!<\/p>\n<p>2. Una potencia econ\u00f3mica-Aivono Aim Mini Boxx 600 a precios de f\u00e1brica<\/p>\n<p>\u00bfBusca un vape de alta calidad que no rompa el banco?El Aivono Aim Mini Boxx 600 ofrece un valor incre\u00edble a los precios directos de f\u00e1brica.Ideal para compradores y mayoristas a granel, este vape desechable viene con hasta 600 bocanadas y fortalezas de nicotina personalizables, lo que garantiza que satisfaga todas las necesidades de sus clientes.<\/p>\n<p>\u00bfEs dif\u00edcil equilibrar el costo y la calidad?El AIM Mini Boxx 600 ofrece ambos, lo que la convierte en la elecci\u00f3n inteligente para los compradores conscientes del presupuesto.<\/p>\n<p>\u00a1Ordene a granel ahora y aproveche nuestro precio de f\u00e1brica!<\/p>\n<p>3. 10 sabores deliciosos - Aivono Aim Mini Boxx 600 La sabrosa experiencia<\/p>\n<p>Desde el dulce helado de fresa hasta la refrescante menta de lim\u00f3n, el Aivono Aim Mini Boxx 600 trae una explosi\u00f3n de sabor con cada bocanada.Con 10 sabores \u00fanicos para elegir, sus clientes pueden disfrutar de un sabor rico y audaz sin importar su preferencia.Cada sabor est\u00e1 dise\u00f1ado con precisi\u00f3n para ofrecer una experiencia de vapeo suave.<\/p>\n<p>\u00bfEnfermo de opciones de sabor a suave?El Aivono Aim Mini Boxx 600 cuenta con 10 sabores emocionantes, perfectos para satisfacer diversos gustos.<\/p>\n<p>Actualice su gama de sabores hoy.Stock el Aivono AIM Mini Boxx 600 a granel.<\/p>\n<p>4. Fuerzas de nicotina flexibles: vapeo personalizable para cada usuario<\/p>\n<p>El Aivono Aim Mini Boxx 600 viene en fortalezas de nicotina 0%, 2%y 5%, lo que lo hace vers\u00e1til para todos los vapers, desde usuarios sin nicotina hasta altos nicotinas.Esta flexibilidad le permite atender una base de clientes m\u00e1s amplia, asegurando que todos encuentren su \u00e9xito perfecto.<\/p>\n<p>\u00bfLuchando por encontrar el equilibrio de nicotina adecuado para sus clientes?El AIM Mini Boxx 600 ofrece m\u00faltiples fortalezas, por lo que nunca se pierde una venta.<\/p>\n<p>Ofrezca a sus clientes m\u00e1s opciones.Ordene el Aivono AIM Mini Boxx 600 con niveles de nicotina personalizables.<\/p>\n<p>5. Mesh Coil Tech para sabor inigualable - Aivono Aim Mini Boxx 600<\/p>\n<p>Impulsado por la tecnolog\u00eda de la bobina de malla de 1.0 ohmios, el Aivono Aim Mini Boxx 600 ofrece un vape suave y consistente con cada golpe.La bobina de malla garantiza una distribuci\u00f3n de calor incluso, lo que permite que brille el sabor completo del e-l\u00edquido de 2 ml.Combinado con una bater\u00eda de 400 mAh, es el vape compacto perfecto que tiene un golpe.<\/p>\n<p>\u00bfCansado de un rendimiento inconsistente?La bobina de malla en el AIM Mini Boxx 600 asegura que cada bocanada es tan satisfactoria como la primera.<\/p>\n<p>Entregar vapeo impecable a sus clientes.Act\u00fae el Aivono AIM Mini Boxx 600 hoy.<\/p>\n<p>El Aivono Aim Mini Boxx 600 combina asequibilidad, portabilidad y una gran variedad de sabores, lo que lo convierte en una opci\u00f3n ideal para compradores a granel y mayorista.Con fortalezas de nicotina ajustables, una potente bater\u00eda de 400 mAh y 10 sabores \u00fanicos, es perfecto para satisfacer cada tipo de vaper.<\/p>\n","protected":false},"excerpt":{"rendered":"<p>1. Compacto y sabroso: el Aivono Aim Mini Boxx 600 est\u00e1 aqu\u00ed<\/p>\n<p>Prep\u00e1rese para una experiencia de vapeo f\u00e1cil y port\u00e1til con el Aivono Aim Mini Boxx 600. Ofreciendo hasta 600 bocanadas y una bater\u00eda de 400 mAh, es la opci\u00f3n perfecta<\/p>\n","protected":false},"featured_media":1110185927,"template":"","meta":{"_acf_changed":false,"_eb_attr":"","site-sidebar-layout":"default","site-content-layout":"","ast-site-content-layout":"","site-content-style":"default","site-sidebar-style":"default","ast-global-header-display":"","ast-banner-title-visibility":"","ast-main-header-display":"","ast-hfb-above-header-display":"","ast-hfb-below-header-display":"","ast-hfb-mobile-header-display":"","site-post-title":"","ast-breadcrumbs-content":"","ast-featured-img":"","footer-sml-layout":"","theme-transparent-header-meta":"","adv-header-id-meta":"","stick-header-meta":"","header-above-stick-meta":"","header-main-stick-meta":"","header-below-stick-meta":"","astra-migrate-meta-layouts":"default","ast-page-background-enabled":"default","ast-page-background-meta":{"desktop":{"background-color":"","background-image":"","background-repeat":"repeat","background-position":"center center","background-size":"auto","background-attachment":"scroll","background-type":"","background-media":"","overlay-type":"","overlay-color":"","overlay-opacity":"","overlay-gradient":""},"tablet":{"background-color":"","background-image":"","background-repeat":"repeat","background-position":"center center","background-size":"auto","background-attachment":"scroll","background-type":"","background-media":"","overlay-type":"","overlay-color":"","overlay-opacity":"","overlay-gradient":""},"mobile":{"background-color":"","background-image":"","background-repeat":"repeat","background-position":"center center","background-size":"auto","background-attachment":"scroll","background-type":"","background-media":"","overlay-type":"","overlay-color":"","overlay-opacity":"","overlay-gradient":""}},"ast-content-background-meta":{"desktop":{"background-color":"var(--ast-global-color-5)","background-image":"","background-repeat":"repeat","background-position":"center center","background-size":"auto","background-attachment":"scroll","background-type":"","background-media":"","overlay-type":"","overlay-color":"","overlay-opacity":"","overlay-gradient":""},"tablet":{"background-color":"var(--ast-global-color-5)","background-image":"","background-repeat":"repeat","background-position":"center center","background-size":"auto","background-attachment":"scroll","background-type":"","background-media":"","overlay-type":"","overlay-color":"","overlay-opacity":"","overlay-gradient":""},"mobile":{"background-color":"var(--ast-global-color-5)","background-image":"","background-repeat":"repeat","background-position":"center center","background-size":"auto","background-attachment":"scroll","background-type":"","background-media":"","overlay-type":"","overlay-color":"","overlay-opacity":"","overlay-gradient":""}}},"product_brand":[],"product_cat":[166],"product_tag":[],"class_list":{"0":"post-1012105012","1":"product","2":"type-product","3":"status-publish","4":"has-post-thumbnail","6":"product_cat-aivono-vape","7":"desktop-align-left","8":"tablet-align-left","9":"mobile-align-left","11":"first","12":"instock","13":"shipping-taxable","14":"product-type-simple"},"acf":[],"yoast_head":"<!-- This site is optimized with the Yoast SEO plugin v25.0 - https:\/\/yoast.com\/wordpress\/plugins\/seo\/ -->\n<title>Aavoo am mini boxx 600 - GraceBar<\/title>\n<meta name=\"robots\" content=\"index, follow, max-snippet:-1, max-image-preview:large, max-video-preview:-1\" \/>\n<link rel=\"canonical\" href=\"https:\/\/gracebarvape.com\/es\/aivono-aim-mini-boxx-600\/\" \/>\n<meta property=\"og:locale\" content=\"es_ES\" \/>\n<meta property=\"og:type\" content=\"article\" \/>\n<meta property=\"og:title\" content=\"Aavoo am mini boxx 600 - GraceBar\" \/>\n<meta property=\"og:description\" content=\"1. Compacto y sabroso: el Aivono Aim Mini Boxx 600 est\u00e1 aqu\u00ed Prep\u00e1rese para una experiencia de vapeo f\u00e1cil y port\u00e1til con el Aivono Aim Mini Boxx 600. Ofreciendo hasta 600 bocanadas y una bater\u00eda de 400 mAh, es la opci\u00f3n perfecta\" \/>\n<meta property=\"og:url\" content=\"https:\/\/gracebarvape.com\/es\/aivono-aim-mini-boxx-600\/\" \/>\n<meta property=\"og:site_name\" content=\"GraceBar\" \/>\n<meta property=\"article:modified_time\" content=\"2025-04-25T01:55:42+00:00\" \/>\n<meta property=\"og:image\" content=\"https:\/\/gracebarvape.com\/wp-content\/uploads\/2024\/09\/aivono-aim-mini-boxx-600-cherry-cantaloupe.webp\" \/>\n\t<meta property=\"og:image:width\" content=\"1000\" \/>\n\t<meta property=\"og:image:height\" content=\"1000\" \/>\n\t<meta property=\"og:image:type\" content=\"image\/webp\" \/>\n<meta name=\"twitter:card\" content=\"summary_large_image\" \/>\n<meta name=\"twitter:label1\" content=\"Tiempo de lectura\" \/>\n\t<meta name=\"twitter:data1\" content=\"3 minutos\" \/>\n<script type=\"application\/ld+json\" class=\"yoast-schema-graph\">{\"@context\":\"https:\/\/schema.org\",\"@graph\":[{\"@type\":\"WebPage\",\"@id\":\"https:\/\/gracebarvape.com\/es\/aivono-aim-mini-boxx-600\/\",\"url\":\"https:\/\/gracebarvape.com\/es\/aivono-aim-mini-boxx-600\/\",\"name\":\"Aavoo am mini boxx 600 - GraceBar\",\"isPartOf\":{\"@id\":\"https:\/\/blanchedalmond-wren-221816.hostingersite.com\/#website\"},\"primaryImageOfPage\":{\"@id\":\"https:\/\/gracebarvape.com\/es\/aivono-aim-mini-boxx-600\/#primaryimage\"},\"image\":{\"@id\":\"https:\/\/gracebarvape.com\/es\/aivono-aim-mini-boxx-600\/#primaryimage\"},\"thumbnailUrl\":\"https:\/\/gracebarvape.com\/wp-content\/uploads\/2024\/09\/aivono-aim-mini-boxx-600-cherry-cantaloupe.webp\",\"datePublished\":\"2024-12-08T07:06:56+00:00\",\"dateModified\":\"2025-04-25T01:55:42+00:00\",\"breadcrumb\":{\"@id\":\"https:\/\/gracebarvape.com\/es\/aivono-aim-mini-boxx-600\/#breadcrumb\"},\"inLanguage\":\"es\",\"potentialAction\":[{\"@type\":\"ReadAction\",\"target\":[\"https:\/\/gracebarvape.com\/es\/aivono-aim-mini-boxx-600\/\"]}]},{\"@type\":\"ImageObject\",\"inLanguage\":\"es\",\"@id\":\"https:\/\/gracebarvape.com\/es\/aivono-aim-mini-boxx-600\/#primaryimage\",\"url\":\"https:\/\/gracebarvape.com\/wp-content\/uploads\/2024\/09\/aivono-aim-mini-boxx-600-cherry-cantaloupe.webp\",\"contentUrl\":\"https:\/\/gracebarvape.com\/wp-content\/uploads\/2024\/09\/aivono-aim-mini-boxx-600-cherry-cantaloupe.webp\",\"width\":1000,\"height\":1000,\"caption\":\"Aivono Aim Mini Boxx 600 Cherry Cantaloupe\"},{\"@type\":\"BreadcrumbList\",\"@id\":\"https:\/\/gracebarvape.com\/es\/aivono-aim-mini-boxx-600\/#breadcrumb\",\"itemListElement\":[{\"@type\":\"ListItem\",\"position\":1,\"name\":\"Home\",\"item\":\"https:\/\/gracebarvape.com\/es\/\"},{\"@type\":\"ListItem\",\"position\":2,\"name\":\"Term\u00e9kek\",\"item\":\"https:\/\/gracebarvape.com\/en\/products\/\"},{\"@type\":\"ListItem\",\"position\":3,\"name\":\"Aavoo am mini boxx 600\"}]},{\"@type\":\"WebSite\",\"@id\":\"https:\/\/blanchedalmond-wren-221816.hostingersite.com\/#website\",\"url\":\"https:\/\/blanchedalmond-wren-221816.hostingersite.com\/\",\"name\":\"GraceBar\",\"description\":\"\",\"publisher\":{\"@id\":\"https:\/\/blanchedalmond-wren-221816.hostingersite.com\/#organization\"},\"potentialAction\":[{\"@type\":\"SearchAction\",\"target\":{\"@type\":\"EntryPoint\",\"urlTemplate\":\"https:\/\/blanchedalmond-wren-221816.hostingersite.com\/?s={search_term_string}\"},\"query-input\":{\"@type\":\"PropertyValueSpecification\",\"valueRequired\":true,\"valueName\":\"search_term_string\"}}],\"inLanguage\":\"es\"},{\"@type\":\"Organization\",\"@id\":\"https:\/\/blanchedalmond-wren-221816.hostingersite.com\/#organization\",\"name\":\"GraceBar\",\"url\":\"https:\/\/blanchedalmond-wren-221816.hostingersite.com\/\",\"logo\":{\"@type\":\"ImageObject\",\"inLanguage\":\"es\",\"@id\":\"https:\/\/blanchedalmond-wren-221816.hostingersite.com\/#\/schema\/logo\/image\/\",\"url\":\"https:\/\/gracebarvape.com\/wp-content\/uploads\/2024\/08\/cropped-Logo-GB-removebg.png\",\"contentUrl\":\"https:\/\/gracebarvape.com\/wp-content\/uploads\/2024\/08\/cropped-Logo-GB-removebg.png\",\"width\":500,\"height\":167,\"caption\":\"GraceBar\"},\"image\":{\"@id\":\"https:\/\/blanchedalmond-wren-221816.hostingersite.com\/#\/schema\/logo\/image\/\"}}]}<\/script>\n<!-- \/ Yoast SEO plugin. -->","yoast_head_json":{"title":"Aavoo am mini boxx 600 - GraceBar","robots":{"index":"index","follow":"follow","max-snippet":"max-snippet:-1","max-image-preview":"max-image-preview:large","max-video-preview":"max-video-preview:-1"},"canonical":"https:\/\/gracebarvape.com\/es\/aivono-aim-mini-boxx-600\/","og_locale":"es_ES","og_type":"article","og_title":"Aavoo am mini boxx 600 - GraceBar","og_description":"1. Compacto y sabroso: el Aivono Aim Mini Boxx 600 est\u00e1 aqu\u00ed Prep\u00e1rese para una experiencia de vapeo f\u00e1cil y port\u00e1til con el Aivono Aim Mini Boxx 600. Ofreciendo hasta 600 bocanadas y una bater\u00eda de 400 mAh, es la opci\u00f3n perfecta","og_url":"https:\/\/gracebarvape.com\/es\/aivono-aim-mini-boxx-600\/","og_site_name":"GraceBar","article_modified_time":"2025-04-25T01:55:42+00:00","og_image":[{"width":1000,"height":1000,"url":"https:\/\/gracebarvape.com\/wp-content\/uploads\/2024\/09\/aivono-aim-mini-boxx-600-cherry-cantaloupe.webp","type":"image\/webp"}],"twitter_card":"summary_large_image","twitter_misc":{"Tiempo de lectura":"3 minutos"},"schema":{"@context":"https:\/\/schema.org","@graph":[{"@type":"WebPage","@id":"https:\/\/gracebarvape.com\/es\/aivono-aim-mini-boxx-600\/","url":"https:\/\/gracebarvape.com\/es\/aivono-aim-mini-boxx-600\/","name":"Aavoo am mini boxx 600 - GraceBar","isPartOf":{"@id":"https:\/\/blanchedalmond-wren-221816.hostingersite.com\/#website"},"primaryImageOfPage":{"@id":"https:\/\/gracebarvape.com\/es\/aivono-aim-mini-boxx-600\/#primaryimage"},"image":{"@id":"https:\/\/gracebarvape.com\/es\/aivono-aim-mini-boxx-600\/#primaryimage"},"thumbnailUrl":"https:\/\/gracebarvape.com\/wp-content\/uploads\/2024\/09\/aivono-aim-mini-boxx-600-cherry-cantaloupe.webp","datePublished":"2024-12-08T07:06:56+00:00","dateModified":"2025-04-25T01:55:42+00:00","breadcrumb":{"@id":"https:\/\/gracebarvape.com\/es\/aivono-aim-mini-boxx-600\/#breadcrumb"},"inLanguage":"es","potentialAction":[{"@type":"ReadAction","target":["https:\/\/gracebarvape.com\/es\/aivono-aim-mini-boxx-600\/"]}]},{"@type":"ImageObject","inLanguage":"es","@id":"https:\/\/gracebarvape.com\/es\/aivono-aim-mini-boxx-600\/#primaryimage","url":"https:\/\/gracebarvape.com\/wp-content\/uploads\/2024\/09\/aivono-aim-mini-boxx-600-cherry-cantaloupe.webp","contentUrl":"https:\/\/gracebarvape.com\/wp-content\/uploads\/2024\/09\/aivono-aim-mini-boxx-600-cherry-cantaloupe.webp","width":1000,"height":1000,"caption":"Aivono Aim Mini Boxx 600 Cherry Cantaloupe"},{"@type":"BreadcrumbList","@id":"https:\/\/gracebarvape.com\/es\/aivono-aim-mini-boxx-600\/#breadcrumb","itemListElement":[{"@type":"ListItem","position":1,"name":"Home","item":"https:\/\/gracebarvape.com\/es\/"},{"@type":"ListItem","position":2,"name":"Term\u00e9kek","item":"https:\/\/gracebarvape.com\/en\/products\/"},{"@type":"ListItem","position":3,"name":"Aavoo am mini boxx 600"}]},{"@type":"WebSite","@id":"https:\/\/blanchedalmond-wren-221816.hostingersite.com\/#website","url":"https:\/\/blanchedalmond-wren-221816.hostingersite.com\/","name":"GraceBar","description":"","publisher":{"@id":"https:\/\/blanchedalmond-wren-221816.hostingersite.com\/#organization"},"potentialAction":[{"@type":"SearchAction","target":{"@type":"EntryPoint","urlTemplate":"https:\/\/blanchedalmond-wren-221816.hostingersite.com\/?s={search_term_string}"},"query-input":{"@type":"PropertyValueSpecification","valueRequired":true,"valueName":"search_term_string"}}],"inLanguage":"es"},{"@type":"Organization","@id":"https:\/\/blanchedalmond-wren-221816.hostingersite.com\/#organization","name":"GraceBar","url":"https:\/\/blanchedalmond-wren-221816.hostingersite.com\/","logo":{"@type":"ImageObject","inLanguage":"es","@id":"https:\/\/blanchedalmond-wren-221816.hostingersite.com\/#\/schema\/logo\/image\/","url":"https:\/\/gracebarvape.com\/wp-content\/uploads\/2024\/08\/cropped-Logo-GB-removebg.png","contentUrl":"https:\/\/gracebarvape.com\/wp-content\/uploads\/2024\/08\/cropped-Logo-GB-removebg.png","width":500,"height":167,"caption":"GraceBar"},"image":{"@id":"https:\/\/blanchedalmond-wren-221816.hostingersite.com\/#\/schema\/logo\/image\/"}}]}},"_links":{"self":[{"href":"https:\/\/gracebarvape.com\/es\/wp-json\/wp\/v2\/product\/1012105012","targetHints":{"allow":["GET"]}}],"collection":[{"href":"https:\/\/gracebarvape.com\/es\/wp-json\/wp\/v2\/product"}],"about":[{"href":"https:\/\/gracebarvape.com\/es\/wp-json\/wp\/v2\/types\/product"}],"version-history":[{"count":0,"href":"https:\/\/gracebarvape.com\/es\/wp-json\/wp\/v2\/product\/1012105012\/revisions"}],"wp:featuredmedia":[{"embeddable":true,"href":"https:\/\/gracebarvape.com\/es\/wp-json\/wp\/v2\/media\/1110185927"}],"wp:attachment":[{"href":"https:\/\/gracebarvape.com\/es\/wp-json\/wp\/v2\/media?parent=1012105012"}],"wp:term":[{"taxonomy":"product_brand","embeddable":true,"href":"https:\/\/gracebarvape.com\/es\/wp-json\/wp\/v2\/product_brand?post=1012105012"},{"taxonomy":"product_cat","embeddable":true,"href":"https:\/\/gracebarvape.com\/es\/wp-json\/wp\/v2\/product_cat?post=1012105012"},{"taxonomy":"product_tag","embeddable":true,"href":"https:\/\/gracebarvape.com\/es\/wp-json\/wp\/v2\/product_tag?post=1012105012"}],"curies":[{"name":"wp","href":"https:\/\/api.w.org\/{rel}","templated":true}]}}