{"id":1012105015,"date":"2024-12-08T15:06:59","date_gmt":"2024-12-08T07:06:59","guid":{"rendered":"https:\/\/gracebarvape.com\/aivono-bang-maxi-15000\/"},"modified":"2025-04-25T09:55:43","modified_gmt":"2025-04-25T01:55:43","slug":"aivono-bang-maxi-15000","status":"publish","type":"product","link":"https:\/\/gracebarvape.com\/es\/aivono-bang-maxi-15000\/","title":{"rendered":"Aivono bang maxi 15000"},"content":{"rendered":"<p>1. Aivono Bang Maxi 15000 - \u00c2\u00a1Vape m\u00c3\u00a1s con 15,000 bocanadas!<\/p>\n<p>El Aivono Bang Maxi 15000 es el mejor vapor desechable para aquellos que desean una satisfacci\u00c3\u00b3n duradera con hasta 15,000 bocanadas.Con una bater\u00c3\u00ada recargable de 650 mAh, 23 ml de e-l\u00c3\u00adquido y bobina de malla de 1.2ohm, este dispositivo garantiza una experiencia de vapeo suave con cada sorteo.Elija entre 0%, 2%, 3%o 5\u00de nicotina para adaptarse a sus preferencias.<\/p>\n<p>\u00c2\u00bfNecesita un vape que dure m\u00c3\u00a1s?El Aivono Bang Maxi 15000 est\u00c3\u00a1 dise\u00c3\u00b1ado para sobrevivir a otros desechables en el mercado.<\/p>\n<p>\u00c2\u00a1Ordene su suministro a granel hoy y satisfaga a sus clientes un vape que contin\u00c3\u00bae!<\/p>\n<p>2. Pedido masivo para Aivono Bang Maxi 15000 - Obtener precios de f\u00c3\u00a1brica<\/p>\n<p>Cuando elige Aivono Bang Maxi 15000 para su tienda, no solo obtiene un excelente producto;Lo est\u00c3\u00a1 obteniendo a precios mayoristas directamente del fabricante.Disponible para pedidos personalizados y se ofrece con muestras gratuitas para que pueda experimentar la calidad de primera mano.Ya sea que est\u00c3\u00a9 buscando art\u00c3\u00adculos en el existente o una soluci\u00c3\u00b3n personalizada, Aivono lo tiene cubierto.<\/p>\n<p>\u00c2\u00bfBusca fabricantes confiables a precios asequibles?Ofrecemos precios a granel competitivos para mantener sus estantes abastecidos con productos premium.<\/p>\n<p>\u00c2\u00a1Cont\u00c3\u00a1ctenos para obtener una cotizaci\u00c3\u00b3n personalizada y explore las opciones a granel con el Aivono Bang Maxi 15000 hoy!<\/p>\n<p>3. Avlizos de Aivono Bang Maxi 15000<\/p>\n<p>El Aivono Bang Maxi 15000 viene en 10 sabores en negrita, cada uno dise\u00c3\u00b1ado para ofrecer una experiencia de vapeo \u00c3\u00banica y sabrosa.Desde el sabor jugoso de la uva real hasta el refrescante golpe del hielo de sand\u00c3\u00ada, hay un sabor para todos.Ya sea que anhele una mezcla afrutada, helada o ex\u00c3\u00b3tica, estos sabores seguramente impresionar\u00c3\u00a1n.<\/p>\n<p>Los sabores incluyen:<\/p>\n<p>Razz azul<br \/>\nUva real<br \/>\nBaya de durazno<br \/>\nBeso de pasi\u00c3\u00b3n<br \/>\nHielo de sand\u00c3\u00ada<br \/>\nTriple baya<br \/>\nHielo de durazno<br \/>\nSand\u00c3\u00ada de fresa<br \/>\nAmor 66<br \/>\nSexo en la playa<\/p>\n<p>\u00c2\u00bfQuieres ofrecer m\u00c3\u00a1s que solo los sabores habituales?La variedad de Aivono Bang Maxi 15000 asegura que haya algo para cada paladar.<\/p>\n<p>Abastecerse en el Aivono Bang Maxi 15000 y presentar a sus clientes nuevos sabores emocionantes.<\/p>\n<p>4. Recargable y confiable - Aivono Bang Maxi 15000<\/p>\n<p>Equipado con una bater\u00c3\u00ada recargable de 650 mAh y una carga tipo C, el Aivono Bang Maxi 15000 permite a los usuarios disfrutar de su vape por per\u00c3\u00adodos m\u00c3\u00a1s largos.Combinado con una bobina de malla de 1.2ohm, este dispositivo proporciona una producci\u00c3\u00b3n de vapor mejorada y una retenci\u00c3\u00b3n de sabor superior durante todo el uso de su E-Liquid de 23 ml.<\/p>\n<p>\u00c2\u00bfFrustrado con los vapos desechables que no duran?El Aivono Bang Maxi 15000 est\u00c3\u00a1 construido para vapeo de larga duraci\u00c3\u00b3n y alto rendimiento.<\/p>\n<p>Agregue el Aivono Bang Maxi 15000 a su tienda y ofrezca a sus clientes un vape confiable y duradero.<\/p>\n<p>5. Fortalezas de nicotina para que coincidan con cada necesidad de vapeo<\/p>\n<p>Ya sea que los usuarios prefieran una experiencia de 0% de nicotina o el golpe m\u00c3\u00a1s fuerte de 5% de nicotina, el Aivono Bang Maxi 15000 est\u00c3\u00a1 disponible en m\u00c3\u00baltiples fortalezas de nicotina para acomodar cada estilo de vapeo.Esto lo convierte en la soluci\u00c3\u00b3n perfecta para los usuarios de todas las preferencias, desde principiantes hasta vapers experimentados.<\/p>\n<p>\u00c2\u00bfOpciones de nicotina limitadas que hacen que sea dif\u00c3\u00adcil atender a todos los clientes?El Aivono Bang Maxi 15000 ofrece una amplia gama para satisfacer las necesidades de todos.<\/p>\n<p>Ordene Aivono Bang Maxi 15000 a granel con fortalezas de nicotina personalizables y brinde a sus clientes m\u00c3\u00a1s opciones.<\/p>\n<p>El Aivono Bang Maxi 15000 es el complemento perfecto para el inventario de cualquier tienda Vape, que ofrece una experiencia de vapeo premium con hasta 15,000 bocanadas, una bater\u00c3\u00ada recargable y 10 sabores emocionantes.Disponible para pedidos masivos directamente desde la f\u00c3\u00a1brica, este vape proporciona un valor excepcional.No se pierda, \u00c2\u00a1solicite una muestra gratuita y realice su pedido hoy!<\/p>\n","protected":false},"excerpt":{"rendered":"<p>1. Aivono Bang Maxi 15000 - \u00a1Vape m\u00e1s con 15,000 bocanadas!<\/p>\n<p>El Aivono Bang Maxi 15000 es el mejor vapor desechable para aquellos que desean una satisfacci\u00f3n duradera con hasta 15,000 bocanadas.Con una bater\u00eda recargable de 650 mA<\/p>\n","protected":false},"featured_media":1110185939,"template":"","meta":{"_acf_changed":false,"_eb_attr":"","site-sidebar-layout":"default","site-content-layout":"","ast-site-content-layout":"","site-content-style":"default","site-sidebar-style":"default","ast-global-header-display":"","ast-banner-title-visibility":"","ast-main-header-display":"","ast-hfb-above-header-display":"","ast-hfb-below-header-display":"","ast-hfb-mobile-header-display":"","site-post-title":"","ast-breadcrumbs-content":"","ast-featured-img":"","footer-sml-layout":"","theme-transparent-header-meta":"","adv-header-id-meta":"","stick-header-meta":"","header-above-stick-meta":"","header-main-stick-meta":"","header-below-stick-meta":"","astra-migrate-meta-layouts":"default","ast-page-background-enabled":"default","ast-page-background-meta":{"desktop":{"background-color":"","background-image":"","background-repeat":"repeat","background-position":"center center","background-size":"auto","background-attachment":"scroll","background-type":"","background-media":"","overlay-type":"","overlay-color":"","overlay-opacity":"","overlay-gradient":""},"tablet":{"background-color":"","background-image":"","background-repeat":"repeat","background-position":"center center","background-size":"auto","background-attachment":"scroll","background-type":"","background-media":"","overlay-type":"","overlay-color":"","overlay-opacity":"","overlay-gradient":""},"mobile":{"background-color":"","background-image":"","background-repeat":"repeat","background-position":"center center","background-size":"auto","background-attachment":"scroll","background-type":"","background-media":"","overlay-type":"","overlay-color":"","overlay-opacity":"","overlay-gradient":""}},"ast-content-background-meta":{"desktop":{"background-color":"var(--ast-global-color-5)","background-image":"","background-repeat":"repeat","background-position":"center center","background-size":"auto","background-attachment":"scroll","background-type":"","background-media":"","overlay-type":"","overlay-color":"","overlay-opacity":"","overlay-gradient":""},"tablet":{"background-color":"var(--ast-global-color-5)","background-image":"","background-repeat":"repeat","background-position":"center center","background-size":"auto","background-attachment":"scroll","background-type":"","background-media":"","overlay-type":"","overlay-color":"","overlay-opacity":"","overlay-gradient":""},"mobile":{"background-color":"var(--ast-global-color-5)","background-image":"","background-repeat":"repeat","background-position":"center center","background-size":"auto","background-attachment":"scroll","background-type":"","background-media":"","overlay-type":"","overlay-color":"","overlay-opacity":"","overlay-gradient":""}}},"product_brand":[],"product_cat":[166],"product_tag":[],"class_list":{"0":"post-1012105015","1":"product","2":"type-product","3":"status-publish","4":"has-post-thumbnail","6":"product_cat-aivono-vape","7":"desktop-align-left","8":"tablet-align-left","9":"mobile-align-left","11":"first","12":"instock","13":"shipping-taxable","14":"product-type-simple"},"acf":[],"yoast_head":"<!-- This site is optimized with the Yoast SEO plugin v25.0 - https:\/\/yoast.com\/wordpress\/plugins\/seo\/ -->\n<title>Aivono bang maxi 15000 - GraceBar<\/title>\n<meta name=\"robots\" content=\"index, follow, max-snippet:-1, max-image-preview:large, max-video-preview:-1\" \/>\n<link rel=\"canonical\" href=\"https:\/\/gracebarvape.com\/es\/aivono-bang-maxi-15000\/\" \/>\n<meta property=\"og:locale\" content=\"es_ES\" \/>\n<meta property=\"og:type\" content=\"article\" \/>\n<meta property=\"og:title\" content=\"Aivono bang maxi 15000 - GraceBar\" \/>\n<meta property=\"og:description\" content=\"1. Aivono Bang Maxi 15000 - \u00a1Vape m\u00e1s con 15,000 bocanadas! El Aivono Bang Maxi 15000 es el mejor vapor desechable para aquellos que desean una satisfacci\u00f3n duradera con hasta 15,000 bocanadas.Con una bater\u00eda recargable de 650 mA\" \/>\n<meta property=\"og:url\" content=\"https:\/\/gracebarvape.com\/es\/aivono-bang-maxi-15000\/\" \/>\n<meta property=\"og:site_name\" content=\"GraceBar\" \/>\n<meta property=\"article:modified_time\" content=\"2025-04-25T01:55:43+00:00\" \/>\n<meta property=\"og:image\" content=\"https:\/\/gracebarvape.com\/wp-content\/uploads\/2024\/09\/aivono-bang-maxi-15000-main-image-10-flavor.webp\" \/>\n\t<meta property=\"og:image:width\" content=\"810\" \/>\n\t<meta property=\"og:image:height\" content=\"810\" \/>\n\t<meta property=\"og:image:type\" content=\"image\/webp\" \/>\n<meta name=\"twitter:card\" content=\"summary_large_image\" \/>\n<meta name=\"twitter:label1\" content=\"Tiempo de lectura\" \/>\n\t<meta name=\"twitter:data1\" content=\"3 minutos\" \/>\n<script type=\"application\/ld+json\" class=\"yoast-schema-graph\">{\"@context\":\"https:\/\/schema.org\",\"@graph\":[{\"@type\":\"WebPage\",\"@id\":\"https:\/\/gracebarvape.com\/es\/aivono-bang-maxi-15000\/\",\"url\":\"https:\/\/gracebarvape.com\/es\/aivono-bang-maxi-15000\/\",\"name\":\"Aivono bang maxi 15000 - GraceBar\",\"isPartOf\":{\"@id\":\"https:\/\/blanchedalmond-wren-221816.hostingersite.com\/#website\"},\"primaryImageOfPage\":{\"@id\":\"https:\/\/gracebarvape.com\/es\/aivono-bang-maxi-15000\/#primaryimage\"},\"image\":{\"@id\":\"https:\/\/gracebarvape.com\/es\/aivono-bang-maxi-15000\/#primaryimage\"},\"thumbnailUrl\":\"https:\/\/gracebarvape.com\/wp-content\/uploads\/2024\/09\/aivono-bang-maxi-15000-main-image-10-flavor.webp\",\"datePublished\":\"2024-12-08T07:06:59+00:00\",\"dateModified\":\"2025-04-25T01:55:43+00:00\",\"breadcrumb\":{\"@id\":\"https:\/\/gracebarvape.com\/es\/aivono-bang-maxi-15000\/#breadcrumb\"},\"inLanguage\":\"es\",\"potentialAction\":[{\"@type\":\"ReadAction\",\"target\":[\"https:\/\/gracebarvape.com\/es\/aivono-bang-maxi-15000\/\"]}]},{\"@type\":\"ImageObject\",\"inLanguage\":\"es\",\"@id\":\"https:\/\/gracebarvape.com\/es\/aivono-bang-maxi-15000\/#primaryimage\",\"url\":\"https:\/\/gracebarvape.com\/wp-content\/uploads\/2024\/09\/aivono-bang-maxi-15000-main-image-10-flavor.webp\",\"contentUrl\":\"https:\/\/gracebarvape.com\/wp-content\/uploads\/2024\/09\/aivono-bang-maxi-15000-main-image-10-flavor.webp\",\"width\":810,\"height\":810,\"caption\":\"Aivono Bang Maxi 15000 Main Image 10 Flavor\"},{\"@type\":\"BreadcrumbList\",\"@id\":\"https:\/\/gracebarvape.com\/es\/aivono-bang-maxi-15000\/#breadcrumb\",\"itemListElement\":[{\"@type\":\"ListItem\",\"position\":1,\"name\":\"Home\",\"item\":\"https:\/\/gracebarvape.com\/es\/\"},{\"@type\":\"ListItem\",\"position\":2,\"name\":\"Term\u00e9kek\",\"item\":\"https:\/\/gracebarvape.com\/en\/products\/\"},{\"@type\":\"ListItem\",\"position\":3,\"name\":\"Aivono bang maxi 15000\"}]},{\"@type\":\"WebSite\",\"@id\":\"https:\/\/blanchedalmond-wren-221816.hostingersite.com\/#website\",\"url\":\"https:\/\/blanchedalmond-wren-221816.hostingersite.com\/\",\"name\":\"GraceBar\",\"description\":\"\",\"publisher\":{\"@id\":\"https:\/\/blanchedalmond-wren-221816.hostingersite.com\/#organization\"},\"potentialAction\":[{\"@type\":\"SearchAction\",\"target\":{\"@type\":\"EntryPoint\",\"urlTemplate\":\"https:\/\/blanchedalmond-wren-221816.hostingersite.com\/?s={search_term_string}\"},\"query-input\":{\"@type\":\"PropertyValueSpecification\",\"valueRequired\":true,\"valueName\":\"search_term_string\"}}],\"inLanguage\":\"es\"},{\"@type\":\"Organization\",\"@id\":\"https:\/\/blanchedalmond-wren-221816.hostingersite.com\/#organization\",\"name\":\"GraceBar\",\"url\":\"https:\/\/blanchedalmond-wren-221816.hostingersite.com\/\",\"logo\":{\"@type\":\"ImageObject\",\"inLanguage\":\"es\",\"@id\":\"https:\/\/blanchedalmond-wren-221816.hostingersite.com\/#\/schema\/logo\/image\/\",\"url\":\"https:\/\/gracebarvape.com\/wp-content\/uploads\/2024\/08\/cropped-Logo-GB-removebg.png\",\"contentUrl\":\"https:\/\/gracebarvape.com\/wp-content\/uploads\/2024\/08\/cropped-Logo-GB-removebg.png\",\"width\":500,\"height\":167,\"caption\":\"GraceBar\"},\"image\":{\"@id\":\"https:\/\/blanchedalmond-wren-221816.hostingersite.com\/#\/schema\/logo\/image\/\"}}]}<\/script>\n<!-- \/ Yoast SEO plugin. -->","yoast_head_json":{"title":"Aivono bang maxi 15000 - GraceBar","robots":{"index":"index","follow":"follow","max-snippet":"max-snippet:-1","max-image-preview":"max-image-preview:large","max-video-preview":"max-video-preview:-1"},"canonical":"https:\/\/gracebarvape.com\/es\/aivono-bang-maxi-15000\/","og_locale":"es_ES","og_type":"article","og_title":"Aivono bang maxi 15000 - GraceBar","og_description":"1. Aivono Bang Maxi 15000 - \u00a1Vape m\u00e1s con 15,000 bocanadas! El Aivono Bang Maxi 15000 es el mejor vapor desechable para aquellos que desean una satisfacci\u00f3n duradera con hasta 15,000 bocanadas.Con una bater\u00eda recargable de 650 mA","og_url":"https:\/\/gracebarvape.com\/es\/aivono-bang-maxi-15000\/","og_site_name":"GraceBar","article_modified_time":"2025-04-25T01:55:43+00:00","og_image":[{"width":810,"height":810,"url":"https:\/\/gracebarvape.com\/wp-content\/uploads\/2024\/09\/aivono-bang-maxi-15000-main-image-10-flavor.webp","type":"image\/webp"}],"twitter_card":"summary_large_image","twitter_misc":{"Tiempo de lectura":"3 minutos"},"schema":{"@context":"https:\/\/schema.org","@graph":[{"@type":"WebPage","@id":"https:\/\/gracebarvape.com\/es\/aivono-bang-maxi-15000\/","url":"https:\/\/gracebarvape.com\/es\/aivono-bang-maxi-15000\/","name":"Aivono bang maxi 15000 - GraceBar","isPartOf":{"@id":"https:\/\/blanchedalmond-wren-221816.hostingersite.com\/#website"},"primaryImageOfPage":{"@id":"https:\/\/gracebarvape.com\/es\/aivono-bang-maxi-15000\/#primaryimage"},"image":{"@id":"https:\/\/gracebarvape.com\/es\/aivono-bang-maxi-15000\/#primaryimage"},"thumbnailUrl":"https:\/\/gracebarvape.com\/wp-content\/uploads\/2024\/09\/aivono-bang-maxi-15000-main-image-10-flavor.webp","datePublished":"2024-12-08T07:06:59+00:00","dateModified":"2025-04-25T01:55:43+00:00","breadcrumb":{"@id":"https:\/\/gracebarvape.com\/es\/aivono-bang-maxi-15000\/#breadcrumb"},"inLanguage":"es","potentialAction":[{"@type":"ReadAction","target":["https:\/\/gracebarvape.com\/es\/aivono-bang-maxi-15000\/"]}]},{"@type":"ImageObject","inLanguage":"es","@id":"https:\/\/gracebarvape.com\/es\/aivono-bang-maxi-15000\/#primaryimage","url":"https:\/\/gracebarvape.com\/wp-content\/uploads\/2024\/09\/aivono-bang-maxi-15000-main-image-10-flavor.webp","contentUrl":"https:\/\/gracebarvape.com\/wp-content\/uploads\/2024\/09\/aivono-bang-maxi-15000-main-image-10-flavor.webp","width":810,"height":810,"caption":"Aivono Bang Maxi 15000 Main Image 10 Flavor"},{"@type":"BreadcrumbList","@id":"https:\/\/gracebarvape.com\/es\/aivono-bang-maxi-15000\/#breadcrumb","itemListElement":[{"@type":"ListItem","position":1,"name":"Home","item":"https:\/\/gracebarvape.com\/es\/"},{"@type":"ListItem","position":2,"name":"Term\u00e9kek","item":"https:\/\/gracebarvape.com\/en\/products\/"},{"@type":"ListItem","position":3,"name":"Aivono bang maxi 15000"}]},{"@type":"WebSite","@id":"https:\/\/blanchedalmond-wren-221816.hostingersite.com\/#website","url":"https:\/\/blanchedalmond-wren-221816.hostingersite.com\/","name":"GraceBar","description":"","publisher":{"@id":"https:\/\/blanchedalmond-wren-221816.hostingersite.com\/#organization"},"potentialAction":[{"@type":"SearchAction","target":{"@type":"EntryPoint","urlTemplate":"https:\/\/blanchedalmond-wren-221816.hostingersite.com\/?s={search_term_string}"},"query-input":{"@type":"PropertyValueSpecification","valueRequired":true,"valueName":"search_term_string"}}],"inLanguage":"es"},{"@type":"Organization","@id":"https:\/\/blanchedalmond-wren-221816.hostingersite.com\/#organization","name":"GraceBar","url":"https:\/\/blanchedalmond-wren-221816.hostingersite.com\/","logo":{"@type":"ImageObject","inLanguage":"es","@id":"https:\/\/blanchedalmond-wren-221816.hostingersite.com\/#\/schema\/logo\/image\/","url":"https:\/\/gracebarvape.com\/wp-content\/uploads\/2024\/08\/cropped-Logo-GB-removebg.png","contentUrl":"https:\/\/gracebarvape.com\/wp-content\/uploads\/2024\/08\/cropped-Logo-GB-removebg.png","width":500,"height":167,"caption":"GraceBar"},"image":{"@id":"https:\/\/blanchedalmond-wren-221816.hostingersite.com\/#\/schema\/logo\/image\/"}}]}},"_links":{"self":[{"href":"https:\/\/gracebarvape.com\/es\/wp-json\/wp\/v2\/product\/1012105015","targetHints":{"allow":["GET"]}}],"collection":[{"href":"https:\/\/gracebarvape.com\/es\/wp-json\/wp\/v2\/product"}],"about":[{"href":"https:\/\/gracebarvape.com\/es\/wp-json\/wp\/v2\/types\/product"}],"version-history":[{"count":0,"href":"https:\/\/gracebarvape.com\/es\/wp-json\/wp\/v2\/product\/1012105015\/revisions"}],"wp:featuredmedia":[{"embeddable":true,"href":"https:\/\/gracebarvape.com\/es\/wp-json\/wp\/v2\/media\/1110185939"}],"wp:attachment":[{"href":"https:\/\/gracebarvape.com\/es\/wp-json\/wp\/v2\/media?parent=1012105015"}],"wp:term":[{"taxonomy":"product_brand","embeddable":true,"href":"https:\/\/gracebarvape.com\/es\/wp-json\/wp\/v2\/product_brand?post=1012105015"},{"taxonomy":"product_cat","embeddable":true,"href":"https:\/\/gracebarvape.com\/es\/wp-json\/wp\/v2\/product_cat?post=1012105015"},{"taxonomy":"product_tag","embeddable":true,"href":"https:\/\/gracebarvape.com\/es\/wp-json\/wp\/v2\/product_tag?post=1012105015"}],"curies":[{"name":"wp","href":"https:\/\/api.w.org\/{rel}","templated":true}]}}