{"id":1012115101,"date":"2024-12-08T11:02:56","date_gmt":"2024-12-08T03:02:56","guid":{"rendered":"https:\/\/gracebarvape.com\/snowwolf-smart-hd-15k\/"},"modified":"2025-04-25T09:55:44","modified_gmt":"2025-04-25T01:55:44","slug":"snowwolf-smart-hd-15k","status":"publish","type":"product","link":"https:\/\/gracebarvape.com\/es\/snowwolf-smart-hd-15k\/","title":{"rendered":"Snowwolf Smart HD 15K"},"content":{"rendered":"<p>Snowwolf Smart HD 15k tiene hasta 15,000 bocanadas y tiene 20 ml de Liquid de 20 ml previamente.Puede elegir su nivel de nicotina del 0%, 2%, 3%o 5%.Con una bater\u00eda tipo C de 650 mAh, puede recargarse r\u00e1pidamente en solo 20 minutos.<\/p>\n<p>\u00bfEst\u00e1s cansado de las recargas frecuentes? El Snowwolf Smart HD 15k ofrece hasta 15,000 bocanadas.Experimente el disfrute de larga duraci\u00f3n con 20 ml e-liquid de 20 ml precontado.Diga adi\u00f3s a las recargas constantes.Disfrute de una experiencia de vape sin problemas.<\/p>\n<p>Smart HD 15K tiene una bater\u00eda de tipo C recargable de 650 mAh, puede obtener una carga completa en solo 20 minutos.Nunca te preocupes por quedarse sin poder.Vape en cualquier momento, en cualquier lugar.<\/p>\n<p>Hay 20 sabores incre\u00edbles disponibles.Usted o su cliente pueden encontrar su favorito o probar algo nuevo todos los d\u00edas.El Snowwolf Smart HD 15K atiende a todas las preferencias de sabor.<\/p>\n<p>\u00bfNecesita niveles de nicotina personalizables? Seleccione su fuerza de nicotina preferida: 0%, 2%, 3%o 5%.Disfruta de una experiencia de vapeo a medida.Perfecto para cualquier preferencia de nicotina.<\/p>\n<p>El Snowwolf Smart HD 15K viene con una pantalla inteligente.Monitoree sus bocanadas, duraci\u00f3n de la bater\u00eda y configuraciones.Mantente informado y en control.<\/p>\n<p>Aqu\u00ed est\u00e1n nuestros comentarios comerciales:<\/p>\n<p>\"A nuestros clientes les encanta la variedad de sabores y la bater\u00eda duradera. El Snowwolf Smart HD 15k ha aumentado nuestras ventas\".- Propietario de Vape Shop<br \/>\n\"Este producto cambia el juego. La carga r\u00e1pida y la pantalla inteligente lo convierten en una opci\u00f3n principal para nuestro inventario\".- Distribuidor<\/p>\n<p>Escenario espec\u00edfico:<\/p>\n<p>Imag\u00ednese organizar una fiesta con amigos.Todos disfrutan de la variedad de sabores y el alto recuento de puff.No es necesario preocuparse por quedarse sin bater\u00eda o e-l\u00edquido.El Snowwolf Smart HD 15K hace que su evento sea un \u00e9xito.<\/p>\n","protected":false},"excerpt":{"rendered":"<p>Snowwolf Smart HD 15k tiene hasta 15,000 bocanadas y tiene 20 ml de Liquid de 20 ml previamente.Puede elegir su nivel de nicotina del 0%, 2%, 3%o 5%.Con una bater\u00eda tipo C de 650 mAh, puede recargarse r\u00e1pidamente en solo 20 minutos.<\/p>\n<p>\u00bfEst<\/p>\n","protected":false},"featured_media":1110185943,"template":"","meta":{"_acf_changed":false,"_eb_attr":"","site-sidebar-layout":"default","site-content-layout":"","ast-site-content-layout":"","site-content-style":"default","site-sidebar-style":"default","ast-global-header-display":"","ast-banner-title-visibility":"","ast-main-header-display":"","ast-hfb-above-header-display":"","ast-hfb-below-header-display":"","ast-hfb-mobile-header-display":"","site-post-title":"","ast-breadcrumbs-content":"","ast-featured-img":"","footer-sml-layout":"","theme-transparent-header-meta":"","adv-header-id-meta":"","stick-header-meta":"","header-above-stick-meta":"","header-main-stick-meta":"","header-below-stick-meta":"","astra-migrate-meta-layouts":"default","ast-page-background-enabled":"default","ast-page-background-meta":{"desktop":{"background-color":"","background-image":"","background-repeat":"repeat","background-position":"center center","background-size":"auto","background-attachment":"scroll","background-type":"","background-media":"","overlay-type":"","overlay-color":"","overlay-opacity":"","overlay-gradient":""},"tablet":{"background-color":"","background-image":"","background-repeat":"repeat","background-position":"center center","background-size":"auto","background-attachment":"scroll","background-type":"","background-media":"","overlay-type":"","overlay-color":"","overlay-opacity":"","overlay-gradient":""},"mobile":{"background-color":"","background-image":"","background-repeat":"repeat","background-position":"center center","background-size":"auto","background-attachment":"scroll","background-type":"","background-media":"","overlay-type":"","overlay-color":"","overlay-opacity":"","overlay-gradient":""}},"ast-content-background-meta":{"desktop":{"background-color":"var(--ast-global-color-5)","background-image":"","background-repeat":"repeat","background-position":"center center","background-size":"auto","background-attachment":"scroll","background-type":"","background-media":"","overlay-type":"","overlay-color":"","overlay-opacity":"","overlay-gradient":""},"tablet":{"background-color":"var(--ast-global-color-5)","background-image":"","background-repeat":"repeat","background-position":"center center","background-size":"auto","background-attachment":"scroll","background-type":"","background-media":"","overlay-type":"","overlay-color":"","overlay-opacity":"","overlay-gradient":""},"mobile":{"background-color":"var(--ast-global-color-5)","background-image":"","background-repeat":"repeat","background-position":"center center","background-size":"auto","background-attachment":"scroll","background-type":"","background-media":"","overlay-type":"","overlay-color":"","overlay-opacity":"","overlay-gradient":""}}},"product_brand":[],"product_cat":[174],"product_tag":[],"class_list":{"0":"post-1012115101","1":"product","2":"type-product","3":"status-publish","4":"has-post-thumbnail","6":"product_cat-snowwolf-vape","7":"desktop-align-left","8":"tablet-align-left","9":"mobile-align-left","11":"first","12":"instock","13":"shipping-taxable","14":"product-type-simple"},"acf":[],"yoast_head":"<!-- This site is optimized with the Yoast SEO plugin v25.0 - https:\/\/yoast.com\/wordpress\/plugins\/seo\/ -->\n<title>Snowwolf Smart HD 15K - GraceBar<\/title>\n<meta name=\"robots\" content=\"index, follow, max-snippet:-1, max-image-preview:large, max-video-preview:-1\" \/>\n<link rel=\"canonical\" href=\"https:\/\/gracebarvape.com\/es\/snowwolf-smart-hd-15k\/\" \/>\n<meta property=\"og:locale\" content=\"es_ES\" \/>\n<meta property=\"og:type\" content=\"article\" \/>\n<meta property=\"og:title\" content=\"Snowwolf Smart HD 15K - GraceBar\" \/>\n<meta property=\"og:description\" content=\"Snowwolf Smart HD 15k tiene hasta 15,000 bocanadas y tiene 20 ml de Liquid de 20 ml previamente.Puede elegir su nivel de nicotina del 0%, 2%, 3%o 5%.Con una bater\u00eda tipo C de 650 mAh, puede recargarse r\u00e1pidamente en solo 20 minutos. \u00bfEst\" \/>\n<meta property=\"og:url\" content=\"https:\/\/gracebarvape.com\/es\/snowwolf-smart-hd-15k\/\" \/>\n<meta property=\"og:site_name\" content=\"GraceBar\" \/>\n<meta property=\"article:modified_time\" content=\"2025-04-25T01:55:44+00:00\" \/>\n<meta property=\"og:image\" content=\"https:\/\/gracebarvape.com\/wp-content\/uploads\/2024\/09\/snowwolf-smart-hd-15k-best-vape-price.webp\" \/>\n\t<meta property=\"og:image:width\" content=\"1060\" \/>\n\t<meta property=\"og:image:height\" content=\"654\" \/>\n\t<meta property=\"og:image:type\" content=\"image\/webp\" \/>\n<meta name=\"twitter:card\" content=\"summary_large_image\" \/>\n<meta name=\"twitter:label1\" content=\"Tiempo de lectura\" \/>\n\t<meta name=\"twitter:data1\" content=\"2 minutos\" \/>\n<script type=\"application\/ld+json\" class=\"yoast-schema-graph\">{\"@context\":\"https:\/\/schema.org\",\"@graph\":[{\"@type\":\"WebPage\",\"@id\":\"https:\/\/gracebarvape.com\/es\/snowwolf-smart-hd-15k\/\",\"url\":\"https:\/\/gracebarvape.com\/es\/snowwolf-smart-hd-15k\/\",\"name\":\"Snowwolf Smart HD 15K - GraceBar\",\"isPartOf\":{\"@id\":\"https:\/\/blanchedalmond-wren-221816.hostingersite.com\/#website\"},\"primaryImageOfPage\":{\"@id\":\"https:\/\/gracebarvape.com\/es\/snowwolf-smart-hd-15k\/#primaryimage\"},\"image\":{\"@id\":\"https:\/\/gracebarvape.com\/es\/snowwolf-smart-hd-15k\/#primaryimage\"},\"thumbnailUrl\":\"https:\/\/gracebarvape.com\/wp-content\/uploads\/2024\/09\/snowwolf-smart-hd-15k-best-vape-price.webp\",\"datePublished\":\"2024-12-08T03:02:56+00:00\",\"dateModified\":\"2025-04-25T01:55:44+00:00\",\"breadcrumb\":{\"@id\":\"https:\/\/gracebarvape.com\/es\/snowwolf-smart-hd-15k\/#breadcrumb\"},\"inLanguage\":\"es\",\"potentialAction\":[{\"@type\":\"ReadAction\",\"target\":[\"https:\/\/gracebarvape.com\/es\/snowwolf-smart-hd-15k\/\"]}]},{\"@type\":\"ImageObject\",\"inLanguage\":\"es\",\"@id\":\"https:\/\/gracebarvape.com\/es\/snowwolf-smart-hd-15k\/#primaryimage\",\"url\":\"https:\/\/gracebarvape.com\/wp-content\/uploads\/2024\/09\/snowwolf-smart-hd-15k-best-vape-price.webp\",\"contentUrl\":\"https:\/\/gracebarvape.com\/wp-content\/uploads\/2024\/09\/snowwolf-smart-hd-15k-best-vape-price.webp\",\"width\":1060,\"height\":654,\"caption\":\"Snowwolf Smart Hd 15K Best Vape Price\"},{\"@type\":\"BreadcrumbList\",\"@id\":\"https:\/\/gracebarvape.com\/es\/snowwolf-smart-hd-15k\/#breadcrumb\",\"itemListElement\":[{\"@type\":\"ListItem\",\"position\":1,\"name\":\"Home\",\"item\":\"https:\/\/gracebarvape.com\/es\/\"},{\"@type\":\"ListItem\",\"position\":2,\"name\":\"Term\u00e9kek\",\"item\":\"https:\/\/gracebarvape.com\/en\/products\/\"},{\"@type\":\"ListItem\",\"position\":3,\"name\":\"Snowwolf Smart HD 15K\"}]},{\"@type\":\"WebSite\",\"@id\":\"https:\/\/blanchedalmond-wren-221816.hostingersite.com\/#website\",\"url\":\"https:\/\/blanchedalmond-wren-221816.hostingersite.com\/\",\"name\":\"GraceBar\",\"description\":\"\",\"publisher\":{\"@id\":\"https:\/\/blanchedalmond-wren-221816.hostingersite.com\/#organization\"},\"potentialAction\":[{\"@type\":\"SearchAction\",\"target\":{\"@type\":\"EntryPoint\",\"urlTemplate\":\"https:\/\/blanchedalmond-wren-221816.hostingersite.com\/?s={search_term_string}\"},\"query-input\":{\"@type\":\"PropertyValueSpecification\",\"valueRequired\":true,\"valueName\":\"search_term_string\"}}],\"inLanguage\":\"es\"},{\"@type\":\"Organization\",\"@id\":\"https:\/\/blanchedalmond-wren-221816.hostingersite.com\/#organization\",\"name\":\"GraceBar\",\"url\":\"https:\/\/blanchedalmond-wren-221816.hostingersite.com\/\",\"logo\":{\"@type\":\"ImageObject\",\"inLanguage\":\"es\",\"@id\":\"https:\/\/blanchedalmond-wren-221816.hostingersite.com\/#\/schema\/logo\/image\/\",\"url\":\"https:\/\/gracebarvape.com\/wp-content\/uploads\/2024\/08\/cropped-Logo-GB-removebg.png\",\"contentUrl\":\"https:\/\/gracebarvape.com\/wp-content\/uploads\/2024\/08\/cropped-Logo-GB-removebg.png\",\"width\":500,\"height\":167,\"caption\":\"GraceBar\"},\"image\":{\"@id\":\"https:\/\/blanchedalmond-wren-221816.hostingersite.com\/#\/schema\/logo\/image\/\"}}]}<\/script>\n<!-- \/ Yoast SEO plugin. -->","yoast_head_json":{"title":"Snowwolf Smart HD 15K - GraceBar","robots":{"index":"index","follow":"follow","max-snippet":"max-snippet:-1","max-image-preview":"max-image-preview:large","max-video-preview":"max-video-preview:-1"},"canonical":"https:\/\/gracebarvape.com\/es\/snowwolf-smart-hd-15k\/","og_locale":"es_ES","og_type":"article","og_title":"Snowwolf Smart HD 15K - GraceBar","og_description":"Snowwolf Smart HD 15k tiene hasta 15,000 bocanadas y tiene 20 ml de Liquid de 20 ml previamente.Puede elegir su nivel de nicotina del 0%, 2%, 3%o 5%.Con una bater\u00eda tipo C de 650 mAh, puede recargarse r\u00e1pidamente en solo 20 minutos. \u00bfEst","og_url":"https:\/\/gracebarvape.com\/es\/snowwolf-smart-hd-15k\/","og_site_name":"GraceBar","article_modified_time":"2025-04-25T01:55:44+00:00","og_image":[{"width":1060,"height":654,"url":"https:\/\/gracebarvape.com\/wp-content\/uploads\/2024\/09\/snowwolf-smart-hd-15k-best-vape-price.webp","type":"image\/webp"}],"twitter_card":"summary_large_image","twitter_misc":{"Tiempo de lectura":"2 minutos"},"schema":{"@context":"https:\/\/schema.org","@graph":[{"@type":"WebPage","@id":"https:\/\/gracebarvape.com\/es\/snowwolf-smart-hd-15k\/","url":"https:\/\/gracebarvape.com\/es\/snowwolf-smart-hd-15k\/","name":"Snowwolf Smart HD 15K - GraceBar","isPartOf":{"@id":"https:\/\/blanchedalmond-wren-221816.hostingersite.com\/#website"},"primaryImageOfPage":{"@id":"https:\/\/gracebarvape.com\/es\/snowwolf-smart-hd-15k\/#primaryimage"},"image":{"@id":"https:\/\/gracebarvape.com\/es\/snowwolf-smart-hd-15k\/#primaryimage"},"thumbnailUrl":"https:\/\/gracebarvape.com\/wp-content\/uploads\/2024\/09\/snowwolf-smart-hd-15k-best-vape-price.webp","datePublished":"2024-12-08T03:02:56+00:00","dateModified":"2025-04-25T01:55:44+00:00","breadcrumb":{"@id":"https:\/\/gracebarvape.com\/es\/snowwolf-smart-hd-15k\/#breadcrumb"},"inLanguage":"es","potentialAction":[{"@type":"ReadAction","target":["https:\/\/gracebarvape.com\/es\/snowwolf-smart-hd-15k\/"]}]},{"@type":"ImageObject","inLanguage":"es","@id":"https:\/\/gracebarvape.com\/es\/snowwolf-smart-hd-15k\/#primaryimage","url":"https:\/\/gracebarvape.com\/wp-content\/uploads\/2024\/09\/snowwolf-smart-hd-15k-best-vape-price.webp","contentUrl":"https:\/\/gracebarvape.com\/wp-content\/uploads\/2024\/09\/snowwolf-smart-hd-15k-best-vape-price.webp","width":1060,"height":654,"caption":"Snowwolf Smart Hd 15K Best Vape Price"},{"@type":"BreadcrumbList","@id":"https:\/\/gracebarvape.com\/es\/snowwolf-smart-hd-15k\/#breadcrumb","itemListElement":[{"@type":"ListItem","position":1,"name":"Home","item":"https:\/\/gracebarvape.com\/es\/"},{"@type":"ListItem","position":2,"name":"Term\u00e9kek","item":"https:\/\/gracebarvape.com\/en\/products\/"},{"@type":"ListItem","position":3,"name":"Snowwolf Smart HD 15K"}]},{"@type":"WebSite","@id":"https:\/\/blanchedalmond-wren-221816.hostingersite.com\/#website","url":"https:\/\/blanchedalmond-wren-221816.hostingersite.com\/","name":"GraceBar","description":"","publisher":{"@id":"https:\/\/blanchedalmond-wren-221816.hostingersite.com\/#organization"},"potentialAction":[{"@type":"SearchAction","target":{"@type":"EntryPoint","urlTemplate":"https:\/\/blanchedalmond-wren-221816.hostingersite.com\/?s={search_term_string}"},"query-input":{"@type":"PropertyValueSpecification","valueRequired":true,"valueName":"search_term_string"}}],"inLanguage":"es"},{"@type":"Organization","@id":"https:\/\/blanchedalmond-wren-221816.hostingersite.com\/#organization","name":"GraceBar","url":"https:\/\/blanchedalmond-wren-221816.hostingersite.com\/","logo":{"@type":"ImageObject","inLanguage":"es","@id":"https:\/\/blanchedalmond-wren-221816.hostingersite.com\/#\/schema\/logo\/image\/","url":"https:\/\/gracebarvape.com\/wp-content\/uploads\/2024\/08\/cropped-Logo-GB-removebg.png","contentUrl":"https:\/\/gracebarvape.com\/wp-content\/uploads\/2024\/08\/cropped-Logo-GB-removebg.png","width":500,"height":167,"caption":"GraceBar"},"image":{"@id":"https:\/\/blanchedalmond-wren-221816.hostingersite.com\/#\/schema\/logo\/image\/"}}]}},"_links":{"self":[{"href":"https:\/\/gracebarvape.com\/es\/wp-json\/wp\/v2\/product\/1012115101","targetHints":{"allow":["GET"]}}],"collection":[{"href":"https:\/\/gracebarvape.com\/es\/wp-json\/wp\/v2\/product"}],"about":[{"href":"https:\/\/gracebarvape.com\/es\/wp-json\/wp\/v2\/types\/product"}],"version-history":[{"count":0,"href":"https:\/\/gracebarvape.com\/es\/wp-json\/wp\/v2\/product\/1012115101\/revisions"}],"wp:featuredmedia":[{"embeddable":true,"href":"https:\/\/gracebarvape.com\/es\/wp-json\/wp\/v2\/media\/1110185943"}],"wp:attachment":[{"href":"https:\/\/gracebarvape.com\/es\/wp-json\/wp\/v2\/media?parent=1012115101"}],"wp:term":[{"taxonomy":"product_brand","embeddable":true,"href":"https:\/\/gracebarvape.com\/es\/wp-json\/wp\/v2\/product_brand?post=1012115101"},{"taxonomy":"product_cat","embeddable":true,"href":"https:\/\/gracebarvape.com\/es\/wp-json\/wp\/v2\/product_cat?post=1012115101"},{"taxonomy":"product_tag","embeddable":true,"href":"https:\/\/gracebarvape.com\/es\/wp-json\/wp\/v2\/product_tag?post=1012115101"}],"curies":[{"name":"wp","href":"https:\/\/api.w.org\/{rel}","templated":true}]}}