{"id":1012125202,"date":"2024-12-08T15:09:54","date_gmt":"2024-12-08T07:09:54","guid":{"rendered":"https:\/\/gracebarvape.com\/poco-sl-15000\/"},"modified":"2025-04-25T09:55:49","modified_gmt":"2025-04-25T01:55:49","slug":"poco-sl-15000","status":"publish","type":"product","link":"https:\/\/gracebarvape.com\/es\/poco-sl-15000\/","title":{"rendered":"POCO SL15000"},"content":{"rendered":"<p>1. POCO SL15000-Un cambio de juego con 15,000 bocanadas<\/p>\n<p>Prep\u00e1rese para experimentar el vape m\u00e1s satisfactorio del mercado.Con 15,000 bocanadas incre\u00edbles, POCO SL15000 ofrece todo lo que sus clientes desean de un vape desechable de alta capacidad.Dise\u00f1ado con una c\u00e1psula masiva de 24 ml y alimentada por una bater\u00eda recargable de 650 mAh, este dispositivo est\u00e1 construido para durar.El flujo de aire ajustable significa que los usuarios pueden adaptar su experiencia para el sorteo perfecto cada vez.<\/p>\n<p>\u00bfSus clientes se quejan de que sus vape se agotan demasiado pronto?Con 15,000 bocanadas y una capacidad de 24 ml de alto volumen, POCO SL15000 elimina las recargas y reemplazos frecuentes, ahorr\u00e1ndoles tiempo y dinero al impulsar la satisfacci\u00f3n del cliente.Este vape desechable los mantiene m\u00e1s largos, con menos interrupciones.<\/p>\n<p>Actualice sus acciones hoy y ofrezca el POCO SL15000, una experiencia de vape m\u00e1s agradable y m\u00e1s agradable que los clientes se entusiasmar\u00e1n.<\/p>\n<p>2. Poco SL15000 al por mayor - Pedidos a granel directamente de los fabricantes<\/p>\n<p>Maximice sus m\u00e1rgenes de beneficio comprando vapes POCO SL15000 a granel.Como producto l\u00edder directamente de los fabricantes chinos, se beneficiar\u00e1 de los precios directos de f\u00e1brica y las opciones de personalizaci\u00f3n completa, por lo que puede adaptar su pedido para que coincida con su marca.Ofrezca un producto premium a un precio que no rompa el banco.<\/p>\n<p>\u00bfLuchando por destacar en un mercado lleno de gente?POCO SL15000 le permite crear una oferta de productos \u00fanica con opciones de embalaje y marca personalizadas, todo mientras mantiene un precio al por mayor.No permita que los competidores roben el centro de atenci\u00f3n: le d\u00e9 a sus clientes algo que distinga su negocio.<\/p>\n<p>Obtenga una cotizaci\u00f3n personalizada para su pedido a granel hoy y personalice sus vapas POCO SL15000 para que coincidan con su marca para obtener el m\u00e1ximo impacto y la lealtad del cliente.<\/p>\n<p>3. 12 sabores incre\u00edbles que hacen que los clientes regresen<\/p>\n<p>Desde favoritos cl\u00e1sicos como Cool Mint y Aloe Grape hasta mezclas ex\u00f3ticas como la manzana de pi\u00f1a y el kiwi de frambuesa de fresa, la alineaci\u00f3n de sabores de Poco SL15000 seguramente impresionar\u00e1.Con 12 sabores diversos, puede ofrecer algo para cada preferencia de gusto.El rico sabor y duradero de la mezcla de sal de nicotina al 5% garantiza la satisfacci\u00f3n con cada bocanada.<\/p>\n<p>\u00bfPerder ventas debido a opciones de sabor limitadas?La amplia gama de sabores de Poco SL15000 atiende a cada paladar, asegurando que ning\u00fan cliente deje su tienda con las manos vac\u00edas.Mant\u00e9ngalos comprometidos con opciones frescas y emocionantes que brinden una experiencia de vape consistente y agradable desde el primer bocanado hasta el final.<\/p>\n<p>Eleve su selecci\u00f3n de sabores con POCO SL15000: ordene ahora y vea sus ventas Shoar con 12 sabores irresistibles que sus clientes les encantar\u00e1.<\/p>\n<p>4. Tecnolog\u00eda avanzada para una experiencia de vapeo superior<\/p>\n<p>Poco SL15000 est\u00e1 lleno de lo \u00faltimo en tecnolog\u00eda de vapeo para garantizar que sus clientes disfruten de la experiencia m\u00e1s suave y personalizable posible.La tecnolog\u00eda de la bobina de malla proporciona una mejor distribuci\u00f3n de sabores y una producci\u00f3n de vapor m\u00e1s consistente, mientras que la funci\u00f3n de flujo de aire ajustable permite a los usuarios ajustar su experiencia de vapeo.Adem\u00e1s, con la bater\u00eda recargable Type-C, sus clientes pueden disfrutar de una potencia de larga duraci\u00f3n que se recarga r\u00e1pidamente.<\/p>\n<p>\u00bfLos dispositivos obsoletos le cuestan a los clientes habituales?Los vapers modernos esperan m\u00e1s, y Poco SL15000 se entrega con sus caracter\u00edsticas de vanguardia.Ofrezca a sus clientes un vape premium con una mayor duraci\u00f3n de la bater\u00eda, un mejor sabor y un mayor control sobre su sesi\u00f3n de vapeo, lo que garantiza que sigan regresando por m\u00e1s.<\/p>\n<p>Stock POCO SL15000 y brinde a sus clientes las caracter\u00edsticas avanzadas que anhelan: mejor sabor, flujo de aire ajustable y una bater\u00eda recargable que contin\u00faa.<\/p>\n<p>5. Muestras gratuitas y env\u00edo r\u00e1pido - Precios al por mayor para POCO SL15000<\/p>\n<p>Poco SL15000 est\u00e1 listo para enviar directamente desde la f\u00e1brica, ofreci\u00e9ndole los mejores precios del mercado.Ya sea que est\u00e9 ordenando a granel o probando el producto primero, proporcionamos cotizaciones r\u00e1pidas y muestras gratuitas, por lo que puede estar seguro de que est\u00e1 obteniendo exactamente lo que necesita su negocio.<\/p>\n<p>\u00bfPreocupado por la calidad o los precios?Con Poco SL15000, obtienes fiabilidad y valor.Intente antes de comprometerse con una muestra gratuita y coloque su pedido a granel con confianza, sabiendo que est\u00e1 obteniendo un rendimiento de primer nivel a un precio que funcione para su negocio.<\/p>\n<p>Solicite su muestra gratuita de POCO SL15000 hoy y asegure su pedido a granel a precios inmejorables de f\u00e1brica.No se pierda este poderoso producto que conduce con ganancias.<\/p>\n<p>Poco SL15000 es el mejor vape para las empresas que buscan destacarse.Con un alto recuento de hojaldre, caracter\u00edsticas personalizables, tecnolog\u00eda de vanguardia y una amplia selecci\u00f3n de sabores, es el producto perfecto para mantener a los clientes satisfechos y aumentar sus resultados.Coloque su pedido a granel ahora y disfrute de los beneficios de un vape desechable de primer nivel.<\/p>\n","protected":false},"excerpt":{"rendered":"<p>1. POCO SL15000-Un cambio de juego con 15,000 bocanadas<\/p>\n<p>Prep\u00e1rese para experimentar el vape m\u00e1s satisfactorio del mercado.Con 15,000 bocanadas incre\u00edbles, POCO SL15000 ofrece todo lo que sus clientes desean de un vape desechable de<\/p>\n","protected":false},"featured_media":1110185969,"template":"","meta":{"_acf_changed":false,"_eb_attr":"","site-sidebar-layout":"default","site-content-layout":"","ast-site-content-layout":"","site-content-style":"default","site-sidebar-style":"default","ast-global-header-display":"","ast-banner-title-visibility":"","ast-main-header-display":"","ast-hfb-above-header-display":"","ast-hfb-below-header-display":"","ast-hfb-mobile-header-display":"","site-post-title":"","ast-breadcrumbs-content":"","ast-featured-img":"","footer-sml-layout":"","theme-transparent-header-meta":"","adv-header-id-meta":"","stick-header-meta":"","header-above-stick-meta":"","header-main-stick-meta":"","header-below-stick-meta":"","astra-migrate-meta-layouts":"default","ast-page-background-enabled":"default","ast-page-background-meta":{"desktop":{"background-color":"","background-image":"","background-repeat":"repeat","background-position":"center center","background-size":"auto","background-attachment":"scroll","background-type":"","background-media":"","overlay-type":"","overlay-color":"","overlay-opacity":"","overlay-gradient":""},"tablet":{"background-color":"","background-image":"","background-repeat":"repeat","background-position":"center center","background-size":"auto","background-attachment":"scroll","background-type":"","background-media":"","overlay-type":"","overlay-color":"","overlay-opacity":"","overlay-gradient":""},"mobile":{"background-color":"","background-image":"","background-repeat":"repeat","background-position":"center center","background-size":"auto","background-attachment":"scroll","background-type":"","background-media":"","overlay-type":"","overlay-color":"","overlay-opacity":"","overlay-gradient":""}},"ast-content-background-meta":{"desktop":{"background-color":"var(--ast-global-color-5)","background-image":"","background-repeat":"repeat","background-position":"center center","background-size":"auto","background-attachment":"scroll","background-type":"","background-media":"","overlay-type":"","overlay-color":"","overlay-opacity":"","overlay-gradient":""},"tablet":{"background-color":"var(--ast-global-color-5)","background-image":"","background-repeat":"repeat","background-position":"center center","background-size":"auto","background-attachment":"scroll","background-type":"","background-media":"","overlay-type":"","overlay-color":"","overlay-opacity":"","overlay-gradient":""},"mobile":{"background-color":"var(--ast-global-color-5)","background-image":"","background-repeat":"repeat","background-position":"center center","background-size":"auto","background-attachment":"scroll","background-type":"","background-media":"","overlay-type":"","overlay-color":"","overlay-opacity":"","overlay-gradient":""}}},"product_brand":[],"product_cat":[173],"product_tag":[],"class_list":{"0":"post-1012125202","1":"product","2":"type-product","3":"status-publish","4":"has-post-thumbnail","6":"product_cat-poco-vape","7":"desktop-align-left","8":"tablet-align-left","9":"mobile-align-left","11":"first","12":"instock","13":"shipping-taxable","14":"product-type-simple"},"acf":[],"yoast_head":"<!-- This site is optimized with the Yoast SEO plugin v25.0 - https:\/\/yoast.com\/wordpress\/plugins\/seo\/ -->\n<title>POCO SL15000 - GraceBar<\/title>\n<meta name=\"robots\" content=\"index, follow, max-snippet:-1, max-image-preview:large, max-video-preview:-1\" \/>\n<link rel=\"canonical\" href=\"https:\/\/gracebarvape.com\/es\/poco-sl-15000\/\" \/>\n<meta property=\"og:locale\" content=\"es_ES\" \/>\n<meta property=\"og:type\" content=\"article\" \/>\n<meta property=\"og:title\" content=\"POCO SL15000 - GraceBar\" \/>\n<meta property=\"og:description\" content=\"1. POCO SL15000-Un cambio de juego con 15,000 bocanadas Prep\u00e1rese para experimentar el vape m\u00e1s satisfactorio del mercado.Con 15,000 bocanadas incre\u00edbles, POCO SL15000 ofrece todo lo que sus clientes desean de un vape desechable de\" \/>\n<meta property=\"og:url\" content=\"https:\/\/gracebarvape.com\/es\/poco-sl-15000\/\" \/>\n<meta property=\"og:site_name\" content=\"GraceBar\" \/>\n<meta property=\"article:modified_time\" content=\"2025-04-25T01:55:49+00:00\" \/>\n<meta property=\"og:image\" content=\"https:\/\/gracebarvape.com\/wp-content\/uploads\/2024\/09\/poco-sl-15000-flavor-list.webp\" \/>\n\t<meta property=\"og:image:width\" content=\"550\" \/>\n\t<meta property=\"og:image:height\" content=\"550\" \/>\n\t<meta property=\"og:image:type\" content=\"image\/webp\" \/>\n<meta name=\"twitter:card\" content=\"summary_large_image\" \/>\n<meta name=\"twitter:label1\" content=\"Tiempo de lectura\" \/>\n\t<meta name=\"twitter:data1\" content=\"4 minutos\" \/>\n<script type=\"application\/ld+json\" class=\"yoast-schema-graph\">{\"@context\":\"https:\/\/schema.org\",\"@graph\":[{\"@type\":\"WebPage\",\"@id\":\"https:\/\/gracebarvape.com\/es\/poco-sl-15000\/\",\"url\":\"https:\/\/gracebarvape.com\/es\/poco-sl-15000\/\",\"name\":\"POCO SL15000 - GraceBar\",\"isPartOf\":{\"@id\":\"https:\/\/blanchedalmond-wren-221816.hostingersite.com\/#website\"},\"primaryImageOfPage\":{\"@id\":\"https:\/\/gracebarvape.com\/es\/poco-sl-15000\/#primaryimage\"},\"image\":{\"@id\":\"https:\/\/gracebarvape.com\/es\/poco-sl-15000\/#primaryimage\"},\"thumbnailUrl\":\"https:\/\/gracebarvape.com\/wp-content\/uploads\/2024\/09\/poco-sl-15000-flavor-list.webp\",\"datePublished\":\"2024-12-08T07:09:54+00:00\",\"dateModified\":\"2025-04-25T01:55:49+00:00\",\"breadcrumb\":{\"@id\":\"https:\/\/gracebarvape.com\/es\/poco-sl-15000\/#breadcrumb\"},\"inLanguage\":\"es\",\"potentialAction\":[{\"@type\":\"ReadAction\",\"target\":[\"https:\/\/gracebarvape.com\/es\/poco-sl-15000\/\"]}]},{\"@type\":\"ImageObject\",\"inLanguage\":\"es\",\"@id\":\"https:\/\/gracebarvape.com\/es\/poco-sl-15000\/#primaryimage\",\"url\":\"https:\/\/gracebarvape.com\/wp-content\/uploads\/2024\/09\/poco-sl-15000-flavor-list.webp\",\"contentUrl\":\"https:\/\/gracebarvape.com\/wp-content\/uploads\/2024\/09\/poco-sl-15000-flavor-list.webp\",\"width\":550,\"height\":550,\"caption\":\"Poco Sl 15000 Flavor List\"},{\"@type\":\"BreadcrumbList\",\"@id\":\"https:\/\/gracebarvape.com\/es\/poco-sl-15000\/#breadcrumb\",\"itemListElement\":[{\"@type\":\"ListItem\",\"position\":1,\"name\":\"Home\",\"item\":\"https:\/\/gracebarvape.com\/es\/\"},{\"@type\":\"ListItem\",\"position\":2,\"name\":\"Term\u00e9kek\",\"item\":\"https:\/\/gracebarvape.com\/en\/products\/\"},{\"@type\":\"ListItem\",\"position\":3,\"name\":\"POCO SL15000\"}]},{\"@type\":\"WebSite\",\"@id\":\"https:\/\/blanchedalmond-wren-221816.hostingersite.com\/#website\",\"url\":\"https:\/\/blanchedalmond-wren-221816.hostingersite.com\/\",\"name\":\"GraceBar\",\"description\":\"\",\"publisher\":{\"@id\":\"https:\/\/blanchedalmond-wren-221816.hostingersite.com\/#organization\"},\"potentialAction\":[{\"@type\":\"SearchAction\",\"target\":{\"@type\":\"EntryPoint\",\"urlTemplate\":\"https:\/\/blanchedalmond-wren-221816.hostingersite.com\/?s={search_term_string}\"},\"query-input\":{\"@type\":\"PropertyValueSpecification\",\"valueRequired\":true,\"valueName\":\"search_term_string\"}}],\"inLanguage\":\"es\"},{\"@type\":\"Organization\",\"@id\":\"https:\/\/blanchedalmond-wren-221816.hostingersite.com\/#organization\",\"name\":\"GraceBar\",\"url\":\"https:\/\/blanchedalmond-wren-221816.hostingersite.com\/\",\"logo\":{\"@type\":\"ImageObject\",\"inLanguage\":\"es\",\"@id\":\"https:\/\/blanchedalmond-wren-221816.hostingersite.com\/#\/schema\/logo\/image\/\",\"url\":\"https:\/\/gracebarvape.com\/wp-content\/uploads\/2024\/08\/cropped-Logo-GB-removebg.png\",\"contentUrl\":\"https:\/\/gracebarvape.com\/wp-content\/uploads\/2024\/08\/cropped-Logo-GB-removebg.png\",\"width\":500,\"height\":167,\"caption\":\"GraceBar\"},\"image\":{\"@id\":\"https:\/\/blanchedalmond-wren-221816.hostingersite.com\/#\/schema\/logo\/image\/\"}}]}<\/script>\n<!-- \/ Yoast SEO plugin. -->","yoast_head_json":{"title":"POCO SL15000 - GraceBar","robots":{"index":"index","follow":"follow","max-snippet":"max-snippet:-1","max-image-preview":"max-image-preview:large","max-video-preview":"max-video-preview:-1"},"canonical":"https:\/\/gracebarvape.com\/es\/poco-sl-15000\/","og_locale":"es_ES","og_type":"article","og_title":"POCO SL15000 - GraceBar","og_description":"1. POCO SL15000-Un cambio de juego con 15,000 bocanadas Prep\u00e1rese para experimentar el vape m\u00e1s satisfactorio del mercado.Con 15,000 bocanadas incre\u00edbles, POCO SL15000 ofrece todo lo que sus clientes desean de un vape desechable de","og_url":"https:\/\/gracebarvape.com\/es\/poco-sl-15000\/","og_site_name":"GraceBar","article_modified_time":"2025-04-25T01:55:49+00:00","og_image":[{"width":550,"height":550,"url":"https:\/\/gracebarvape.com\/wp-content\/uploads\/2024\/09\/poco-sl-15000-flavor-list.webp","type":"image\/webp"}],"twitter_card":"summary_large_image","twitter_misc":{"Tiempo de lectura":"4 minutos"},"schema":{"@context":"https:\/\/schema.org","@graph":[{"@type":"WebPage","@id":"https:\/\/gracebarvape.com\/es\/poco-sl-15000\/","url":"https:\/\/gracebarvape.com\/es\/poco-sl-15000\/","name":"POCO SL15000 - GraceBar","isPartOf":{"@id":"https:\/\/blanchedalmond-wren-221816.hostingersite.com\/#website"},"primaryImageOfPage":{"@id":"https:\/\/gracebarvape.com\/es\/poco-sl-15000\/#primaryimage"},"image":{"@id":"https:\/\/gracebarvape.com\/es\/poco-sl-15000\/#primaryimage"},"thumbnailUrl":"https:\/\/gracebarvape.com\/wp-content\/uploads\/2024\/09\/poco-sl-15000-flavor-list.webp","datePublished":"2024-12-08T07:09:54+00:00","dateModified":"2025-04-25T01:55:49+00:00","breadcrumb":{"@id":"https:\/\/gracebarvape.com\/es\/poco-sl-15000\/#breadcrumb"},"inLanguage":"es","potentialAction":[{"@type":"ReadAction","target":["https:\/\/gracebarvape.com\/es\/poco-sl-15000\/"]}]},{"@type":"ImageObject","inLanguage":"es","@id":"https:\/\/gracebarvape.com\/es\/poco-sl-15000\/#primaryimage","url":"https:\/\/gracebarvape.com\/wp-content\/uploads\/2024\/09\/poco-sl-15000-flavor-list.webp","contentUrl":"https:\/\/gracebarvape.com\/wp-content\/uploads\/2024\/09\/poco-sl-15000-flavor-list.webp","width":550,"height":550,"caption":"Poco Sl 15000 Flavor List"},{"@type":"BreadcrumbList","@id":"https:\/\/gracebarvape.com\/es\/poco-sl-15000\/#breadcrumb","itemListElement":[{"@type":"ListItem","position":1,"name":"Home","item":"https:\/\/gracebarvape.com\/es\/"},{"@type":"ListItem","position":2,"name":"Term\u00e9kek","item":"https:\/\/gracebarvape.com\/en\/products\/"},{"@type":"ListItem","position":3,"name":"POCO SL15000"}]},{"@type":"WebSite","@id":"https:\/\/blanchedalmond-wren-221816.hostingersite.com\/#website","url":"https:\/\/blanchedalmond-wren-221816.hostingersite.com\/","name":"GraceBar","description":"","publisher":{"@id":"https:\/\/blanchedalmond-wren-221816.hostingersite.com\/#organization"},"potentialAction":[{"@type":"SearchAction","target":{"@type":"EntryPoint","urlTemplate":"https:\/\/blanchedalmond-wren-221816.hostingersite.com\/?s={search_term_string}"},"query-input":{"@type":"PropertyValueSpecification","valueRequired":true,"valueName":"search_term_string"}}],"inLanguage":"es"},{"@type":"Organization","@id":"https:\/\/blanchedalmond-wren-221816.hostingersite.com\/#organization","name":"GraceBar","url":"https:\/\/blanchedalmond-wren-221816.hostingersite.com\/","logo":{"@type":"ImageObject","inLanguage":"es","@id":"https:\/\/blanchedalmond-wren-221816.hostingersite.com\/#\/schema\/logo\/image\/","url":"https:\/\/gracebarvape.com\/wp-content\/uploads\/2024\/08\/cropped-Logo-GB-removebg.png","contentUrl":"https:\/\/gracebarvape.com\/wp-content\/uploads\/2024\/08\/cropped-Logo-GB-removebg.png","width":500,"height":167,"caption":"GraceBar"},"image":{"@id":"https:\/\/blanchedalmond-wren-221816.hostingersite.com\/#\/schema\/logo\/image\/"}}]}},"_links":{"self":[{"href":"https:\/\/gracebarvape.com\/es\/wp-json\/wp\/v2\/product\/1012125202","targetHints":{"allow":["GET"]}}],"collection":[{"href":"https:\/\/gracebarvape.com\/es\/wp-json\/wp\/v2\/product"}],"about":[{"href":"https:\/\/gracebarvape.com\/es\/wp-json\/wp\/v2\/types\/product"}],"version-history":[{"count":0,"href":"https:\/\/gracebarvape.com\/es\/wp-json\/wp\/v2\/product\/1012125202\/revisions"}],"wp:featuredmedia":[{"embeddable":true,"href":"https:\/\/gracebarvape.com\/es\/wp-json\/wp\/v2\/media\/1110185969"}],"wp:attachment":[{"href":"https:\/\/gracebarvape.com\/es\/wp-json\/wp\/v2\/media?parent=1012125202"}],"wp:term":[{"taxonomy":"product_brand","embeddable":true,"href":"https:\/\/gracebarvape.com\/es\/wp-json\/wp\/v2\/product_brand?post=1012125202"},{"taxonomy":"product_cat","embeddable":true,"href":"https:\/\/gracebarvape.com\/es\/wp-json\/wp\/v2\/product_cat?post=1012125202"},{"taxonomy":"product_tag","embeddable":true,"href":"https:\/\/gracebarvape.com\/es\/wp-json\/wp\/v2\/product_tag?post=1012125202"}],"curies":[{"name":"wp","href":"https:\/\/api.w.org\/{rel}","templated":true}]}}