{"id":1012125203,"date":"2024-12-08T15:09:54","date_gmt":"2024-12-08T07:09:54","guid":{"rendered":"https:\/\/gracebarvape.com\/poco-ba-5000\/"},"modified":"2025-04-25T09:55:49","modified_gmt":"2025-04-25T01:55:49","slug":"poco-ba-5000","status":"publish","type":"product","link":"https:\/\/gracebarvape.com\/es\/poco-ba-5000\/","title":{"rendered":"Poco BA5000"},"content":{"rendered":"<p>1. POCO BA5000-Su pr\u00f3ximo vapor desechable m\u00e1s vendido<\/p>\n<p>\u00bfBuscas un vape desechable confiable y de alta calidad?Poco BA5000 entrega hasta 5,000 bocanadas satisfactorias en cada dispositivo.Con una generosa capacidad de c\u00e1psula de 15 ml y una bobina de malla avanzada, este producto garantiza sabores suaves y ricos y una producci\u00f3n de vapor inmejorable.El flujo de aire ajustable pone a sus clientes en control de su experiencia de vape perfecta.<\/p>\n<p>\u00bfLos clientes se frustran con sus vapores muriendo demasiado pronto?POCO BA5000 elimina ese problema con un rendimiento premium m\u00e1s largo y duradero.Ofreciendo 5,000 bocanadas en un dise\u00f1o compacto y desechable, este es el vape en el que pueden confiar.<\/p>\n<p>Traiga POCO BA5000 a su tienda: el vape desechable que sus clientes confiar\u00e1n y amar\u00e1n por su experiencia duradera y satisfactoria.<\/p>\n<p>2. Pedidos a granel, directamente de los fabricantes - POCO BA5000<\/p>\n<p>Obtenga precios al por mayor inmejorables en POCO BA5000 cuando realice un pedido directamente del fabricante.Personalice su pedido para satisfacer sus necesidades y disfrutar de ahorros directos de f\u00e1brica.Ya sea que sea un distribuidor o minorista, el precio competitivo de Poco BA5000 asegura que ver\u00e1 excelentes rendimientos.<\/p>\n<p>\u00bfLuchando con altos costos de vape cortando sus m\u00e1rgenes?Poco BA5000 ofrece un rendimiento de primer nivel sin el alto precio.Puede brindar a sus clientes vapos de calidad mientras mantiene bajos los costos.<\/p>\n<p>Cont\u00e1ctenos hoy para una cotizaci\u00f3n y comience a vender POCO BA5000 a un precio que maximice sus ganancias.<\/p>\n<p>3. 8 sabores que sus clientes anhelar\u00e1n<\/p>\n<p>La alineaci\u00f3n de sabores de Poco BA5000 tiene algo para todos.Ya sea que a sus clientes les encanta el sabor refrescante de Cool Mint o prefieran la dulzura tropical de Pina Colada, Poco BA5000 ofrece sabores audaces y ricos que duran las 5,000 bocanadas.Otros sabores emocionantes incluyen sand\u00eda de fresa, manzana Fanta y naranja Amgo Guava.<\/p>\n<p>\u00bfSelecci\u00f3n de sabor limitada que conduce al aburrimiento del cliente?La gama de 8 deliciosas opciones de Poco BA5000 asegura que todos encuentren su favorito, mantengan sus estantes en movimiento y los clientes regresen por m\u00e1s.<\/p>\n<p>\u00a1Agregue los sabores irresistibles de Poco BA5000 a su l\u00ednea de productos hoy y d\u00e9 a sus clientes algo de lo que entusiasmarse!<\/p>\n<p>4. Tecnolog\u00eda premium, experiencia de vapeo perfecta<\/p>\n<p>Poco BA5000 no se trata solo de la cantidad, sino que se trata de calidad.Con una bobina de malla para una distribuci\u00f3n de sabor mejorada y un flujo de aire ajustable para un dibujo personalizado, este vape proporciona una experiencia de vapeo superior que es dif\u00edcil de superar.Con un 5% de nicotina, los usuarios disfrutar\u00e1n de un golpe de garganta satisfactorio con cada bocanada.<\/p>\n<p>\u00bfCansado de quejas sobre sabor d\u00e9bil o \u00e9xitos inconsistentes?La tecnolog\u00eda de bobina de malla de Poco BA5000 asegura que cada bocanada sea sabrosa y llena, mientras que el flujo de aire ajustable garantiza que cada usuario obtenga exactamente la experiencia que est\u00e1 buscando.<\/p>\n<p>Stock Poco BA5000 ahora y deje que sus clientes disfruten de la tecnolog\u00eda de vapeo que ofrece un mejor sabor y una mejor satisfacci\u00f3n.<\/p>\n<p>5. Precios al por mayor con muestras gratuitas para POCO BA5000<\/p>\n<p>\u00a1Intenta antes de comprar!Con muestras gratuitas de POCO BA5000 disponibles, puede ver la calidad por usted mismo antes de realizar un pedido a granel.Directamente desde la f\u00e1brica, ofrecemos env\u00edos r\u00e1pidos y precios inmejorables, lo que le facilita ofrecer un producto premium sin estirar su presupuesto.<\/p>\n<p>\u00bfPreocupado por la calidad o quedarse atascado con productos no vendibles?Poco BA5000 ofrece muestras gratuitas y precios directos del fabricante, para que pueda sentirse seguro de su inversi\u00f3n y transmitir los ahorros a sus clientes.<\/p>\n<p>Solicite su muestra gratuita de POCO BA5000 hoy y comience a ofrecer a sus clientes un vape desechable de primer nivel a un precio inmejorable.<\/p>\n<p>Poco BA5000 es la opci\u00f3n perfecta para las empresas que buscan almacenar un vape desechable de larga duraci\u00f3n, sabrosa y de alto rendimiento.Con 5,000 bocanadas, una bobina de malla, flujo de aire ajustable y 8 sabores deliciosos, est\u00e1 dise\u00f1ado para satisfacer las necesidades de cada cliente.\u00a1Ordene a granel hoy y disfrute de precios de f\u00e1brica y muestras gratis!<\/p>\n","protected":false},"excerpt":{"rendered":"<p>1. POCO BA5000-Su pr\u00f3ximo vapor desechable m\u00e1s vendido<\/p>\n<p>\u00bfBuscas un vape desechable confiable y de alta calidad?Poco BA5000 entrega hasta 5,000 bocanadas satisfactorias en cada dispositivo.Con una generosa capacidad de c\u00e1psula de 1<\/p>\n","protected":false},"featured_media":1110185977,"template":"","meta":{"_acf_changed":false,"_eb_attr":"","site-sidebar-layout":"default","site-content-layout":"","ast-site-content-layout":"","site-content-style":"default","site-sidebar-style":"default","ast-global-header-display":"","ast-banner-title-visibility":"","ast-main-header-display":"","ast-hfb-above-header-display":"","ast-hfb-below-header-display":"","ast-hfb-mobile-header-display":"","site-post-title":"","ast-breadcrumbs-content":"","ast-featured-img":"","footer-sml-layout":"","theme-transparent-header-meta":"","adv-header-id-meta":"","stick-header-meta":"","header-above-stick-meta":"","header-main-stick-meta":"","header-below-stick-meta":"","astra-migrate-meta-layouts":"default","ast-page-background-enabled":"default","ast-page-background-meta":{"desktop":{"background-color":"","background-image":"","background-repeat":"repeat","background-position":"center center","background-size":"auto","background-attachment":"scroll","background-type":"","background-media":"","overlay-type":"","overlay-color":"","overlay-opacity":"","overlay-gradient":""},"tablet":{"background-color":"","background-image":"","background-repeat":"repeat","background-position":"center center","background-size":"auto","background-attachment":"scroll","background-type":"","background-media":"","overlay-type":"","overlay-color":"","overlay-opacity":"","overlay-gradient":""},"mobile":{"background-color":"","background-image":"","background-repeat":"repeat","background-position":"center center","background-size":"auto","background-attachment":"scroll","background-type":"","background-media":"","overlay-type":"","overlay-color":"","overlay-opacity":"","overlay-gradient":""}},"ast-content-background-meta":{"desktop":{"background-color":"var(--ast-global-color-5)","background-image":"","background-repeat":"repeat","background-position":"center center","background-size":"auto","background-attachment":"scroll","background-type":"","background-media":"","overlay-type":"","overlay-color":"","overlay-opacity":"","overlay-gradient":""},"tablet":{"background-color":"var(--ast-global-color-5)","background-image":"","background-repeat":"repeat","background-position":"center center","background-size":"auto","background-attachment":"scroll","background-type":"","background-media":"","overlay-type":"","overlay-color":"","overlay-opacity":"","overlay-gradient":""},"mobile":{"background-color":"var(--ast-global-color-5)","background-image":"","background-repeat":"repeat","background-position":"center center","background-size":"auto","background-attachment":"scroll","background-type":"","background-media":"","overlay-type":"","overlay-color":"","overlay-opacity":"","overlay-gradient":""}}},"product_brand":[],"product_cat":[173],"product_tag":[],"class_list":{"0":"post-1012125203","1":"product","2":"type-product","3":"status-publish","4":"has-post-thumbnail","6":"product_cat-poco-vape","7":"desktop-align-left","8":"tablet-align-left","9":"mobile-align-left","11":"first","12":"instock","13":"shipping-taxable","14":"product-type-simple"},"acf":[],"yoast_head":"<!-- This site is optimized with the Yoast SEO plugin v25.0 - https:\/\/yoast.com\/wordpress\/plugins\/seo\/ -->\n<title>Poco BA5000 - GraceBar<\/title>\n<meta name=\"robots\" content=\"index, follow, max-snippet:-1, max-image-preview:large, max-video-preview:-1\" \/>\n<link rel=\"canonical\" href=\"https:\/\/gracebarvape.com\/es\/poco-ba-5000\/\" \/>\n<meta property=\"og:locale\" content=\"es_ES\" \/>\n<meta property=\"og:type\" content=\"article\" \/>\n<meta property=\"og:title\" content=\"Poco BA5000 - GraceBar\" \/>\n<meta property=\"og:description\" content=\"1. POCO BA5000-Su pr\u00f3ximo vapor desechable m\u00e1s vendido \u00bfBuscas un vape desechable confiable y de alta calidad?Poco BA5000 entrega hasta 5,000 bocanadas satisfactorias en cada dispositivo.Con una generosa capacidad de c\u00e1psula de 1\" \/>\n<meta property=\"og:url\" content=\"https:\/\/gracebarvape.com\/es\/poco-ba-5000\/\" \/>\n<meta property=\"og:site_name\" content=\"GraceBar\" \/>\n<meta property=\"article:modified_time\" content=\"2025-04-25T01:55:49+00:00\" \/>\n<meta property=\"og:image\" content=\"https:\/\/gracebarvape.com\/wp-content\/uploads\/2024\/09\/poco-ba-5000-blueberry-ice.webp\" \/>\n\t<meta property=\"og:image:width\" content=\"800\" \/>\n\t<meta property=\"og:image:height\" content=\"800\" \/>\n\t<meta property=\"og:image:type\" content=\"image\/webp\" \/>\n<meta name=\"twitter:card\" content=\"summary_large_image\" \/>\n<meta name=\"twitter:label1\" content=\"Tiempo de lectura\" \/>\n\t<meta name=\"twitter:data1\" content=\"4 minutos\" \/>\n<script type=\"application\/ld+json\" class=\"yoast-schema-graph\">{\"@context\":\"https:\/\/schema.org\",\"@graph\":[{\"@type\":\"WebPage\",\"@id\":\"https:\/\/gracebarvape.com\/es\/poco-ba-5000\/\",\"url\":\"https:\/\/gracebarvape.com\/es\/poco-ba-5000\/\",\"name\":\"Poco BA5000 - GraceBar\",\"isPartOf\":{\"@id\":\"https:\/\/blanchedalmond-wren-221816.hostingersite.com\/#website\"},\"primaryImageOfPage\":{\"@id\":\"https:\/\/gracebarvape.com\/es\/poco-ba-5000\/#primaryimage\"},\"image\":{\"@id\":\"https:\/\/gracebarvape.com\/es\/poco-ba-5000\/#primaryimage\"},\"thumbnailUrl\":\"https:\/\/gracebarvape.com\/wp-content\/uploads\/2024\/09\/poco-ba-5000-blueberry-ice.webp\",\"datePublished\":\"2024-12-08T07:09:54+00:00\",\"dateModified\":\"2025-04-25T01:55:49+00:00\",\"breadcrumb\":{\"@id\":\"https:\/\/gracebarvape.com\/es\/poco-ba-5000\/#breadcrumb\"},\"inLanguage\":\"es\",\"potentialAction\":[{\"@type\":\"ReadAction\",\"target\":[\"https:\/\/gracebarvape.com\/es\/poco-ba-5000\/\"]}]},{\"@type\":\"ImageObject\",\"inLanguage\":\"es\",\"@id\":\"https:\/\/gracebarvape.com\/es\/poco-ba-5000\/#primaryimage\",\"url\":\"https:\/\/gracebarvape.com\/wp-content\/uploads\/2024\/09\/poco-ba-5000-blueberry-ice.webp\",\"contentUrl\":\"https:\/\/gracebarvape.com\/wp-content\/uploads\/2024\/09\/poco-ba-5000-blueberry-ice.webp\",\"width\":800,\"height\":800,\"caption\":\"Poco Ba 5000 Blueberry Ice\"},{\"@type\":\"BreadcrumbList\",\"@id\":\"https:\/\/gracebarvape.com\/es\/poco-ba-5000\/#breadcrumb\",\"itemListElement\":[{\"@type\":\"ListItem\",\"position\":1,\"name\":\"Home\",\"item\":\"https:\/\/gracebarvape.com\/es\/\"},{\"@type\":\"ListItem\",\"position\":2,\"name\":\"Term\u00e9kek\",\"item\":\"https:\/\/gracebarvape.com\/en\/products\/\"},{\"@type\":\"ListItem\",\"position\":3,\"name\":\"Poco BA5000\"}]},{\"@type\":\"WebSite\",\"@id\":\"https:\/\/blanchedalmond-wren-221816.hostingersite.com\/#website\",\"url\":\"https:\/\/blanchedalmond-wren-221816.hostingersite.com\/\",\"name\":\"GraceBar\",\"description\":\"\",\"publisher\":{\"@id\":\"https:\/\/blanchedalmond-wren-221816.hostingersite.com\/#organization\"},\"potentialAction\":[{\"@type\":\"SearchAction\",\"target\":{\"@type\":\"EntryPoint\",\"urlTemplate\":\"https:\/\/blanchedalmond-wren-221816.hostingersite.com\/?s={search_term_string}\"},\"query-input\":{\"@type\":\"PropertyValueSpecification\",\"valueRequired\":true,\"valueName\":\"search_term_string\"}}],\"inLanguage\":\"es\"},{\"@type\":\"Organization\",\"@id\":\"https:\/\/blanchedalmond-wren-221816.hostingersite.com\/#organization\",\"name\":\"GraceBar\",\"url\":\"https:\/\/blanchedalmond-wren-221816.hostingersite.com\/\",\"logo\":{\"@type\":\"ImageObject\",\"inLanguage\":\"es\",\"@id\":\"https:\/\/blanchedalmond-wren-221816.hostingersite.com\/#\/schema\/logo\/image\/\",\"url\":\"https:\/\/gracebarvape.com\/wp-content\/uploads\/2024\/08\/cropped-Logo-GB-removebg.png\",\"contentUrl\":\"https:\/\/gracebarvape.com\/wp-content\/uploads\/2024\/08\/cropped-Logo-GB-removebg.png\",\"width\":500,\"height\":167,\"caption\":\"GraceBar\"},\"image\":{\"@id\":\"https:\/\/blanchedalmond-wren-221816.hostingersite.com\/#\/schema\/logo\/image\/\"}}]}<\/script>\n<!-- \/ Yoast SEO plugin. -->","yoast_head_json":{"title":"Poco BA5000 - GraceBar","robots":{"index":"index","follow":"follow","max-snippet":"max-snippet:-1","max-image-preview":"max-image-preview:large","max-video-preview":"max-video-preview:-1"},"canonical":"https:\/\/gracebarvape.com\/es\/poco-ba-5000\/","og_locale":"es_ES","og_type":"article","og_title":"Poco BA5000 - GraceBar","og_description":"1. POCO BA5000-Su pr\u00f3ximo vapor desechable m\u00e1s vendido \u00bfBuscas un vape desechable confiable y de alta calidad?Poco BA5000 entrega hasta 5,000 bocanadas satisfactorias en cada dispositivo.Con una generosa capacidad de c\u00e1psula de 1","og_url":"https:\/\/gracebarvape.com\/es\/poco-ba-5000\/","og_site_name":"GraceBar","article_modified_time":"2025-04-25T01:55:49+00:00","og_image":[{"width":800,"height":800,"url":"https:\/\/gracebarvape.com\/wp-content\/uploads\/2024\/09\/poco-ba-5000-blueberry-ice.webp","type":"image\/webp"}],"twitter_card":"summary_large_image","twitter_misc":{"Tiempo de lectura":"4 minutos"},"schema":{"@context":"https:\/\/schema.org","@graph":[{"@type":"WebPage","@id":"https:\/\/gracebarvape.com\/es\/poco-ba-5000\/","url":"https:\/\/gracebarvape.com\/es\/poco-ba-5000\/","name":"Poco BA5000 - GraceBar","isPartOf":{"@id":"https:\/\/blanchedalmond-wren-221816.hostingersite.com\/#website"},"primaryImageOfPage":{"@id":"https:\/\/gracebarvape.com\/es\/poco-ba-5000\/#primaryimage"},"image":{"@id":"https:\/\/gracebarvape.com\/es\/poco-ba-5000\/#primaryimage"},"thumbnailUrl":"https:\/\/gracebarvape.com\/wp-content\/uploads\/2024\/09\/poco-ba-5000-blueberry-ice.webp","datePublished":"2024-12-08T07:09:54+00:00","dateModified":"2025-04-25T01:55:49+00:00","breadcrumb":{"@id":"https:\/\/gracebarvape.com\/es\/poco-ba-5000\/#breadcrumb"},"inLanguage":"es","potentialAction":[{"@type":"ReadAction","target":["https:\/\/gracebarvape.com\/es\/poco-ba-5000\/"]}]},{"@type":"ImageObject","inLanguage":"es","@id":"https:\/\/gracebarvape.com\/es\/poco-ba-5000\/#primaryimage","url":"https:\/\/gracebarvape.com\/wp-content\/uploads\/2024\/09\/poco-ba-5000-blueberry-ice.webp","contentUrl":"https:\/\/gracebarvape.com\/wp-content\/uploads\/2024\/09\/poco-ba-5000-blueberry-ice.webp","width":800,"height":800,"caption":"Poco Ba 5000 Blueberry Ice"},{"@type":"BreadcrumbList","@id":"https:\/\/gracebarvape.com\/es\/poco-ba-5000\/#breadcrumb","itemListElement":[{"@type":"ListItem","position":1,"name":"Home","item":"https:\/\/gracebarvape.com\/es\/"},{"@type":"ListItem","position":2,"name":"Term\u00e9kek","item":"https:\/\/gracebarvape.com\/en\/products\/"},{"@type":"ListItem","position":3,"name":"Poco BA5000"}]},{"@type":"WebSite","@id":"https:\/\/blanchedalmond-wren-221816.hostingersite.com\/#website","url":"https:\/\/blanchedalmond-wren-221816.hostingersite.com\/","name":"GraceBar","description":"","publisher":{"@id":"https:\/\/blanchedalmond-wren-221816.hostingersite.com\/#organization"},"potentialAction":[{"@type":"SearchAction","target":{"@type":"EntryPoint","urlTemplate":"https:\/\/blanchedalmond-wren-221816.hostingersite.com\/?s={search_term_string}"},"query-input":{"@type":"PropertyValueSpecification","valueRequired":true,"valueName":"search_term_string"}}],"inLanguage":"es"},{"@type":"Organization","@id":"https:\/\/blanchedalmond-wren-221816.hostingersite.com\/#organization","name":"GraceBar","url":"https:\/\/blanchedalmond-wren-221816.hostingersite.com\/","logo":{"@type":"ImageObject","inLanguage":"es","@id":"https:\/\/blanchedalmond-wren-221816.hostingersite.com\/#\/schema\/logo\/image\/","url":"https:\/\/gracebarvape.com\/wp-content\/uploads\/2024\/08\/cropped-Logo-GB-removebg.png","contentUrl":"https:\/\/gracebarvape.com\/wp-content\/uploads\/2024\/08\/cropped-Logo-GB-removebg.png","width":500,"height":167,"caption":"GraceBar"},"image":{"@id":"https:\/\/blanchedalmond-wren-221816.hostingersite.com\/#\/schema\/logo\/image\/"}}]}},"_links":{"self":[{"href":"https:\/\/gracebarvape.com\/es\/wp-json\/wp\/v2\/product\/1012125203","targetHints":{"allow":["GET"]}}],"collection":[{"href":"https:\/\/gracebarvape.com\/es\/wp-json\/wp\/v2\/product"}],"about":[{"href":"https:\/\/gracebarvape.com\/es\/wp-json\/wp\/v2\/types\/product"}],"version-history":[{"count":0,"href":"https:\/\/gracebarvape.com\/es\/wp-json\/wp\/v2\/product\/1012125203\/revisions"}],"wp:featuredmedia":[{"embeddable":true,"href":"https:\/\/gracebarvape.com\/es\/wp-json\/wp\/v2\/media\/1110185977"}],"wp:attachment":[{"href":"https:\/\/gracebarvape.com\/es\/wp-json\/wp\/v2\/media?parent=1012125203"}],"wp:term":[{"taxonomy":"product_brand","embeddable":true,"href":"https:\/\/gracebarvape.com\/es\/wp-json\/wp\/v2\/product_brand?post=1012125203"},{"taxonomy":"product_cat","embeddable":true,"href":"https:\/\/gracebarvape.com\/es\/wp-json\/wp\/v2\/product_cat?post=1012125203"},{"taxonomy":"product_tag","embeddable":true,"href":"https:\/\/gracebarvape.com\/es\/wp-json\/wp\/v2\/product_tag?post=1012125203"}],"curies":[{"name":"wp","href":"https:\/\/api.w.org\/{rel}","templated":true}]}}