{"id":1012125204,"date":"2024-12-08T15:09:54","date_gmt":"2024-12-08T07:09:54","guid":{"rendered":"https:\/\/gracebarvape.com\/poco-bs-3500\/"},"modified":"2025-04-25T09:55:50","modified_gmt":"2025-04-25T01:55:50","slug":"poco-bs-3500","status":"publish","type":"product","link":"https:\/\/gracebarvape.com\/es\/poco-bs-3500\/","title":{"rendered":"Poco BS3500"},"content":{"rendered":"<p>1. Descubra el POCO BS3500 - 3,500 bocanadas de pura satisfacci\u00f3n<\/p>\n<p>Lleve el vapeo al siguiente nivel con el POCO BS3500, dise\u00f1ado para entregar 3,500 bocanadas.Ya sea que est\u00e9 abasteciendo sus estantes minoristas o ordenando la distribuci\u00f3n mayorista, el POCO BS3500 ofrece la combinaci\u00f3n perfecta de alta capacidad, excelente sabor y larga duraci\u00f3n de la bater\u00eda.Construido para el vaper moderno, este dispositivo cuenta con una bater\u00eda de 1500 mAh, un tanque E-l\u00edquido de 10.5 ml y una tecnolog\u00eda de bobina de malla innovadora para una experiencia m\u00e1s rica y satisfactoria.<\/p>\n<p>\u00bfLos clientes cansados de los vapos que se agotan demasiado r\u00e1pido o pierden sabor?El POCO BS3500 resuelve ese problema con su bater\u00eda de larga duraci\u00f3n y su gran capacidad de tanque, asegurando que el vape dure mientras sus clientes lo necesiten.<\/p>\n<p>\u00bfListo para satisfacer las demandas de sus clientes?Ordene el Poco BS3500 hoy y vea por qu\u00e9 es la elecci\u00f3n perfecta para una experiencia de vapeo superior.<\/p>\n<p>2. Poco BS3500 al por mayor - Precios de f\u00e1brica, ganancias m\u00e1ximas<\/p>\n<p>Aumente sus m\u00e1rgenes con POCO BS3500, disponible a precios inmejorables de f\u00e1brica.\u00bfPor qu\u00e9 pagar extra cuando puede comprar directamente del fabricante?Perfecto para los minoristas que buscan abastecerse de vapo desechable de alta demanda.Nuestros precios directos de f\u00e1brica le brindan la ventaja competitiva para ofrecer vapos de calidad a tasas atractivas mientras mantienen ganancias saludables.Las opciones personalizables de Poco BS3500 facilitan adaptar su pedido a sus necesidades espec\u00edficas, desde la fuerza de la nicotina hasta la variedad de sabor.<\/p>\n<p>\u00bfLuchando con inventario demasiado caro y bajos m\u00e1rgenes?POCO BS3500 ofrece una soluci\u00f3n rentable que no compromete la calidad.Obtiene caracter\u00edsticas y sabores premium a un precio que respalda el crecimiento de su negocio.<\/p>\n<p>\u00a1No te pierdas el precio directo de f\u00e1brica!Solicite su cotizaci\u00f3n al por mayor ahora y comience a aumentar sus ganancias con POCO BS3500.<\/p>\n<p>3. Una selecci\u00f3n irresistible: 12 sabores que hacen que los clientes regresen<\/p>\n<p>\u00bfQu\u00e9 es un vape sin sabor?POCO BS3500 le ofrece 12 opciones de sabor inolvidables que van desde favoritos cl\u00e1sicos hasta mezclas \u00fanicas a sus clientes les encantar\u00e1.Ya sea la frescura de enfriamiento de la menta fr\u00eda, la dulce explosi\u00f3n de mango de fresa o el deleite cremoso del bud\u00edn de pl\u00e1tano, Poco BS3500 atiende a cada paladar.Con la diversidad de sabores como esta, nunca se quedar\u00e1 sin opciones para excitar a sus clientes.<\/p>\n<p>\u00bfTu tienda est\u00e1 atascada ofreciendo los mismos viejos sabores?Expanda su selecci\u00f3n de sabores y atraiga una base de clientes leales con la deliciosa variedad de Poco BS3500.Mantenga a los clientes entusiasmados y regrese para obtener m\u00e1s informaci\u00f3n con opciones exclusivas a las que no pueden resistir.<\/p>\n<p>\u00bfListo para darle a sus clientes un gusto que no olviden?\u00a1Act\u00fae hoy en sabores POCO BS3500 y mantenga satisfechos a sus clientes amantes del sabor!<\/p>\n<p>4. Tecnolog\u00eda de la bobina de malla: sabores que duran tanto como las bocanadas<\/p>\n<p>Una de las caracter\u00edsticas m\u00e1s destacadas de Poco BS3500 es su tecnolog\u00eda de bobina de malla premium, asegurando que cada bocanada sea tan sabrosa como la primera.A diferencia de las bobinas est\u00e1ndar, la bobina de malla proporciona un calentamiento uniforme, preservando la integridad del e-l\u00edquido y ofreciendo una experiencia suave y consistente.Adem\u00e1s, con flujo de aire ajustable, los usuarios pueden personalizar su vape al dibujo perfecto, d\u00e1ndoles control sobre su experiencia de vapeo.<\/p>\n<p>\u00bfCansado de que los clientes se quejen de sabores quemados o hits desiguales?Con la bobina de malla avanzada de Poco BS3500, cada bocanada es rica, suave y llena de sabor, de principio a fin.<\/p>\n<p>D\u00e9 a sus clientes la experiencia de vapeo m\u00e1s suave y sabrosa con POCO BS3500.\u00a1Ordene ahora y experimente la diferencia que hace la tecnolog\u00eda de la bobina de malla!<\/p>\n<p>5. Pedidos a granel y muestras gratuitas - POCO BS3500 a su alcance<\/p>\n<p>Sabemos que ordenar a granel requiere confianza en la calidad del producto.Es por eso que ofrecemos muestras gratuitas de POCO BS3500, por lo que puede probarlo usted mismo antes de realizar una inversi\u00f3n m\u00e1s grande.Con niveles de nicotina de sal ajustables (0%, 2%o 5%), bater\u00eda de 1500 mAh y una capacidad de tanque de 10.5 ml, es un vape de potencia dise\u00f1ado para la longevidad.Ya sea que usted sea un minorista, distribuidor o que busque vapes a granel, POCO BS3500 proporciona confiabilidad con cada bocanada.<\/p>\n<p>\u00bfNervioso por comprometerse con un gran orden a granel sin probar el producto?POCO BS3500 ofrece muestras gratuitas, lo que le permite probar el producto antes de invertir a granel.<\/p>\n<p>Ordene su muestra gratuita de POCO BS3500 hoy y experimente la calidad de primera mano.\u00bfListo para el volumen?\u00a1P\u00f3ngase en contacto para una cita personalizada!<\/p>\n<p>POCO BS3500 combina potencia de larga duraci\u00f3n, tecnolog\u00eda de bobina de malla avanzada y una amplia gama de sabores para proporcionar una experiencia de vapeo destacada.Con precios competitivos, opciones personalizables y muestras gratuitas disponibles, es la soluci\u00f3n perfecta para minoristas y distribuidores que buscan elevar su oferta de productos.<\/p>\n","protected":false},"excerpt":{"rendered":"<p>1. Descubra el POCO BS3500 - 3,500 bocanadas de pura satisfacci\u00f3n<\/p>\n<p>Lleve el vapeo al siguiente nivel con el POCO BS3500, dise\u00f1ado para entregar 3,500 bocanadas.Ya sea que est\u00e9 abasteciendo sus estantes minoristas o ordenando la dist<\/p>\n","protected":false},"featured_media":1110185983,"template":"","meta":{"_acf_changed":false,"_eb_attr":"","site-sidebar-layout":"default","site-content-layout":"","ast-site-content-layout":"","site-content-style":"default","site-sidebar-style":"default","ast-global-header-display":"","ast-banner-title-visibility":"","ast-main-header-display":"","ast-hfb-above-header-display":"","ast-hfb-below-header-display":"","ast-hfb-mobile-header-display":"","site-post-title":"","ast-breadcrumbs-content":"","ast-featured-img":"","footer-sml-layout":"","theme-transparent-header-meta":"","adv-header-id-meta":"","stick-header-meta":"","header-above-stick-meta":"","header-main-stick-meta":"","header-below-stick-meta":"","astra-migrate-meta-layouts":"default","ast-page-background-enabled":"default","ast-page-background-meta":{"desktop":{"background-color":"","background-image":"","background-repeat":"repeat","background-position":"center center","background-size":"auto","background-attachment":"scroll","background-type":"","background-media":"","overlay-type":"","overlay-color":"","overlay-opacity":"","overlay-gradient":""},"tablet":{"background-color":"","background-image":"","background-repeat":"repeat","background-position":"center center","background-size":"auto","background-attachment":"scroll","background-type":"","background-media":"","overlay-type":"","overlay-color":"","overlay-opacity":"","overlay-gradient":""},"mobile":{"background-color":"","background-image":"","background-repeat":"repeat","background-position":"center center","background-size":"auto","background-attachment":"scroll","background-type":"","background-media":"","overlay-type":"","overlay-color":"","overlay-opacity":"","overlay-gradient":""}},"ast-content-background-meta":{"desktop":{"background-color":"var(--ast-global-color-5)","background-image":"","background-repeat":"repeat","background-position":"center center","background-size":"auto","background-attachment":"scroll","background-type":"","background-media":"","overlay-type":"","overlay-color":"","overlay-opacity":"","overlay-gradient":""},"tablet":{"background-color":"var(--ast-global-color-5)","background-image":"","background-repeat":"repeat","background-position":"center center","background-size":"auto","background-attachment":"scroll","background-type":"","background-media":"","overlay-type":"","overlay-color":"","overlay-opacity":"","overlay-gradient":""},"mobile":{"background-color":"var(--ast-global-color-5)","background-image":"","background-repeat":"repeat","background-position":"center center","background-size":"auto","background-attachment":"scroll","background-type":"","background-media":"","overlay-type":"","overlay-color":"","overlay-opacity":"","overlay-gradient":""}}},"product_brand":[],"product_cat":[173],"product_tag":[],"class_list":{"0":"post-1012125204","1":"product","2":"type-product","3":"status-publish","4":"has-post-thumbnail","6":"product_cat-poco-vape","7":"desktop-align-left","8":"tablet-align-left","9":"mobile-align-left","11":"first","12":"instock","13":"shipping-taxable","14":"product-type-simple"},"acf":[],"yoast_head":"<!-- This site is optimized with the Yoast SEO plugin v25.0 - https:\/\/yoast.com\/wordpress\/plugins\/seo\/ -->\n<title>Poco BS3500 - GraceBar<\/title>\n<meta name=\"robots\" content=\"index, follow, max-snippet:-1, max-image-preview:large, max-video-preview:-1\" \/>\n<link rel=\"canonical\" href=\"https:\/\/gracebarvape.com\/es\/poco-bs-3500\/\" \/>\n<meta property=\"og:locale\" content=\"es_ES\" \/>\n<meta property=\"og:type\" content=\"article\" \/>\n<meta property=\"og:title\" content=\"Poco BS3500 - GraceBar\" \/>\n<meta property=\"og:description\" content=\"1. Descubra el POCO BS3500 - 3,500 bocanadas de pura satisfacci\u00f3n Lleve el vapeo al siguiente nivel con el POCO BS3500, dise\u00f1ado para entregar 3,500 bocanadas.Ya sea que est\u00e9 abasteciendo sus estantes minoristas o ordenando la dist\" \/>\n<meta property=\"og:url\" content=\"https:\/\/gracebarvape.com\/es\/poco-bs-3500\/\" \/>\n<meta property=\"og:site_name\" content=\"GraceBar\" \/>\n<meta property=\"article:modified_time\" content=\"2025-04-25T01:55:50+00:00\" \/>\n<meta property=\"og:image\" content=\"https:\/\/gracebarvape.com\/wp-content\/uploads\/2024\/09\/poco-bs-3500-fruit-flavor.webp\" \/>\n\t<meta property=\"og:image:width\" content=\"1500\" \/>\n\t<meta property=\"og:image:height\" content=\"1500\" \/>\n\t<meta property=\"og:image:type\" content=\"image\/webp\" \/>\n<meta name=\"twitter:card\" content=\"summary_large_image\" \/>\n<meta name=\"twitter:label1\" content=\"Tiempo de lectura\" \/>\n\t<meta name=\"twitter:data1\" content=\"4 minutos\" \/>\n<script type=\"application\/ld+json\" class=\"yoast-schema-graph\">{\"@context\":\"https:\/\/schema.org\",\"@graph\":[{\"@type\":\"WebPage\",\"@id\":\"https:\/\/gracebarvape.com\/es\/poco-bs-3500\/\",\"url\":\"https:\/\/gracebarvape.com\/es\/poco-bs-3500\/\",\"name\":\"Poco BS3500 - GraceBar\",\"isPartOf\":{\"@id\":\"https:\/\/blanchedalmond-wren-221816.hostingersite.com\/#website\"},\"primaryImageOfPage\":{\"@id\":\"https:\/\/gracebarvape.com\/es\/poco-bs-3500\/#primaryimage\"},\"image\":{\"@id\":\"https:\/\/gracebarvape.com\/es\/poco-bs-3500\/#primaryimage\"},\"thumbnailUrl\":\"https:\/\/gracebarvape.com\/wp-content\/uploads\/2024\/09\/poco-bs-3500-fruit-flavor.webp\",\"datePublished\":\"2024-12-08T07:09:54+00:00\",\"dateModified\":\"2025-04-25T01:55:50+00:00\",\"breadcrumb\":{\"@id\":\"https:\/\/gracebarvape.com\/es\/poco-bs-3500\/#breadcrumb\"},\"inLanguage\":\"es\",\"potentialAction\":[{\"@type\":\"ReadAction\",\"target\":[\"https:\/\/gracebarvape.com\/es\/poco-bs-3500\/\"]}]},{\"@type\":\"ImageObject\",\"inLanguage\":\"es\",\"@id\":\"https:\/\/gracebarvape.com\/es\/poco-bs-3500\/#primaryimage\",\"url\":\"https:\/\/gracebarvape.com\/wp-content\/uploads\/2024\/09\/poco-bs-3500-fruit-flavor.webp\",\"contentUrl\":\"https:\/\/gracebarvape.com\/wp-content\/uploads\/2024\/09\/poco-bs-3500-fruit-flavor.webp\",\"width\":1500,\"height\":1500,\"caption\":\"Poco Bs 3500 Fruit Flavor\"},{\"@type\":\"BreadcrumbList\",\"@id\":\"https:\/\/gracebarvape.com\/es\/poco-bs-3500\/#breadcrumb\",\"itemListElement\":[{\"@type\":\"ListItem\",\"position\":1,\"name\":\"Home\",\"item\":\"https:\/\/gracebarvape.com\/es\/\"},{\"@type\":\"ListItem\",\"position\":2,\"name\":\"Term\u00e9kek\",\"item\":\"https:\/\/gracebarvape.com\/en\/products\/\"},{\"@type\":\"ListItem\",\"position\":3,\"name\":\"Poco BS3500\"}]},{\"@type\":\"WebSite\",\"@id\":\"https:\/\/blanchedalmond-wren-221816.hostingersite.com\/#website\",\"url\":\"https:\/\/blanchedalmond-wren-221816.hostingersite.com\/\",\"name\":\"GraceBar\",\"description\":\"\",\"publisher\":{\"@id\":\"https:\/\/blanchedalmond-wren-221816.hostingersite.com\/#organization\"},\"potentialAction\":[{\"@type\":\"SearchAction\",\"target\":{\"@type\":\"EntryPoint\",\"urlTemplate\":\"https:\/\/blanchedalmond-wren-221816.hostingersite.com\/?s={search_term_string}\"},\"query-input\":{\"@type\":\"PropertyValueSpecification\",\"valueRequired\":true,\"valueName\":\"search_term_string\"}}],\"inLanguage\":\"es\"},{\"@type\":\"Organization\",\"@id\":\"https:\/\/blanchedalmond-wren-221816.hostingersite.com\/#organization\",\"name\":\"GraceBar\",\"url\":\"https:\/\/blanchedalmond-wren-221816.hostingersite.com\/\",\"logo\":{\"@type\":\"ImageObject\",\"inLanguage\":\"es\",\"@id\":\"https:\/\/blanchedalmond-wren-221816.hostingersite.com\/#\/schema\/logo\/image\/\",\"url\":\"https:\/\/gracebarvape.com\/wp-content\/uploads\/2024\/08\/cropped-Logo-GB-removebg.png\",\"contentUrl\":\"https:\/\/gracebarvape.com\/wp-content\/uploads\/2024\/08\/cropped-Logo-GB-removebg.png\",\"width\":500,\"height\":167,\"caption\":\"GraceBar\"},\"image\":{\"@id\":\"https:\/\/blanchedalmond-wren-221816.hostingersite.com\/#\/schema\/logo\/image\/\"}}]}<\/script>\n<!-- \/ Yoast SEO plugin. -->","yoast_head_json":{"title":"Poco BS3500 - GraceBar","robots":{"index":"index","follow":"follow","max-snippet":"max-snippet:-1","max-image-preview":"max-image-preview:large","max-video-preview":"max-video-preview:-1"},"canonical":"https:\/\/gracebarvape.com\/es\/poco-bs-3500\/","og_locale":"es_ES","og_type":"article","og_title":"Poco BS3500 - GraceBar","og_description":"1. Descubra el POCO BS3500 - 3,500 bocanadas de pura satisfacci\u00f3n Lleve el vapeo al siguiente nivel con el POCO BS3500, dise\u00f1ado para entregar 3,500 bocanadas.Ya sea que est\u00e9 abasteciendo sus estantes minoristas o ordenando la dist","og_url":"https:\/\/gracebarvape.com\/es\/poco-bs-3500\/","og_site_name":"GraceBar","article_modified_time":"2025-04-25T01:55:50+00:00","og_image":[{"width":1500,"height":1500,"url":"https:\/\/gracebarvape.com\/wp-content\/uploads\/2024\/09\/poco-bs-3500-fruit-flavor.webp","type":"image\/webp"}],"twitter_card":"summary_large_image","twitter_misc":{"Tiempo de lectura":"4 minutos"},"schema":{"@context":"https:\/\/schema.org","@graph":[{"@type":"WebPage","@id":"https:\/\/gracebarvape.com\/es\/poco-bs-3500\/","url":"https:\/\/gracebarvape.com\/es\/poco-bs-3500\/","name":"Poco BS3500 - GraceBar","isPartOf":{"@id":"https:\/\/blanchedalmond-wren-221816.hostingersite.com\/#website"},"primaryImageOfPage":{"@id":"https:\/\/gracebarvape.com\/es\/poco-bs-3500\/#primaryimage"},"image":{"@id":"https:\/\/gracebarvape.com\/es\/poco-bs-3500\/#primaryimage"},"thumbnailUrl":"https:\/\/gracebarvape.com\/wp-content\/uploads\/2024\/09\/poco-bs-3500-fruit-flavor.webp","datePublished":"2024-12-08T07:09:54+00:00","dateModified":"2025-04-25T01:55:50+00:00","breadcrumb":{"@id":"https:\/\/gracebarvape.com\/es\/poco-bs-3500\/#breadcrumb"},"inLanguage":"es","potentialAction":[{"@type":"ReadAction","target":["https:\/\/gracebarvape.com\/es\/poco-bs-3500\/"]}]},{"@type":"ImageObject","inLanguage":"es","@id":"https:\/\/gracebarvape.com\/es\/poco-bs-3500\/#primaryimage","url":"https:\/\/gracebarvape.com\/wp-content\/uploads\/2024\/09\/poco-bs-3500-fruit-flavor.webp","contentUrl":"https:\/\/gracebarvape.com\/wp-content\/uploads\/2024\/09\/poco-bs-3500-fruit-flavor.webp","width":1500,"height":1500,"caption":"Poco Bs 3500 Fruit Flavor"},{"@type":"BreadcrumbList","@id":"https:\/\/gracebarvape.com\/es\/poco-bs-3500\/#breadcrumb","itemListElement":[{"@type":"ListItem","position":1,"name":"Home","item":"https:\/\/gracebarvape.com\/es\/"},{"@type":"ListItem","position":2,"name":"Term\u00e9kek","item":"https:\/\/gracebarvape.com\/en\/products\/"},{"@type":"ListItem","position":3,"name":"Poco BS3500"}]},{"@type":"WebSite","@id":"https:\/\/blanchedalmond-wren-221816.hostingersite.com\/#website","url":"https:\/\/blanchedalmond-wren-221816.hostingersite.com\/","name":"GraceBar","description":"","publisher":{"@id":"https:\/\/blanchedalmond-wren-221816.hostingersite.com\/#organization"},"potentialAction":[{"@type":"SearchAction","target":{"@type":"EntryPoint","urlTemplate":"https:\/\/blanchedalmond-wren-221816.hostingersite.com\/?s={search_term_string}"},"query-input":{"@type":"PropertyValueSpecification","valueRequired":true,"valueName":"search_term_string"}}],"inLanguage":"es"},{"@type":"Organization","@id":"https:\/\/blanchedalmond-wren-221816.hostingersite.com\/#organization","name":"GraceBar","url":"https:\/\/blanchedalmond-wren-221816.hostingersite.com\/","logo":{"@type":"ImageObject","inLanguage":"es","@id":"https:\/\/blanchedalmond-wren-221816.hostingersite.com\/#\/schema\/logo\/image\/","url":"https:\/\/gracebarvape.com\/wp-content\/uploads\/2024\/08\/cropped-Logo-GB-removebg.png","contentUrl":"https:\/\/gracebarvape.com\/wp-content\/uploads\/2024\/08\/cropped-Logo-GB-removebg.png","width":500,"height":167,"caption":"GraceBar"},"image":{"@id":"https:\/\/blanchedalmond-wren-221816.hostingersite.com\/#\/schema\/logo\/image\/"}}]}},"_links":{"self":[{"href":"https:\/\/gracebarvape.com\/es\/wp-json\/wp\/v2\/product\/1012125204","targetHints":{"allow":["GET"]}}],"collection":[{"href":"https:\/\/gracebarvape.com\/es\/wp-json\/wp\/v2\/product"}],"about":[{"href":"https:\/\/gracebarvape.com\/es\/wp-json\/wp\/v2\/types\/product"}],"version-history":[{"count":0,"href":"https:\/\/gracebarvape.com\/es\/wp-json\/wp\/v2\/product\/1012125204\/revisions"}],"wp:featuredmedia":[{"embeddable":true,"href":"https:\/\/gracebarvape.com\/es\/wp-json\/wp\/v2\/media\/1110185983"}],"wp:attachment":[{"href":"https:\/\/gracebarvape.com\/es\/wp-json\/wp\/v2\/media?parent=1012125204"}],"wp:term":[{"taxonomy":"product_brand","embeddable":true,"href":"https:\/\/gracebarvape.com\/es\/wp-json\/wp\/v2\/product_brand?post=1012125204"},{"taxonomy":"product_cat","embeddable":true,"href":"https:\/\/gracebarvape.com\/es\/wp-json\/wp\/v2\/product_cat?post=1012125204"},{"taxonomy":"product_tag","embeddable":true,"href":"https:\/\/gracebarvape.com\/es\/wp-json\/wp\/v2\/product_tag?post=1012125204"}],"curies":[{"name":"wp","href":"https:\/\/api.w.org\/{rel}","templated":true}]}}