{"id":1012135301,"date":"2024-12-08T15:08:29","date_gmt":"2024-12-08T07:08:29","guid":{"rendered":"https:\/\/gracebarvape.com\/hiio-hallo-6000\/"},"modified":"2025-04-25T09:55:50","modified_gmt":"2025-04-25T01:55:50","slug":"hiio-hallo-6000","status":"publish","type":"product","link":"https:\/\/gracebarvape.com\/es\/hiio-hallo-6000\/","title":{"rendered":"Hola soy 6000"},"content":{"rendered":"<p>1. Experimente el siguiente nivel de vapeo con Hiio Hallo 6000<\/p>\n<p>Desbloquee el futuro de los vapes desechables con Hiio Hallo 6000: alto rendimiento, duradero y lleno de sabor.Diga adi\u00f3s a los dispositivos de baja calidad y baja.Hiio Hallo est\u00e1 construido para un uso pesado y ofrece hasta 6000 bocanadas de pura satisfacci\u00f3n.<\/p>\n<p>\u00bfHarto de quedarse sin bocanadas demasiado pronto?\u00bfHarto de dispositivos baratos que se queman demasiado r\u00e1pido?\u00bfVapes de baja calidad constantemente reabasteciendo constantemente?El Hiio Hallo 6000 arregla todo eso.Con hasta 6000 bocanadas, est\u00e1 dise\u00f1ado para continuar mucho despu\u00e9s de que otros vapes renuncian.Dura m\u00e1s, golpea m\u00e1s suave y hace que sus clientes regresen por m\u00e1s.<\/p>\n<p>No te conformes con menos.Obtenga el Hiio Hallo 6000 hoy y disfrute de una durabilidad y rendimiento inigualables en cada bocanada.<\/p>\n<p>2. Tu vaporizador, tu camino - pedidos masivos totalmente personalizables<\/p>\n<p>\u00bfBuscas algo \u00fanico?Hiio Hallo 6000 se puede personalizar completamente para satisfacer las necesidades espec\u00edficas de su marca.Elija sus dise\u00f1os, colores y empaques, directamente desde la f\u00e1brica.Los pedidos a granel son m\u00e1s f\u00e1ciles, m\u00e1s asequibles y se adaptan exactamente a c\u00f3mo los desea.<\/p>\n<p>\u00bfFrustrado por opciones de dise\u00f1o de vape limitados?\u00bfCansado de productos que no se destacan?\u00bfLuchando por hacer que su marca sea memorable en un mercado competitivo?Con nuestra personalizaci\u00f3n directa del manufacturador, tendr\u00e1 un control completo sobre la apariencia de su producto.Cree una l\u00ednea de productos \u00fanica que atraiga la atenci\u00f3n y mantenga a los clientes leales.<\/p>\n<p>Tome el control de su negocio de vape.Personalice su Hiio Hallo 6000 ahora y haga que su marca se destaque entre la multitud.<\/p>\n<p>3. Un sabor para todos los gustos: 15 sabores en negrita para elegir<\/p>\n<p>Hiio Hallo 6000 ofrece m\u00e1s que solo hojaldres, \u00a1ofrece sabor!Con 15 opciones irresistibles como Strawberry Lychee, Grape Paradise y Pink Lemonade, cada bocanada es una aventura.Ya sea que sus clientes anhelen dulces, agrios o helados, tenemos un sabor que se ajusta.<\/p>\n<p>\u00bfAburrido de sabores suaves y predecibles?\u00bfPerder a los clientes porque su selecci\u00f3n de sabores no excita?Con nuestra amplia gama, puede ofrecer algo para cada paladar.Desde sabores de frutas cl\u00e1sicas como Peach Ice hasta mezclas \u00fanicas como Grape Mango Banana, el Hiio Hallo 6000 asegura que sus clientes permanezcan enganchados.<\/p>\n<p>Ofrecer m\u00e1s.Agregue los emocionantes sabores de Hiio Hallo 6000 a su alineaci\u00f3n y observe que sus ventas se disparan.<\/p>\n<p>4. Rendimiento inigualable: 6000 bocanadas y construido para durar<\/p>\n<p>El Hiio Hallo 6000 est\u00e1 dise\u00f1ado para un rendimiento constante.Equipado con una potente bater\u00eda de 1500 mAh y una salida de 4.2V, ofrece energ\u00eda de larga duraci\u00f3n con cada bocanada.Experimente una sesi\u00f3n de vape suave y confiable cada vez, sin interrupciones o \u00e9xitos d\u00e9biles.<\/p>\n<p>\u00bfCansado de bater\u00edas que mueren demasiado r\u00e1pido?\u00bfLos clientes molestos por \u00e9xitos inconsistentes?Otros vapes no pueden seguir el ritmo, pero con el Hiio Hallo 6000, disfrutar\u00e1s de una potencia estable y duradera.No m\u00e1s cortar su sesi\u00f3n de vape debido a la falla de la bater\u00eda.<\/p>\n<p>Elija confiabilidad.Obtenga el Hiio Hallo 6000 y disfrute de una experiencia de vapeo poderosa y confiable que dure tanto como usted.<\/p>\n<p>Elija confiabilidad.Obtenga el Hiio Hallo 6000 y disfrute de una experiencia de vapeo poderosa y confiable que dure tanto como usted.<\/p>\n<p>\u00bfBuscas vapos asequibles y de alta calidad a granel?Hiio Hallo 6000 est\u00e1 disponible a precios al por mayor inmejorables.Tenemos el stock listo para enviar, con cotizaciones r\u00e1pidas e incluso ofrecemos muestras gratuitas para que pueda probar antes de comprar.No hay m\u00e1s esperanza de existencias o pagos excesivos para bienes de baja calidad.<\/p>\n<p>\u00bfLuchando por encontrar proveedores confiables?\u00bfLos precios demasiado altos para los pedidos a granel?\u00bfOtros de existencias cuando m\u00e1s lo necesitas?Te tenemos cubierto.Hiio Hallo 6000 ofrece precios competitivos y una entrega r\u00e1pida y eficiente directamente de nuestra f\u00e1brica en China.Sin intermediarios, sin retrasos, solo excelentes productos a excelentes precios.<\/p>\n<p>Deja de perder el tiempo.Obtenga su pedido a granel de Hiio Hallo 6000 ahora y comience a ahorrar con nuestros precios al por mayor.<\/p>\n<p>HIIO Hallo 6000 es su soluci\u00f3n de referencia para vapeos desechables de alta calidad a precios inmejorables.Desde la duraci\u00f3n de la bater\u00eda de larga duraci\u00f3n y los dise\u00f1os personalizados hasta opciones de sabor audaces, este es el producto que ha estado esperando.Con el stock listo para enviar y las muestras gratuitas disponibles, ahora es el momento de asegurar su pedido y llevar su negocio al siguiente nivel.<\/p>\n","protected":false},"excerpt":{"rendered":"<p>1. Experimente el siguiente nivel de vapeo con Hiio Hallo 6000<\/p>\n<p>Desbloquee el futuro de los vapes desechables con Hiio Hallo 6000: alto rendimiento, duradero y lleno de sabor.Diga adi\u00f3s a los dispositivos de baja calidad y baja.Hi<\/p>\n","protected":false},"featured_media":1110185989,"template":"","meta":{"_acf_changed":false,"_eb_attr":"","site-sidebar-layout":"default","site-content-layout":"","ast-site-content-layout":"","site-content-style":"default","site-sidebar-style":"default","ast-global-header-display":"","ast-banner-title-visibility":"","ast-main-header-display":"","ast-hfb-above-header-display":"","ast-hfb-below-header-display":"","ast-hfb-mobile-header-display":"","site-post-title":"","ast-breadcrumbs-content":"","ast-featured-img":"","footer-sml-layout":"","theme-transparent-header-meta":"","adv-header-id-meta":"","stick-header-meta":"","header-above-stick-meta":"","header-main-stick-meta":"","header-below-stick-meta":"","astra-migrate-meta-layouts":"default","ast-page-background-enabled":"default","ast-page-background-meta":{"desktop":{"background-color":"","background-image":"","background-repeat":"repeat","background-position":"center center","background-size":"auto","background-attachment":"scroll","background-type":"","background-media":"","overlay-type":"","overlay-color":"","overlay-opacity":"","overlay-gradient":""},"tablet":{"background-color":"","background-image":"","background-repeat":"repeat","background-position":"center center","background-size":"auto","background-attachment":"scroll","background-type":"","background-media":"","overlay-type":"","overlay-color":"","overlay-opacity":"","overlay-gradient":""},"mobile":{"background-color":"","background-image":"","background-repeat":"repeat","background-position":"center center","background-size":"auto","background-attachment":"scroll","background-type":"","background-media":"","overlay-type":"","overlay-color":"","overlay-opacity":"","overlay-gradient":""}},"ast-content-background-meta":{"desktop":{"background-color":"var(--ast-global-color-5)","background-image":"","background-repeat":"repeat","background-position":"center center","background-size":"auto","background-attachment":"scroll","background-type":"","background-media":"","overlay-type":"","overlay-color":"","overlay-opacity":"","overlay-gradient":""},"tablet":{"background-color":"var(--ast-global-color-5)","background-image":"","background-repeat":"repeat","background-position":"center center","background-size":"auto","background-attachment":"scroll","background-type":"","background-media":"","overlay-type":"","overlay-color":"","overlay-opacity":"","overlay-gradient":""},"mobile":{"background-color":"var(--ast-global-color-5)","background-image":"","background-repeat":"repeat","background-position":"center center","background-size":"auto","background-attachment":"scroll","background-type":"","background-media":"","overlay-type":"","overlay-color":"","overlay-opacity":"","overlay-gradient":""}}},"product_brand":[],"product_cat":[172],"product_tag":[],"class_list":{"0":"post-1012135301","1":"product","2":"type-product","3":"status-publish","4":"has-post-thumbnail","6":"product_cat-maskking-vape","7":"desktop-align-left","8":"tablet-align-left","9":"mobile-align-left","11":"first","12":"instock","13":"shipping-taxable","14":"product-type-simple"},"acf":[],"yoast_head":"<!-- This site is optimized with the Yoast SEO plugin v25.0 - https:\/\/yoast.com\/wordpress\/plugins\/seo\/ -->\n<title>Hola soy 6000 - GraceBar<\/title>\n<meta name=\"robots\" content=\"index, follow, max-snippet:-1, max-image-preview:large, max-video-preview:-1\" \/>\n<link rel=\"canonical\" href=\"https:\/\/gracebarvape.com\/es\/hiio-hallo-6000\/\" \/>\n<meta property=\"og:locale\" content=\"es_ES\" \/>\n<meta property=\"og:type\" content=\"article\" \/>\n<meta property=\"og:title\" content=\"Hola soy 6000 - GraceBar\" \/>\n<meta property=\"og:description\" content=\"1. Experimente el siguiente nivel de vapeo con Hiio Hallo 6000 Desbloquee el futuro de los vapes desechables con Hiio Hallo 6000: alto rendimiento, duradero y lleno de sabor.Diga adi\u00f3s a los dispositivos de baja calidad y baja.Hi\" \/>\n<meta property=\"og:url\" content=\"https:\/\/gracebarvape.com\/es\/hiio-hallo-6000\/\" \/>\n<meta property=\"og:site_name\" content=\"GraceBar\" \/>\n<meta property=\"article:modified_time\" content=\"2025-04-25T01:55:50+00:00\" \/>\n<meta property=\"og:image\" content=\"https:\/\/gracebarvape.com\/wp-content\/uploads\/2024\/09\/hiio-hallo-6000-flavor-list.webp\" \/>\n\t<meta property=\"og:image:width\" content=\"1500\" \/>\n\t<meta property=\"og:image:height\" content=\"629\" \/>\n\t<meta property=\"og:image:type\" content=\"image\/webp\" \/>\n<meta name=\"twitter:card\" content=\"summary_large_image\" \/>\n<meta name=\"twitter:label1\" content=\"Tiempo de lectura\" \/>\n\t<meta name=\"twitter:data1\" content=\"4 minutos\" \/>\n<script type=\"application\/ld+json\" class=\"yoast-schema-graph\">{\"@context\":\"https:\/\/schema.org\",\"@graph\":[{\"@type\":\"WebPage\",\"@id\":\"https:\/\/gracebarvape.com\/es\/hiio-hallo-6000\/\",\"url\":\"https:\/\/gracebarvape.com\/es\/hiio-hallo-6000\/\",\"name\":\"Hola soy 6000 - GraceBar\",\"isPartOf\":{\"@id\":\"https:\/\/blanchedalmond-wren-221816.hostingersite.com\/#website\"},\"primaryImageOfPage\":{\"@id\":\"https:\/\/gracebarvape.com\/es\/hiio-hallo-6000\/#primaryimage\"},\"image\":{\"@id\":\"https:\/\/gracebarvape.com\/es\/hiio-hallo-6000\/#primaryimage\"},\"thumbnailUrl\":\"https:\/\/gracebarvape.com\/wp-content\/uploads\/2024\/09\/hiio-hallo-6000-flavor-list.webp\",\"datePublished\":\"2024-12-08T07:08:29+00:00\",\"dateModified\":\"2025-04-25T01:55:50+00:00\",\"breadcrumb\":{\"@id\":\"https:\/\/gracebarvape.com\/es\/hiio-hallo-6000\/#breadcrumb\"},\"inLanguage\":\"es\",\"potentialAction\":[{\"@type\":\"ReadAction\",\"target\":[\"https:\/\/gracebarvape.com\/es\/hiio-hallo-6000\/\"]}]},{\"@type\":\"ImageObject\",\"inLanguage\":\"es\",\"@id\":\"https:\/\/gracebarvape.com\/es\/hiio-hallo-6000\/#primaryimage\",\"url\":\"https:\/\/gracebarvape.com\/wp-content\/uploads\/2024\/09\/hiio-hallo-6000-flavor-list.webp\",\"contentUrl\":\"https:\/\/gracebarvape.com\/wp-content\/uploads\/2024\/09\/hiio-hallo-6000-flavor-list.webp\",\"width\":1500,\"height\":629,\"caption\":\"Hiio Hallo 6000 Flavor List\"},{\"@type\":\"BreadcrumbList\",\"@id\":\"https:\/\/gracebarvape.com\/es\/hiio-hallo-6000\/#breadcrumb\",\"itemListElement\":[{\"@type\":\"ListItem\",\"position\":1,\"name\":\"Home\",\"item\":\"https:\/\/gracebarvape.com\/es\/\"},{\"@type\":\"ListItem\",\"position\":2,\"name\":\"Term\u00e9kek\",\"item\":\"https:\/\/gracebarvape.com\/en\/products\/\"},{\"@type\":\"ListItem\",\"position\":3,\"name\":\"Hola soy 6000\"}]},{\"@type\":\"WebSite\",\"@id\":\"https:\/\/blanchedalmond-wren-221816.hostingersite.com\/#website\",\"url\":\"https:\/\/blanchedalmond-wren-221816.hostingersite.com\/\",\"name\":\"GraceBar\",\"description\":\"\",\"publisher\":{\"@id\":\"https:\/\/blanchedalmond-wren-221816.hostingersite.com\/#organization\"},\"potentialAction\":[{\"@type\":\"SearchAction\",\"target\":{\"@type\":\"EntryPoint\",\"urlTemplate\":\"https:\/\/blanchedalmond-wren-221816.hostingersite.com\/?s={search_term_string}\"},\"query-input\":{\"@type\":\"PropertyValueSpecification\",\"valueRequired\":true,\"valueName\":\"search_term_string\"}}],\"inLanguage\":\"es\"},{\"@type\":\"Organization\",\"@id\":\"https:\/\/blanchedalmond-wren-221816.hostingersite.com\/#organization\",\"name\":\"GraceBar\",\"url\":\"https:\/\/blanchedalmond-wren-221816.hostingersite.com\/\",\"logo\":{\"@type\":\"ImageObject\",\"inLanguage\":\"es\",\"@id\":\"https:\/\/blanchedalmond-wren-221816.hostingersite.com\/#\/schema\/logo\/image\/\",\"url\":\"https:\/\/gracebarvape.com\/wp-content\/uploads\/2024\/08\/cropped-Logo-GB-removebg.png\",\"contentUrl\":\"https:\/\/gracebarvape.com\/wp-content\/uploads\/2024\/08\/cropped-Logo-GB-removebg.png\",\"width\":500,\"height\":167,\"caption\":\"GraceBar\"},\"image\":{\"@id\":\"https:\/\/blanchedalmond-wren-221816.hostingersite.com\/#\/schema\/logo\/image\/\"}}]}<\/script>\n<!-- \/ Yoast SEO plugin. -->","yoast_head_json":{"title":"Hola soy 6000 - GraceBar","robots":{"index":"index","follow":"follow","max-snippet":"max-snippet:-1","max-image-preview":"max-image-preview:large","max-video-preview":"max-video-preview:-1"},"canonical":"https:\/\/gracebarvape.com\/es\/hiio-hallo-6000\/","og_locale":"es_ES","og_type":"article","og_title":"Hola soy 6000 - GraceBar","og_description":"1. Experimente el siguiente nivel de vapeo con Hiio Hallo 6000 Desbloquee el futuro de los vapes desechables con Hiio Hallo 6000: alto rendimiento, duradero y lleno de sabor.Diga adi\u00f3s a los dispositivos de baja calidad y baja.Hi","og_url":"https:\/\/gracebarvape.com\/es\/hiio-hallo-6000\/","og_site_name":"GraceBar","article_modified_time":"2025-04-25T01:55:50+00:00","og_image":[{"width":1500,"height":629,"url":"https:\/\/gracebarvape.com\/wp-content\/uploads\/2024\/09\/hiio-hallo-6000-flavor-list.webp","type":"image\/webp"}],"twitter_card":"summary_large_image","twitter_misc":{"Tiempo de lectura":"4 minutos"},"schema":{"@context":"https:\/\/schema.org","@graph":[{"@type":"WebPage","@id":"https:\/\/gracebarvape.com\/es\/hiio-hallo-6000\/","url":"https:\/\/gracebarvape.com\/es\/hiio-hallo-6000\/","name":"Hola soy 6000 - GraceBar","isPartOf":{"@id":"https:\/\/blanchedalmond-wren-221816.hostingersite.com\/#website"},"primaryImageOfPage":{"@id":"https:\/\/gracebarvape.com\/es\/hiio-hallo-6000\/#primaryimage"},"image":{"@id":"https:\/\/gracebarvape.com\/es\/hiio-hallo-6000\/#primaryimage"},"thumbnailUrl":"https:\/\/gracebarvape.com\/wp-content\/uploads\/2024\/09\/hiio-hallo-6000-flavor-list.webp","datePublished":"2024-12-08T07:08:29+00:00","dateModified":"2025-04-25T01:55:50+00:00","breadcrumb":{"@id":"https:\/\/gracebarvape.com\/es\/hiio-hallo-6000\/#breadcrumb"},"inLanguage":"es","potentialAction":[{"@type":"ReadAction","target":["https:\/\/gracebarvape.com\/es\/hiio-hallo-6000\/"]}]},{"@type":"ImageObject","inLanguage":"es","@id":"https:\/\/gracebarvape.com\/es\/hiio-hallo-6000\/#primaryimage","url":"https:\/\/gracebarvape.com\/wp-content\/uploads\/2024\/09\/hiio-hallo-6000-flavor-list.webp","contentUrl":"https:\/\/gracebarvape.com\/wp-content\/uploads\/2024\/09\/hiio-hallo-6000-flavor-list.webp","width":1500,"height":629,"caption":"Hiio Hallo 6000 Flavor List"},{"@type":"BreadcrumbList","@id":"https:\/\/gracebarvape.com\/es\/hiio-hallo-6000\/#breadcrumb","itemListElement":[{"@type":"ListItem","position":1,"name":"Home","item":"https:\/\/gracebarvape.com\/es\/"},{"@type":"ListItem","position":2,"name":"Term\u00e9kek","item":"https:\/\/gracebarvape.com\/en\/products\/"},{"@type":"ListItem","position":3,"name":"Hola soy 6000"}]},{"@type":"WebSite","@id":"https:\/\/blanchedalmond-wren-221816.hostingersite.com\/#website","url":"https:\/\/blanchedalmond-wren-221816.hostingersite.com\/","name":"GraceBar","description":"","publisher":{"@id":"https:\/\/blanchedalmond-wren-221816.hostingersite.com\/#organization"},"potentialAction":[{"@type":"SearchAction","target":{"@type":"EntryPoint","urlTemplate":"https:\/\/blanchedalmond-wren-221816.hostingersite.com\/?s={search_term_string}"},"query-input":{"@type":"PropertyValueSpecification","valueRequired":true,"valueName":"search_term_string"}}],"inLanguage":"es"},{"@type":"Organization","@id":"https:\/\/blanchedalmond-wren-221816.hostingersite.com\/#organization","name":"GraceBar","url":"https:\/\/blanchedalmond-wren-221816.hostingersite.com\/","logo":{"@type":"ImageObject","inLanguage":"es","@id":"https:\/\/blanchedalmond-wren-221816.hostingersite.com\/#\/schema\/logo\/image\/","url":"https:\/\/gracebarvape.com\/wp-content\/uploads\/2024\/08\/cropped-Logo-GB-removebg.png","contentUrl":"https:\/\/gracebarvape.com\/wp-content\/uploads\/2024\/08\/cropped-Logo-GB-removebg.png","width":500,"height":167,"caption":"GraceBar"},"image":{"@id":"https:\/\/blanchedalmond-wren-221816.hostingersite.com\/#\/schema\/logo\/image\/"}}]}},"_links":{"self":[{"href":"https:\/\/gracebarvape.com\/es\/wp-json\/wp\/v2\/product\/1012135301","targetHints":{"allow":["GET"]}}],"collection":[{"href":"https:\/\/gracebarvape.com\/es\/wp-json\/wp\/v2\/product"}],"about":[{"href":"https:\/\/gracebarvape.com\/es\/wp-json\/wp\/v2\/types\/product"}],"version-history":[{"count":0,"href":"https:\/\/gracebarvape.com\/es\/wp-json\/wp\/v2\/product\/1012135301\/revisions"}],"wp:featuredmedia":[{"embeddable":true,"href":"https:\/\/gracebarvape.com\/es\/wp-json\/wp\/v2\/media\/1110185989"}],"wp:attachment":[{"href":"https:\/\/gracebarvape.com\/es\/wp-json\/wp\/v2\/media?parent=1012135301"}],"wp:term":[{"taxonomy":"product_brand","embeddable":true,"href":"https:\/\/gracebarvape.com\/es\/wp-json\/wp\/v2\/product_brand?post=1012135301"},{"taxonomy":"product_cat","embeddable":true,"href":"https:\/\/gracebarvape.com\/es\/wp-json\/wp\/v2\/product_cat?post=1012135301"},{"taxonomy":"product_tag","embeddable":true,"href":"https:\/\/gracebarvape.com\/es\/wp-json\/wp\/v2\/product_tag?post=1012135301"}],"curies":[{"name":"wp","href":"https:\/\/api.w.org\/{rel}","templated":true}]}}