{"id":1012135303,"date":"2024-12-08T15:08:30","date_gmt":"2024-12-08T07:08:30","guid":{"rendered":"https:\/\/gracebarvape.com\/maskking-vimaxi-20000\/"},"modified":"2025-04-25T09:55:51","modified_gmt":"2025-04-25T01:55:51","slug":"maskking-vimaxi-20000","status":"publish","type":"product","link":"https:\/\/gracebarvape.com\/es\/maskking-vimaxi-20000\/","title":{"rendered":"Maskking vimaxi 20000"},"content":{"rendered":"<p>1. 20,000 bocanadas de puro disfrute - Maskking vimaxi 20000<\/p>\n<p>El vapeo mejor\u00f3 con Maskking Vimaxi 20000. Empacado con hasta 20,000 bocanadas y 20 ml de E-Liquid, est\u00e1 construido para durar.Prep\u00e1rese para una experiencia de vapeo superior que no renuncia.<\/p>\n<p>\u00bfEnfermo de vapees desechables que no duran?\u00bfGastar demasiado en dispositivos que apenas pasan el d\u00eda?Maskking Vimaxi 20000 le ofrece m\u00e1s bocanadas y m\u00e1s valor.Olv\u00eddate de reemplazar constantemente tus vapes, este est\u00e1 construido para el largo recorrido.<\/p>\n<p>Deja de perder dinero en vapees de corta duraci\u00f3n.Agarra en Masking Vimaxi 20000 hoy y disfruta m\u00e1s por m\u00e1s tiempo.<\/p>\n<p>2. Tome el control: personalice sus \u00f3rdenes a granel de Maskking Vimaxi 20000<\/p>\n<p>Haga que sus pedidos de vape se destaquen con opciones totalmente personalizables.Maskking Vimaxi 20000 est\u00e1 disponible a granel directamente de los fabricantes, lo que le permite personalizar la apariencia de su marca.<\/p>\n<p>\u00bfLuchando por diferenciar tu marca?\u00bfAtrapado con dise\u00f1os aburridos y gen\u00e9ricos?Ahora, puede personalizar sus vapos para que coincida con el estilo \u00fanico de su negocio.Obtenga personalizaci\u00f3n directa de f\u00e1brica que ayude a sus productos a brillar en los estantes.<\/p>\n<p>Es tu vape, tu estilo.Personalice sus pedidos a granel de Maskking Vimaxi 20000 y cause una impresi\u00f3n duradera.<\/p>\n<p>3. Explosi\u00f3n de sabor: 16 deliciosos sabores de frutas para elegir<\/p>\n<p>Con sabores como White Gummy Bear, Strawberry Mango y Cool Mint, Maskking Vimaxi 20000 ofrece una rica variedad de 16 sabores que har\u00e1n que los clientes regresen por m\u00e1s.<\/p>\n<p>\u00bfCansado de ofrecer los mismos sabores aburridos?\u00bfPerder clientes porque su selecci\u00f3n de vape no es emocionante?Los 16 sabores en negrita de Maskking Vimaxi 20000 son exactamente lo que sus clientes necesitan para mantenerse comprometidos y satisfechos.Cada bocanada ofrece un sabor intenso e inolvidable.<\/p>\n<p>\u00bfPor qu\u00e9 limitar sus opciones?Expanda su alineaci\u00f3n de sabores con Maskking Vimaxi 20000 y mantenga a sus clientes ansiosos m\u00e1s.<\/p>\n<p>4. Construido para la resistencia-bater\u00eda de 650 mAh con carga tipo C<\/p>\n<p>\u00a1No m\u00e1s duraci\u00f3n de la bater\u00eda corta!La bater\u00eda de 650 mAh de Maskking Vimaxi 20000, junto con un conveniente puerto de carga tipo C, garantiza una potencia duradera y un rendimiento de vapeo suave de principio a fin.<\/p>\n<p>\u00bfFrustrado por las constantes recargas de bater\u00eda?\u00bfPerder a los clientes porque sus dispositivos no pueden mantenerse al d\u00eda con la demanda?Maskking Vimaxi 20000 est\u00e1 dise\u00f1ado para continuar, por lo que no tiene que preocuparse por la desventaja de la potencia a mitad del uso.<\/p>\n<p>Elija la potencia de larga duraci\u00f3n con Maskking Vimaxi 20000 y entregue la experiencia de vapeo que sus clientes merecen.<\/p>\n<p>5. Precios al por mayor que no puedes superar - Maskking Vimaxi 20000 en stock<\/p>\n<p>\u00bfListo para abastecerse?Maskking Vimaxi 20000 est\u00e1 disponible a granel, directamente de fabricantes en China.Con precios competitivos y muestras gratuitas, obtienes la mejor oferta sin comprometer la calidad.<\/p>\n<p>\u00bfLuchando por encontrar proveedores confiables?\u00bfPagando demasiado por los pedidos a granel?Maskking Vimaxi 20000 ofrece precios al por mayor inmejorables, cotizaciones r\u00e1pidas y entrega eficiente.En stock y listo para enviar, es la soluci\u00f3n perfecta para las necesidades de su negocio.<\/p>\n<p>No esperes.Ordene su suministro a granel de Maskking Vimaxi 20000 hoy y aproveche nuestros precios al por mayor y su entrega r\u00e1pida.<\/p>\n<p>Maskking Vimaxi 20000 ofrece hasta 20,000 bocanadas, dise\u00f1os personalizables, 16 sabores en negrita y duraci\u00f3n de la bater\u00eda confiable.Con precios mayoristas, entrega r\u00e1pida y muestras gratuitas, es el complemento perfecto para su alineaci\u00f3n de negocios.<\/p>\n","protected":false},"excerpt":{"rendered":"<p>1. 20,000 bocanadas de puro disfrute - Maskking vimaxi 20000<\/p>\n<p>El vapeo mejor\u00f3 con Maskking Vimaxi 20000. Empacado con hasta 20,000 bocanadas y 20 ml de E-Liquid, est\u00e1 construido para durar.Prep\u00e1rese para una experiencia de vapeo s<\/p>\n","protected":false},"featured_media":1110185997,"template":"","meta":{"_acf_changed":false,"_eb_attr":"","site-sidebar-layout":"default","site-content-layout":"","ast-site-content-layout":"","site-content-style":"default","site-sidebar-style":"default","ast-global-header-display":"","ast-banner-title-visibility":"","ast-main-header-display":"","ast-hfb-above-header-display":"","ast-hfb-below-header-display":"","ast-hfb-mobile-header-display":"","site-post-title":"","ast-breadcrumbs-content":"","ast-featured-img":"","footer-sml-layout":"","theme-transparent-header-meta":"","adv-header-id-meta":"","stick-header-meta":"","header-above-stick-meta":"","header-main-stick-meta":"","header-below-stick-meta":"","astra-migrate-meta-layouts":"default","ast-page-background-enabled":"default","ast-page-background-meta":{"desktop":{"background-color":"","background-image":"","background-repeat":"repeat","background-position":"center center","background-size":"auto","background-attachment":"scroll","background-type":"","background-media":"","overlay-type":"","overlay-color":"","overlay-opacity":"","overlay-gradient":""},"tablet":{"background-color":"","background-image":"","background-repeat":"repeat","background-position":"center center","background-size":"auto","background-attachment":"scroll","background-type":"","background-media":"","overlay-type":"","overlay-color":"","overlay-opacity":"","overlay-gradient":""},"mobile":{"background-color":"","background-image":"","background-repeat":"repeat","background-position":"center center","background-size":"auto","background-attachment":"scroll","background-type":"","background-media":"","overlay-type":"","overlay-color":"","overlay-opacity":"","overlay-gradient":""}},"ast-content-background-meta":{"desktop":{"background-color":"var(--ast-global-color-5)","background-image":"","background-repeat":"repeat","background-position":"center center","background-size":"auto","background-attachment":"scroll","background-type":"","background-media":"","overlay-type":"","overlay-color":"","overlay-opacity":"","overlay-gradient":""},"tablet":{"background-color":"var(--ast-global-color-5)","background-image":"","background-repeat":"repeat","background-position":"center center","background-size":"auto","background-attachment":"scroll","background-type":"","background-media":"","overlay-type":"","overlay-color":"","overlay-opacity":"","overlay-gradient":""},"mobile":{"background-color":"var(--ast-global-color-5)","background-image":"","background-repeat":"repeat","background-position":"center center","background-size":"auto","background-attachment":"scroll","background-type":"","background-media":"","overlay-type":"","overlay-color":"","overlay-opacity":"","overlay-gradient":""}}},"product_brand":[],"product_cat":[172],"product_tag":[],"class_list":{"0":"post-1012135303","1":"product","2":"type-product","3":"status-publish","4":"has-post-thumbnail","6":"product_cat-maskking-vape","7":"desktop-align-left","8":"tablet-align-left","9":"mobile-align-left","11":"first","12":"instock","13":"shipping-taxable","14":"product-type-simple"},"acf":[],"yoast_head":"<!-- This site is optimized with the Yoast SEO plugin v25.0 - https:\/\/yoast.com\/wordpress\/plugins\/seo\/ -->\n<title>Maskking vimaxi 20000 - GraceBar<\/title>\n<meta name=\"robots\" content=\"index, follow, max-snippet:-1, max-image-preview:large, max-video-preview:-1\" \/>\n<link rel=\"canonical\" href=\"https:\/\/gracebarvape.com\/es\/maskking-vimaxi-20000\/\" \/>\n<meta property=\"og:locale\" content=\"es_ES\" \/>\n<meta property=\"og:type\" content=\"article\" \/>\n<meta property=\"og:title\" content=\"Maskking vimaxi 20000 - GraceBar\" \/>\n<meta property=\"og:description\" content=\"1. 20,000 bocanadas de puro disfrute - Maskking vimaxi 20000 El vapeo mejor\u00f3 con Maskking Vimaxi 20000. Empacado con hasta 20,000 bocanadas y 20 ml de E-Liquid, est\u00e1 construido para durar.Prep\u00e1rese para una experiencia de vapeo s\" \/>\n<meta property=\"og:url\" content=\"https:\/\/gracebarvape.com\/es\/maskking-vimaxi-20000\/\" \/>\n<meta property=\"og:site_name\" content=\"GraceBar\" \/>\n<meta property=\"article:modified_time\" content=\"2025-04-25T01:55:51+00:00\" \/>\n<meta property=\"og:image\" content=\"https:\/\/gracebarvape.com\/wp-content\/uploads\/2024\/09\/maskking-vimaxi-20000-650mah.webp\" \/>\n\t<meta property=\"og:image:width\" content=\"550\" \/>\n\t<meta property=\"og:image:height\" content=\"548\" \/>\n\t<meta property=\"og:image:type\" content=\"image\/webp\" \/>\n<meta name=\"twitter:card\" content=\"summary_large_image\" \/>\n<meta name=\"twitter:label1\" content=\"Tiempo de lectura\" \/>\n\t<meta name=\"twitter:data1\" content=\"3 minutos\" \/>\n<script type=\"application\/ld+json\" class=\"yoast-schema-graph\">{\"@context\":\"https:\/\/schema.org\",\"@graph\":[{\"@type\":\"WebPage\",\"@id\":\"https:\/\/gracebarvape.com\/es\/maskking-vimaxi-20000\/\",\"url\":\"https:\/\/gracebarvape.com\/es\/maskking-vimaxi-20000\/\",\"name\":\"Maskking vimaxi 20000 - GraceBar\",\"isPartOf\":{\"@id\":\"https:\/\/blanchedalmond-wren-221816.hostingersite.com\/#website\"},\"primaryImageOfPage\":{\"@id\":\"https:\/\/gracebarvape.com\/es\/maskking-vimaxi-20000\/#primaryimage\"},\"image\":{\"@id\":\"https:\/\/gracebarvape.com\/es\/maskking-vimaxi-20000\/#primaryimage\"},\"thumbnailUrl\":\"https:\/\/gracebarvape.com\/wp-content\/uploads\/2024\/09\/maskking-vimaxi-20000-650mah.webp\",\"datePublished\":\"2024-12-08T07:08:30+00:00\",\"dateModified\":\"2025-04-25T01:55:51+00:00\",\"breadcrumb\":{\"@id\":\"https:\/\/gracebarvape.com\/es\/maskking-vimaxi-20000\/#breadcrumb\"},\"inLanguage\":\"es\",\"potentialAction\":[{\"@type\":\"ReadAction\",\"target\":[\"https:\/\/gracebarvape.com\/es\/maskking-vimaxi-20000\/\"]}]},{\"@type\":\"ImageObject\",\"inLanguage\":\"es\",\"@id\":\"https:\/\/gracebarvape.com\/es\/maskking-vimaxi-20000\/#primaryimage\",\"url\":\"https:\/\/gracebarvape.com\/wp-content\/uploads\/2024\/09\/maskking-vimaxi-20000-650mah.webp\",\"contentUrl\":\"https:\/\/gracebarvape.com\/wp-content\/uploads\/2024\/09\/maskking-vimaxi-20000-650mah.webp\",\"width\":550,\"height\":548,\"caption\":\"Maskking Vimaxi 20000 650mah\"},{\"@type\":\"BreadcrumbList\",\"@id\":\"https:\/\/gracebarvape.com\/es\/maskking-vimaxi-20000\/#breadcrumb\",\"itemListElement\":[{\"@type\":\"ListItem\",\"position\":1,\"name\":\"Home\",\"item\":\"https:\/\/gracebarvape.com\/es\/\"},{\"@type\":\"ListItem\",\"position\":2,\"name\":\"Term\u00e9kek\",\"item\":\"https:\/\/gracebarvape.com\/en\/products\/\"},{\"@type\":\"ListItem\",\"position\":3,\"name\":\"Maskking vimaxi 20000\"}]},{\"@type\":\"WebSite\",\"@id\":\"https:\/\/blanchedalmond-wren-221816.hostingersite.com\/#website\",\"url\":\"https:\/\/blanchedalmond-wren-221816.hostingersite.com\/\",\"name\":\"GraceBar\",\"description\":\"\",\"publisher\":{\"@id\":\"https:\/\/blanchedalmond-wren-221816.hostingersite.com\/#organization\"},\"potentialAction\":[{\"@type\":\"SearchAction\",\"target\":{\"@type\":\"EntryPoint\",\"urlTemplate\":\"https:\/\/blanchedalmond-wren-221816.hostingersite.com\/?s={search_term_string}\"},\"query-input\":{\"@type\":\"PropertyValueSpecification\",\"valueRequired\":true,\"valueName\":\"search_term_string\"}}],\"inLanguage\":\"es\"},{\"@type\":\"Organization\",\"@id\":\"https:\/\/blanchedalmond-wren-221816.hostingersite.com\/#organization\",\"name\":\"GraceBar\",\"url\":\"https:\/\/blanchedalmond-wren-221816.hostingersite.com\/\",\"logo\":{\"@type\":\"ImageObject\",\"inLanguage\":\"es\",\"@id\":\"https:\/\/blanchedalmond-wren-221816.hostingersite.com\/#\/schema\/logo\/image\/\",\"url\":\"https:\/\/gracebarvape.com\/wp-content\/uploads\/2024\/08\/cropped-Logo-GB-removebg.png\",\"contentUrl\":\"https:\/\/gracebarvape.com\/wp-content\/uploads\/2024\/08\/cropped-Logo-GB-removebg.png\",\"width\":500,\"height\":167,\"caption\":\"GraceBar\"},\"image\":{\"@id\":\"https:\/\/blanchedalmond-wren-221816.hostingersite.com\/#\/schema\/logo\/image\/\"}}]}<\/script>\n<!-- \/ Yoast SEO plugin. -->","yoast_head_json":{"title":"Maskking vimaxi 20000 - GraceBar","robots":{"index":"index","follow":"follow","max-snippet":"max-snippet:-1","max-image-preview":"max-image-preview:large","max-video-preview":"max-video-preview:-1"},"canonical":"https:\/\/gracebarvape.com\/es\/maskking-vimaxi-20000\/","og_locale":"es_ES","og_type":"article","og_title":"Maskking vimaxi 20000 - GraceBar","og_description":"1. 20,000 bocanadas de puro disfrute - Maskking vimaxi 20000 El vapeo mejor\u00f3 con Maskking Vimaxi 20000. Empacado con hasta 20,000 bocanadas y 20 ml de E-Liquid, est\u00e1 construido para durar.Prep\u00e1rese para una experiencia de vapeo s","og_url":"https:\/\/gracebarvape.com\/es\/maskking-vimaxi-20000\/","og_site_name":"GraceBar","article_modified_time":"2025-04-25T01:55:51+00:00","og_image":[{"width":550,"height":548,"url":"https:\/\/gracebarvape.com\/wp-content\/uploads\/2024\/09\/maskking-vimaxi-20000-650mah.webp","type":"image\/webp"}],"twitter_card":"summary_large_image","twitter_misc":{"Tiempo de lectura":"3 minutos"},"schema":{"@context":"https:\/\/schema.org","@graph":[{"@type":"WebPage","@id":"https:\/\/gracebarvape.com\/es\/maskking-vimaxi-20000\/","url":"https:\/\/gracebarvape.com\/es\/maskking-vimaxi-20000\/","name":"Maskking vimaxi 20000 - GraceBar","isPartOf":{"@id":"https:\/\/blanchedalmond-wren-221816.hostingersite.com\/#website"},"primaryImageOfPage":{"@id":"https:\/\/gracebarvape.com\/es\/maskking-vimaxi-20000\/#primaryimage"},"image":{"@id":"https:\/\/gracebarvape.com\/es\/maskking-vimaxi-20000\/#primaryimage"},"thumbnailUrl":"https:\/\/gracebarvape.com\/wp-content\/uploads\/2024\/09\/maskking-vimaxi-20000-650mah.webp","datePublished":"2024-12-08T07:08:30+00:00","dateModified":"2025-04-25T01:55:51+00:00","breadcrumb":{"@id":"https:\/\/gracebarvape.com\/es\/maskking-vimaxi-20000\/#breadcrumb"},"inLanguage":"es","potentialAction":[{"@type":"ReadAction","target":["https:\/\/gracebarvape.com\/es\/maskking-vimaxi-20000\/"]}]},{"@type":"ImageObject","inLanguage":"es","@id":"https:\/\/gracebarvape.com\/es\/maskking-vimaxi-20000\/#primaryimage","url":"https:\/\/gracebarvape.com\/wp-content\/uploads\/2024\/09\/maskking-vimaxi-20000-650mah.webp","contentUrl":"https:\/\/gracebarvape.com\/wp-content\/uploads\/2024\/09\/maskking-vimaxi-20000-650mah.webp","width":550,"height":548,"caption":"Maskking Vimaxi 20000 650mah"},{"@type":"BreadcrumbList","@id":"https:\/\/gracebarvape.com\/es\/maskking-vimaxi-20000\/#breadcrumb","itemListElement":[{"@type":"ListItem","position":1,"name":"Home","item":"https:\/\/gracebarvape.com\/es\/"},{"@type":"ListItem","position":2,"name":"Term\u00e9kek","item":"https:\/\/gracebarvape.com\/en\/products\/"},{"@type":"ListItem","position":3,"name":"Maskking vimaxi 20000"}]},{"@type":"WebSite","@id":"https:\/\/blanchedalmond-wren-221816.hostingersite.com\/#website","url":"https:\/\/blanchedalmond-wren-221816.hostingersite.com\/","name":"GraceBar","description":"","publisher":{"@id":"https:\/\/blanchedalmond-wren-221816.hostingersite.com\/#organization"},"potentialAction":[{"@type":"SearchAction","target":{"@type":"EntryPoint","urlTemplate":"https:\/\/blanchedalmond-wren-221816.hostingersite.com\/?s={search_term_string}"},"query-input":{"@type":"PropertyValueSpecification","valueRequired":true,"valueName":"search_term_string"}}],"inLanguage":"es"},{"@type":"Organization","@id":"https:\/\/blanchedalmond-wren-221816.hostingersite.com\/#organization","name":"GraceBar","url":"https:\/\/blanchedalmond-wren-221816.hostingersite.com\/","logo":{"@type":"ImageObject","inLanguage":"es","@id":"https:\/\/blanchedalmond-wren-221816.hostingersite.com\/#\/schema\/logo\/image\/","url":"https:\/\/gracebarvape.com\/wp-content\/uploads\/2024\/08\/cropped-Logo-GB-removebg.png","contentUrl":"https:\/\/gracebarvape.com\/wp-content\/uploads\/2024\/08\/cropped-Logo-GB-removebg.png","width":500,"height":167,"caption":"GraceBar"},"image":{"@id":"https:\/\/blanchedalmond-wren-221816.hostingersite.com\/#\/schema\/logo\/image\/"}}]}},"_links":{"self":[{"href":"https:\/\/gracebarvape.com\/es\/wp-json\/wp\/v2\/product\/1012135303","targetHints":{"allow":["GET"]}}],"collection":[{"href":"https:\/\/gracebarvape.com\/es\/wp-json\/wp\/v2\/product"}],"about":[{"href":"https:\/\/gracebarvape.com\/es\/wp-json\/wp\/v2\/types\/product"}],"version-history":[{"count":0,"href":"https:\/\/gracebarvape.com\/es\/wp-json\/wp\/v2\/product\/1012135303\/revisions"}],"wp:featuredmedia":[{"embeddable":true,"href":"https:\/\/gracebarvape.com\/es\/wp-json\/wp\/v2\/media\/1110185997"}],"wp:attachment":[{"href":"https:\/\/gracebarvape.com\/es\/wp-json\/wp\/v2\/media?parent=1012135303"}],"wp:term":[{"taxonomy":"product_brand","embeddable":true,"href":"https:\/\/gracebarvape.com\/es\/wp-json\/wp\/v2\/product_brand?post=1012135303"},{"taxonomy":"product_cat","embeddable":true,"href":"https:\/\/gracebarvape.com\/es\/wp-json\/wp\/v2\/product_cat?post=1012135303"},{"taxonomy":"product_tag","embeddable":true,"href":"https:\/\/gracebarvape.com\/es\/wp-json\/wp\/v2\/product_tag?post=1012135303"}],"curies":[{"name":"wp","href":"https:\/\/api.w.org\/{rel}","templated":true}]}}