{"id":1012135305,"date":"2024-12-08T15:08:31","date_gmt":"2024-12-08T07:08:31","guid":{"rendered":"https:\/\/gracebarvape.com\/maskking-axi-12000\/"},"modified":"2025-04-25T09:55:52","modified_gmt":"2025-04-25T01:55:52","slug":"maskking-axi-12000","status":"publish","type":"product","link":"https:\/\/gracebarvape.com\/es\/maskking-axi-12000\/","title":{"rendered":"Con un enorme 12,000 bocanadas y 22 ml de e-l\u00edquido, Maskking Axi 12000 le da m\u00e1s por m\u00e1s tiempo.Es la mejor opci\u00f3n para los amantes del vape que desean sabor y satisfacci\u00f3n duraderos."},"content":{"rendered":"<p>1. Maskking Axi 12000 - 12,000 bocanadas de placer puro de vapeo<\/p>\n<p>Con un enorme 12,000 bocanadas y 22 ml de e-l\u00edquido, Maskking Axi 12000 le da m\u00e1s por m\u00e1s tiempo.Es la mejor opci\u00f3n para los amantes del vape que desean sabor y satisfacci\u00f3n duraderos.<\/p>\n<p>Con un enorme 12,000 bocanadas y 22 ml de e-l\u00edquido, Maskking Axi 12000 le da m\u00e1s por m\u00e1s tiempo.Es la mejor opci\u00f3n para los amantes del vape que desean sabor y satisfacci\u00f3n duraderos.<\/p>\n<p>Con un enorme 12,000 bocanadas y 22 ml de e-l\u00edquido, Maskking Axi 12000 le da m\u00e1s por m\u00e1s tiempo.Es la mejor opci\u00f3n para los amantes del vape que desean sabor y satisfacci\u00f3n duraderos.<\/p>\n<p>Con un enorme 12,000 bocanadas y 22 ml de e-l\u00edquido, Maskking Axi 12000 le da m\u00e1s por m\u00e1s tiempo.Es la mejor opci\u00f3n para los amantes del vape que desean sabor y satisfacci\u00f3n duraderos.<\/p>\n<p>Con un enorme 12,000 bocanadas y 22 ml de e-l\u00edquido, Maskking Axi 12000 le da m\u00e1s por m\u00e1s tiempo.Es la mejor opci\u00f3n para los amantes del vape que desean sabor y satisfacci\u00f3n duraderos.<\/p>\n<p>Con un enorme 12,000 bocanadas y 22 ml de e-l\u00edquido, Maskking Axi 12000 le da m\u00e1s por m\u00e1s tiempo.Es la mejor opci\u00f3n para los amantes del vape que desean sabor y satisfacci\u00f3n duraderos.<\/p>\n<p>Con un enorme 12,000 bocanadas y 22 ml de e-l\u00edquido, Maskking Axi 12000 le da m\u00e1s por m\u00e1s tiempo.Es la mejor opci\u00f3n para los amantes del vape que desean sabor y satisfacci\u00f3n duraderos.<\/p>\n<p>Con un enorme 12,000 bocanadas y 22 ml de e-l\u00edquido, Maskking Axi 12000 le da m\u00e1s por m\u00e1s tiempo.Es la mejor opci\u00f3n para los amantes del vape que desean sabor y satisfacci\u00f3n duraderos.<\/p>\n<p>Con un enorme 12,000 bocanadas y 22 ml de e-l\u00edquido, Maskking Axi 12000 le da m\u00e1s por m\u00e1s tiempo.Es la mejor opci\u00f3n para los amantes del vape que desean sabor y satisfacci\u00f3n duraderos.<\/p>\n<p>Con un enorme 12,000 bocanadas y 22 ml de e-l\u00edquido, Maskking Axi 12000 le da m\u00e1s por m\u00e1s tiempo.Es la mejor opci\u00f3n para los amantes del vape que desean sabor y satisfacci\u00f3n duraderos.<\/p>\n<p>Con un enorme 12,000 bocanadas y 22 ml de e-l\u00edquido, Maskking Axi 12000 le da m\u00e1s por m\u00e1s tiempo.Es la mejor opci\u00f3n para los amantes del vape que desean sabor y satisfacci\u00f3n duraderos.<\/p>\n<p>Con un enorme 12,000 bocanadas y 22 ml de e-l\u00edquido, Maskking Axi 12000 le da m\u00e1s por m\u00e1s tiempo.Es la mejor opci\u00f3n para los amantes del vape que desean sabor y satisfacci\u00f3n duraderos.<\/p>\n<p>Con un enorme 12,000 bocanadas y 22 ml de e-l\u00edquido, Maskking Axi 12000 le da m\u00e1s por m\u00e1s tiempo.Es la mejor opci\u00f3n para los amantes del vape que desean sabor y satisfacci\u00f3n duraderos.<\/p>\n<p>Con un enorme 12,000 bocanadas y 22 ml de e-l\u00edquido, Maskking Axi 12000 le da m\u00e1s por m\u00e1s tiempo.Es la mejor opci\u00f3n para los amantes del vape que desean sabor y satisfacci\u00f3n duraderos.<\/p>\n<p>Con un enorme 12,000 bocanadas y 22 ml de e-l\u00edquido, Maskking Axi 12000 le da m\u00e1s por m\u00e1s tiempo.Es la mejor opci\u00f3n para los amantes del vape que desean sabor y satisfacci\u00f3n duraderos.<\/p>\n<p>Con un enorme 12,000 bocanadas y 22 ml de e-l\u00edquido, Maskking Axi 12000 le da m\u00e1s por m\u00e1s tiempo.Es la mejor opci\u00f3n para los amantes del vape que desean sabor y satisfacci\u00f3n duraderos.<\/p>\n<p>Con un enorme 12,000 bocanadas y 22 ml de e-l\u00edquido, Maskking Axi 12000 le da m\u00e1s por m\u00e1s tiempo.Es la mejor opci\u00f3n para los amantes del vape que desean sabor y satisfacci\u00f3n duraderos.<\/p>\n<p>Con un enorme 12,000 bocanadas y 22 ml de e-l\u00edquido, Maskking Axi 12000 le da m\u00e1s por m\u00e1s tiempo.Es la mejor opci\u00f3n para los amantes del vape que desean sabor y satisfacci\u00f3n duraderos.<\/p>\n<p>Con un enorme 12,000 bocanadas y 22 ml de e-l\u00edquido, Maskking Axi 12000 le da m\u00e1s por m\u00e1s tiempo.Es la mejor opci\u00f3n para los amantes del vape que desean sabor y satisfacci\u00f3n duraderos.<\/p>\n<p>Con un enorme 12,000 bocanadas y 22 ml de e-l\u00edquido, Maskking Axi 12000 le da m\u00e1s por m\u00e1s tiempo.Es la mejor opci\u00f3n para los amantes del vape que desean sabor y satisfacci\u00f3n duraderos.<\/p>\n","protected":false},"excerpt":{"rendered":"<p>1. Maskking Axi 12000 - 12,000 bocanadas de placer puro de vapeo<\/p>\n<p>Con un enorme 12,000 bocanadas y 22 ml de e-l\u00edquido, Maskking Axi 12000 le da m\u00e1s por m\u00e1s tiempo.Es la mejor opci\u00f3n para los amantes del vape que desean sabor y sat<\/p>\n","protected":false},"featured_media":1110186011,"template":"","meta":{"_acf_changed":false,"_eb_attr":"","site-sidebar-layout":"default","site-content-layout":"","ast-site-content-layout":"","site-content-style":"default","site-sidebar-style":"default","ast-global-header-display":"","ast-banner-title-visibility":"","ast-main-header-display":"","ast-hfb-above-header-display":"","ast-hfb-below-header-display":"","ast-hfb-mobile-header-display":"","site-post-title":"","ast-breadcrumbs-content":"","ast-featured-img":"","footer-sml-layout":"","theme-transparent-header-meta":"","adv-header-id-meta":"","stick-header-meta":"","header-above-stick-meta":"","header-main-stick-meta":"","header-below-stick-meta":"","astra-migrate-meta-layouts":"default","ast-page-background-enabled":"default","ast-page-background-meta":{"desktop":{"background-color":"","background-image":"","background-repeat":"repeat","background-position":"center center","background-size":"auto","background-attachment":"scroll","background-type":"","background-media":"","overlay-type":"","overlay-color":"","overlay-opacity":"","overlay-gradient":""},"tablet":{"background-color":"","background-image":"","background-repeat":"repeat","background-position":"center center","background-size":"auto","background-attachment":"scroll","background-type":"","background-media":"","overlay-type":"","overlay-color":"","overlay-opacity":"","overlay-gradient":""},"mobile":{"background-color":"","background-image":"","background-repeat":"repeat","background-position":"center center","background-size":"auto","background-attachment":"scroll","background-type":"","background-media":"","overlay-type":"","overlay-color":"","overlay-opacity":"","overlay-gradient":""}},"ast-content-background-meta":{"desktop":{"background-color":"var(--ast-global-color-5)","background-image":"","background-repeat":"repeat","background-position":"center center","background-size":"auto","background-attachment":"scroll","background-type":"","background-media":"","overlay-type":"","overlay-color":"","overlay-opacity":"","overlay-gradient":""},"tablet":{"background-color":"var(--ast-global-color-5)","background-image":"","background-repeat":"repeat","background-position":"center center","background-size":"auto","background-attachment":"scroll","background-type":"","background-media":"","overlay-type":"","overlay-color":"","overlay-opacity":"","overlay-gradient":""},"mobile":{"background-color":"var(--ast-global-color-5)","background-image":"","background-repeat":"repeat","background-position":"center center","background-size":"auto","background-attachment":"scroll","background-type":"","background-media":"","overlay-type":"","overlay-color":"","overlay-opacity":"","overlay-gradient":""}}},"product_brand":[],"product_cat":[172],"product_tag":[],"class_list":{"0":"post-1012135305","1":"product","2":"type-product","3":"status-publish","4":"has-post-thumbnail","6":"product_cat-maskking-vape","7":"desktop-align-left","8":"tablet-align-left","9":"mobile-align-left","11":"first","12":"instock","13":"shipping-taxable","14":"product-type-simple"},"acf":[],"yoast_head":"<!-- This site is optimized with the Yoast SEO plugin v25.0 - https:\/\/yoast.com\/wordpress\/plugins\/seo\/ -->\n<title>Con un enorme 12,000 bocanadas y 22 ml de e-l\u00edquido, Maskking Axi 12000 le da m\u00e1s por m\u00e1s tiempo.Es la mejor opci\u00f3n para los amantes del vape que desean sabor y satisfacci\u00f3n duraderos. - GraceBar<\/title>\n<meta name=\"robots\" content=\"index, follow, max-snippet:-1, max-image-preview:large, max-video-preview:-1\" \/>\n<link rel=\"canonical\" href=\"https:\/\/gracebarvape.com\/es\/maskking-axi-12000\/\" \/>\n<meta property=\"og:locale\" content=\"es_ES\" \/>\n<meta property=\"og:type\" content=\"article\" \/>\n<meta property=\"og:title\" content=\"Con un enorme 12,000 bocanadas y 22 ml de e-l\u00edquido, Maskking Axi 12000 le da m\u00e1s por m\u00e1s tiempo.Es la mejor opci\u00f3n para los amantes del vape que desean sabor y satisfacci\u00f3n duraderos. - GraceBar\" \/>\n<meta property=\"og:description\" content=\"1. Maskking Axi 12000 - 12,000 bocanadas de placer puro de vapeo Con un enorme 12,000 bocanadas y 22 ml de e-l\u00edquido, Maskking Axi 12000 le da m\u00e1s por m\u00e1s tiempo.Es la mejor opci\u00f3n para los amantes del vape que desean sabor y sat\" \/>\n<meta property=\"og:url\" content=\"https:\/\/gracebarvape.com\/es\/maskking-axi-12000\/\" \/>\n<meta property=\"og:site_name\" content=\"GraceBar\" \/>\n<meta property=\"article:modified_time\" content=\"2025-04-25T01:55:52+00:00\" \/>\n<meta property=\"og:image\" content=\"https:\/\/gracebarvape.com\/wp-content\/uploads\/2024\/09\/maskking-axi-12000-pineapple-peach-mango.webp\" \/>\n\t<meta property=\"og:image:width\" content=\"550\" \/>\n\t<meta property=\"og:image:height\" content=\"550\" \/>\n\t<meta property=\"og:image:type\" content=\"image\/webp\" \/>\n<meta name=\"twitter:card\" content=\"summary_large_image\" \/>\n<meta name=\"twitter:label1\" content=\"Tiempo de lectura\" \/>\n\t<meta name=\"twitter:data1\" content=\"4 minutos\" \/>\n<script type=\"application\/ld+json\" class=\"yoast-schema-graph\">{\"@context\":\"https:\/\/schema.org\",\"@graph\":[{\"@type\":\"WebPage\",\"@id\":\"https:\/\/gracebarvape.com\/es\/maskking-axi-12000\/\",\"url\":\"https:\/\/gracebarvape.com\/es\/maskking-axi-12000\/\",\"name\":\"Con un enorme 12,000 bocanadas y 22 ml de e-l\u00edquido, Maskking Axi 12000 le da m\u00e1s por m\u00e1s tiempo.Es la mejor opci\u00f3n para los amantes del vape que desean sabor y satisfacci\u00f3n duraderos. - GraceBar\",\"isPartOf\":{\"@id\":\"https:\/\/blanchedalmond-wren-221816.hostingersite.com\/#website\"},\"primaryImageOfPage\":{\"@id\":\"https:\/\/gracebarvape.com\/es\/maskking-axi-12000\/#primaryimage\"},\"image\":{\"@id\":\"https:\/\/gracebarvape.com\/es\/maskking-axi-12000\/#primaryimage\"},\"thumbnailUrl\":\"https:\/\/gracebarvape.com\/wp-content\/uploads\/2024\/09\/maskking-axi-12000-pineapple-peach-mango.webp\",\"datePublished\":\"2024-12-08T07:08:31+00:00\",\"dateModified\":\"2025-04-25T01:55:52+00:00\",\"breadcrumb\":{\"@id\":\"https:\/\/gracebarvape.com\/es\/maskking-axi-12000\/#breadcrumb\"},\"inLanguage\":\"es\",\"potentialAction\":[{\"@type\":\"ReadAction\",\"target\":[\"https:\/\/gracebarvape.com\/es\/maskking-axi-12000\/\"]}]},{\"@type\":\"ImageObject\",\"inLanguage\":\"es\",\"@id\":\"https:\/\/gracebarvape.com\/es\/maskking-axi-12000\/#primaryimage\",\"url\":\"https:\/\/gracebarvape.com\/wp-content\/uploads\/2024\/09\/maskking-axi-12000-pineapple-peach-mango.webp\",\"contentUrl\":\"https:\/\/gracebarvape.com\/wp-content\/uploads\/2024\/09\/maskking-axi-12000-pineapple-peach-mango.webp\",\"width\":550,\"height\":550,\"caption\":\"Maskking Axi 12000 Pineapple Peach Mango\"},{\"@type\":\"BreadcrumbList\",\"@id\":\"https:\/\/gracebarvape.com\/es\/maskking-axi-12000\/#breadcrumb\",\"itemListElement\":[{\"@type\":\"ListItem\",\"position\":1,\"name\":\"Home\",\"item\":\"https:\/\/gracebarvape.com\/es\/\"},{\"@type\":\"ListItem\",\"position\":2,\"name\":\"Term\u00e9kek\",\"item\":\"https:\/\/gracebarvape.com\/en\/products\/\"},{\"@type\":\"ListItem\",\"position\":3,\"name\":\"Con un enorme 12,000 bocanadas y 22 ml de e-l\u00edquido, Maskking Axi 12000 le da m\u00e1s por m\u00e1s tiempo.Es la mejor opci\u00f3n para los amantes del vape que desean sabor y satisfacci\u00f3n duraderos.\"}]},{\"@type\":\"WebSite\",\"@id\":\"https:\/\/blanchedalmond-wren-221816.hostingersite.com\/#website\",\"url\":\"https:\/\/blanchedalmond-wren-221816.hostingersite.com\/\",\"name\":\"GraceBar\",\"description\":\"\",\"publisher\":{\"@id\":\"https:\/\/blanchedalmond-wren-221816.hostingersite.com\/#organization\"},\"potentialAction\":[{\"@type\":\"SearchAction\",\"target\":{\"@type\":\"EntryPoint\",\"urlTemplate\":\"https:\/\/blanchedalmond-wren-221816.hostingersite.com\/?s={search_term_string}\"},\"query-input\":{\"@type\":\"PropertyValueSpecification\",\"valueRequired\":true,\"valueName\":\"search_term_string\"}}],\"inLanguage\":\"es\"},{\"@type\":\"Organization\",\"@id\":\"https:\/\/blanchedalmond-wren-221816.hostingersite.com\/#organization\",\"name\":\"GraceBar\",\"url\":\"https:\/\/blanchedalmond-wren-221816.hostingersite.com\/\",\"logo\":{\"@type\":\"ImageObject\",\"inLanguage\":\"es\",\"@id\":\"https:\/\/blanchedalmond-wren-221816.hostingersite.com\/#\/schema\/logo\/image\/\",\"url\":\"https:\/\/gracebarvape.com\/wp-content\/uploads\/2024\/08\/cropped-Logo-GB-removebg.png\",\"contentUrl\":\"https:\/\/gracebarvape.com\/wp-content\/uploads\/2024\/08\/cropped-Logo-GB-removebg.png\",\"width\":500,\"height\":167,\"caption\":\"GraceBar\"},\"image\":{\"@id\":\"https:\/\/blanchedalmond-wren-221816.hostingersite.com\/#\/schema\/logo\/image\/\"}}]}<\/script>\n<!-- \/ Yoast SEO plugin. -->","yoast_head_json":{"title":"Con un enorme 12,000 bocanadas y 22 ml de e-l\u00edquido, Maskking Axi 12000 le da m\u00e1s por m\u00e1s tiempo.Es la mejor opci\u00f3n para los amantes del vape que desean sabor y satisfacci\u00f3n duraderos. - GraceBar","robots":{"index":"index","follow":"follow","max-snippet":"max-snippet:-1","max-image-preview":"max-image-preview:large","max-video-preview":"max-video-preview:-1"},"canonical":"https:\/\/gracebarvape.com\/es\/maskking-axi-12000\/","og_locale":"es_ES","og_type":"article","og_title":"Con un enorme 12,000 bocanadas y 22 ml de e-l\u00edquido, Maskking Axi 12000 le da m\u00e1s por m\u00e1s tiempo.Es la mejor opci\u00f3n para los amantes del vape que desean sabor y satisfacci\u00f3n duraderos. - GraceBar","og_description":"1. Maskking Axi 12000 - 12,000 bocanadas de placer puro de vapeo Con un enorme 12,000 bocanadas y 22 ml de e-l\u00edquido, Maskking Axi 12000 le da m\u00e1s por m\u00e1s tiempo.Es la mejor opci\u00f3n para los amantes del vape que desean sabor y sat","og_url":"https:\/\/gracebarvape.com\/es\/maskking-axi-12000\/","og_site_name":"GraceBar","article_modified_time":"2025-04-25T01:55:52+00:00","og_image":[{"width":550,"height":550,"url":"https:\/\/gracebarvape.com\/wp-content\/uploads\/2024\/09\/maskking-axi-12000-pineapple-peach-mango.webp","type":"image\/webp"}],"twitter_card":"summary_large_image","twitter_misc":{"Tiempo de lectura":"4 minutos"},"schema":{"@context":"https:\/\/schema.org","@graph":[{"@type":"WebPage","@id":"https:\/\/gracebarvape.com\/es\/maskking-axi-12000\/","url":"https:\/\/gracebarvape.com\/es\/maskking-axi-12000\/","name":"Con un enorme 12,000 bocanadas y 22 ml de e-l\u00edquido, Maskking Axi 12000 le da m\u00e1s por m\u00e1s tiempo.Es la mejor opci\u00f3n para los amantes del vape que desean sabor y satisfacci\u00f3n duraderos. - GraceBar","isPartOf":{"@id":"https:\/\/blanchedalmond-wren-221816.hostingersite.com\/#website"},"primaryImageOfPage":{"@id":"https:\/\/gracebarvape.com\/es\/maskking-axi-12000\/#primaryimage"},"image":{"@id":"https:\/\/gracebarvape.com\/es\/maskking-axi-12000\/#primaryimage"},"thumbnailUrl":"https:\/\/gracebarvape.com\/wp-content\/uploads\/2024\/09\/maskking-axi-12000-pineapple-peach-mango.webp","datePublished":"2024-12-08T07:08:31+00:00","dateModified":"2025-04-25T01:55:52+00:00","breadcrumb":{"@id":"https:\/\/gracebarvape.com\/es\/maskking-axi-12000\/#breadcrumb"},"inLanguage":"es","potentialAction":[{"@type":"ReadAction","target":["https:\/\/gracebarvape.com\/es\/maskking-axi-12000\/"]}]},{"@type":"ImageObject","inLanguage":"es","@id":"https:\/\/gracebarvape.com\/es\/maskking-axi-12000\/#primaryimage","url":"https:\/\/gracebarvape.com\/wp-content\/uploads\/2024\/09\/maskking-axi-12000-pineapple-peach-mango.webp","contentUrl":"https:\/\/gracebarvape.com\/wp-content\/uploads\/2024\/09\/maskking-axi-12000-pineapple-peach-mango.webp","width":550,"height":550,"caption":"Maskking Axi 12000 Pineapple Peach Mango"},{"@type":"BreadcrumbList","@id":"https:\/\/gracebarvape.com\/es\/maskking-axi-12000\/#breadcrumb","itemListElement":[{"@type":"ListItem","position":1,"name":"Home","item":"https:\/\/gracebarvape.com\/es\/"},{"@type":"ListItem","position":2,"name":"Term\u00e9kek","item":"https:\/\/gracebarvape.com\/en\/products\/"},{"@type":"ListItem","position":3,"name":"Con un enorme 12,000 bocanadas y 22 ml de e-l\u00edquido, Maskking Axi 12000 le da m\u00e1s por m\u00e1s tiempo.Es la mejor opci\u00f3n para los amantes del vape que desean sabor y satisfacci\u00f3n duraderos."}]},{"@type":"WebSite","@id":"https:\/\/blanchedalmond-wren-221816.hostingersite.com\/#website","url":"https:\/\/blanchedalmond-wren-221816.hostingersite.com\/","name":"GraceBar","description":"","publisher":{"@id":"https:\/\/blanchedalmond-wren-221816.hostingersite.com\/#organization"},"potentialAction":[{"@type":"SearchAction","target":{"@type":"EntryPoint","urlTemplate":"https:\/\/blanchedalmond-wren-221816.hostingersite.com\/?s={search_term_string}"},"query-input":{"@type":"PropertyValueSpecification","valueRequired":true,"valueName":"search_term_string"}}],"inLanguage":"es"},{"@type":"Organization","@id":"https:\/\/blanchedalmond-wren-221816.hostingersite.com\/#organization","name":"GraceBar","url":"https:\/\/blanchedalmond-wren-221816.hostingersite.com\/","logo":{"@type":"ImageObject","inLanguage":"es","@id":"https:\/\/blanchedalmond-wren-221816.hostingersite.com\/#\/schema\/logo\/image\/","url":"https:\/\/gracebarvape.com\/wp-content\/uploads\/2024\/08\/cropped-Logo-GB-removebg.png","contentUrl":"https:\/\/gracebarvape.com\/wp-content\/uploads\/2024\/08\/cropped-Logo-GB-removebg.png","width":500,"height":167,"caption":"GraceBar"},"image":{"@id":"https:\/\/blanchedalmond-wren-221816.hostingersite.com\/#\/schema\/logo\/image\/"}}]}},"_links":{"self":[{"href":"https:\/\/gracebarvape.com\/es\/wp-json\/wp\/v2\/product\/1012135305","targetHints":{"allow":["GET"]}}],"collection":[{"href":"https:\/\/gracebarvape.com\/es\/wp-json\/wp\/v2\/product"}],"about":[{"href":"https:\/\/gracebarvape.com\/es\/wp-json\/wp\/v2\/types\/product"}],"version-history":[{"count":0,"href":"https:\/\/gracebarvape.com\/es\/wp-json\/wp\/v2\/product\/1012135305\/revisions"}],"wp:featuredmedia":[{"embeddable":true,"href":"https:\/\/gracebarvape.com\/es\/wp-json\/wp\/v2\/media\/1110186011"}],"wp:attachment":[{"href":"https:\/\/gracebarvape.com\/es\/wp-json\/wp\/v2\/media?parent=1012135305"}],"wp:term":[{"taxonomy":"product_brand","embeddable":true,"href":"https:\/\/gracebarvape.com\/es\/wp-json\/wp\/v2\/product_brand?post=1012135305"},{"taxonomy":"product_cat","embeddable":true,"href":"https:\/\/gracebarvape.com\/es\/wp-json\/wp\/v2\/product_cat?post=1012135305"},{"taxonomy":"product_tag","embeddable":true,"href":"https:\/\/gracebarvape.com\/es\/wp-json\/wp\/v2\/product_tag?post=1012135305"}],"curies":[{"name":"wp","href":"https:\/\/api.w.org\/{rel}","templated":true}]}}