{"id":1012145401,"date":"2024-12-08T15:07:47","date_gmt":"2024-12-08T07:07:47","guid":{"rendered":"https:\/\/gracebarvape.com\/breze-stiik-bs8500\/"},"modified":"2025-04-25T09:55:55","modified_gmt":"2025-04-25T01:55:55","slug":"breze-stiik-bs8500","status":"publish","type":"product","link":"https:\/\/gracebarvape.com\/es\/breze-stiik-bs8500\/","title":{"rendered":"Breze Stiken BS8500"},"content":{"rendered":"<p>1. Breze Stiik BS8500 - 8,500 bocanadas de satisfacci\u00f3n de vapeo puro<br \/>\n\u00bfListo para elevar su l\u00ednea de productos?El Breze Stiik BS8500 ofrece hasta 8,500 bocanadas en un dise\u00f1o elegante y compacto.Con un cartucho E-Liquid pre-relleno de 17 ml, este vape est\u00e1 construido para la longevidad, que ofrece un sabor constante con cada bocanada.Para los distribuidores que buscan almacenar un dispositivo confiable y duradero, esta es la elecci\u00f3n perfecta.<\/p>\n<p>2. Bater\u00eda recargable y bobina de malla: rendimiento inigualable<br \/>\nEl Breze Stiik BS8500 presenta una bater\u00eda recargable de 600 mAh con carga tipo C, por lo que sus clientes pasan m\u00e1s tiempo vapeando y menos tiempo esperando.La bobina de malla de 1.2\u03a9 garantiza un sabor suave e intenso en cada golpe, ofreciendo una experiencia premium que hace que los usuarios regresen.<\/p>\n<p>3. Pedidos masivos directamente desde China - Precios de f\u00e1brica y listos para enviar<br \/>\n\u00a1Deja de pagar en exceso para los vapos al por mayor!El Breze Stiik BS8500 est\u00e1 disponible a precios competitivos de f\u00e1brica directamente de los principales fabricantes de China.Con opciones personalizables y m\u00faltiples fortalezas de nicotina, puede ordenar a granel y obtener exactamente lo que necesita.Siempre en stock y listo para enviar, asegurando que pueda satisfacer su demanda con facilidad.<\/p>\n<p>4. 12 Opciones de sabor: \u00a1una emocionante variedad de gustos!<br \/>\nImpresione a sus clientes con 12 sabores \u00fanicos y vibrantes.Desde la refrescante menta de lim\u00f3n hasta la ex\u00f3tica explosi\u00f3n del arco iris tropical, hay un sabor por cada preferencia.Ya sea que anhelen la dulzura del helado de fresa o la audaz patada de hielo de bebida energ\u00e9tica, el Breze Stiik BS8500 tiene algo para todos.Mantenga sus ofertas emocionantes y diversas con esta amplia selecci\u00f3n de sabores.<\/p>\n<p>5. Citas r\u00e1pidas y muestras gratuitas: obtenga el mejor valor en vapees desechables a granel<br \/>\n\u00bfQuiere experimentar la calidad antes de comprometerse?Solicite una muestra gratuita del Breze Stiik BS8500 para ver por qu\u00e9 es una mejor opci\u00f3n para minoristas y distribuidores.Con cotizaciones r\u00e1pidas y f\u00e1ciles y precios a granel competitivos, puede abastecerse de un producto de alta demanda sin romper el banco.<\/p>\n","protected":false},"excerpt":{"rendered":"<p>1. Breze Stiik BS8500 - 8,500 bocanadas de satisfacci\u00f3n de vapeo puro<br \/>\n\u00bfListo para elevar su l\u00ednea de productos?El Breze Stiik BS8500 ofrece hasta 8,500 bocanadas en un dise\u00f1o elegante y compacto.Con un cartucho E-Liquid pre-relleno d<\/p>\n","protected":false},"featured_media":0,"template":"","meta":{"_acf_changed":false,"_eb_attr":"","site-sidebar-layout":"default","site-content-layout":"","ast-site-content-layout":"","site-content-style":"default","site-sidebar-style":"default","ast-global-header-display":"","ast-banner-title-visibility":"","ast-main-header-display":"","ast-hfb-above-header-display":"","ast-hfb-below-header-display":"","ast-hfb-mobile-header-display":"","site-post-title":"","ast-breadcrumbs-content":"","ast-featured-img":"","footer-sml-layout":"","theme-transparent-header-meta":"","adv-header-id-meta":"","stick-header-meta":"","header-above-stick-meta":"","header-main-stick-meta":"","header-below-stick-meta":"","astra-migrate-meta-layouts":"default","ast-page-background-enabled":"default","ast-page-background-meta":{"desktop":{"background-color":"","background-image":"","background-repeat":"repeat","background-position":"center center","background-size":"auto","background-attachment":"scroll","background-type":"","background-media":"","overlay-type":"","overlay-color":"","overlay-opacity":"","overlay-gradient":""},"tablet":{"background-color":"","background-image":"","background-repeat":"repeat","background-position":"center center","background-size":"auto","background-attachment":"scroll","background-type":"","background-media":"","overlay-type":"","overlay-color":"","overlay-opacity":"","overlay-gradient":""},"mobile":{"background-color":"","background-image":"","background-repeat":"repeat","background-position":"center center","background-size":"auto","background-attachment":"scroll","background-type":"","background-media":"","overlay-type":"","overlay-color":"","overlay-opacity":"","overlay-gradient":""}},"ast-content-background-meta":{"desktop":{"background-color":"var(--ast-global-color-5)","background-image":"","background-repeat":"repeat","background-position":"center center","background-size":"auto","background-attachment":"scroll","background-type":"","background-media":"","overlay-type":"","overlay-color":"","overlay-opacity":"","overlay-gradient":""},"tablet":{"background-color":"var(--ast-global-color-5)","background-image":"","background-repeat":"repeat","background-position":"center center","background-size":"auto","background-attachment":"scroll","background-type":"","background-media":"","overlay-type":"","overlay-color":"","overlay-opacity":"","overlay-gradient":""},"mobile":{"background-color":"var(--ast-global-color-5)","background-image":"","background-repeat":"repeat","background-position":"center center","background-size":"auto","background-attachment":"scroll","background-type":"","background-media":"","overlay-type":"","overlay-color":"","overlay-opacity":"","overlay-gradient":""}}},"product_brand":[],"product_cat":[168],"product_tag":[],"class_list":{"0":"post-1012145401","1":"product","2":"type-product","3":"status-publish","5":"product_cat-breze-stiik-vape","6":"desktop-align-left","7":"tablet-align-left","8":"mobile-align-left","10":"first","11":"instock","12":"shipping-taxable","13":"product-type-simple"},"acf":[],"yoast_head":"<!-- This site is optimized with the Yoast SEO plugin v25.0 - https:\/\/yoast.com\/wordpress\/plugins\/seo\/ -->\n<title>Breze Stiken BS8500 - GraceBar<\/title>\n<meta name=\"robots\" content=\"index, follow, max-snippet:-1, max-image-preview:large, max-video-preview:-1\" \/>\n<link rel=\"canonical\" href=\"https:\/\/gracebarvape.com\/es\/breze-stiik-bs8500\/\" \/>\n<meta property=\"og:locale\" content=\"es_ES\" \/>\n<meta property=\"og:type\" content=\"article\" \/>\n<meta property=\"og:title\" content=\"Breze Stiken BS8500 - GraceBar\" \/>\n<meta property=\"og:description\" content=\"1. Breze Stiik BS8500 - 8,500 bocanadas de satisfacci\u00f3n de vapeo puro \u00bfListo para elevar su l\u00ednea de productos?El Breze Stiik BS8500 ofrece hasta 8,500 bocanadas en un dise\u00f1o elegante y compacto.Con un cartucho E-Liquid pre-relleno d\" \/>\n<meta property=\"og:url\" content=\"https:\/\/gracebarvape.com\/es\/breze-stiik-bs8500\/\" \/>\n<meta property=\"og:site_name\" content=\"GraceBar\" \/>\n<meta property=\"article:modified_time\" content=\"2025-04-25T01:55:55+00:00\" \/>\n<meta name=\"twitter:card\" content=\"summary_large_image\" \/>\n<meta name=\"twitter:label1\" content=\"Tiempo de lectura\" \/>\n\t<meta name=\"twitter:data1\" content=\"2 minutos\" \/>\n<script type=\"application\/ld+json\" class=\"yoast-schema-graph\">{\"@context\":\"https:\/\/schema.org\",\"@graph\":[{\"@type\":\"WebPage\",\"@id\":\"https:\/\/gracebarvape.com\/es\/breze-stiik-bs8500\/\",\"url\":\"https:\/\/gracebarvape.com\/es\/breze-stiik-bs8500\/\",\"name\":\"Breze Stiken BS8500 - GraceBar\",\"isPartOf\":{\"@id\":\"https:\/\/blanchedalmond-wren-221816.hostingersite.com\/#website\"},\"datePublished\":\"2024-12-08T07:07:47+00:00\",\"dateModified\":\"2025-04-25T01:55:55+00:00\",\"breadcrumb\":{\"@id\":\"https:\/\/gracebarvape.com\/es\/breze-stiik-bs8500\/#breadcrumb\"},\"inLanguage\":\"es\",\"potentialAction\":[{\"@type\":\"ReadAction\",\"target\":[\"https:\/\/gracebarvape.com\/es\/breze-stiik-bs8500\/\"]}]},{\"@type\":\"BreadcrumbList\",\"@id\":\"https:\/\/gracebarvape.com\/es\/breze-stiik-bs8500\/#breadcrumb\",\"itemListElement\":[{\"@type\":\"ListItem\",\"position\":1,\"name\":\"Home\",\"item\":\"https:\/\/gracebarvape.com\/es\/\"},{\"@type\":\"ListItem\",\"position\":2,\"name\":\"Term\u00e9kek\",\"item\":\"https:\/\/gracebarvape.com\/en\/products\/\"},{\"@type\":\"ListItem\",\"position\":3,\"name\":\"Breze Stiken BS8500\"}]},{\"@type\":\"WebSite\",\"@id\":\"https:\/\/blanchedalmond-wren-221816.hostingersite.com\/#website\",\"url\":\"https:\/\/blanchedalmond-wren-221816.hostingersite.com\/\",\"name\":\"GraceBar\",\"description\":\"\",\"publisher\":{\"@id\":\"https:\/\/blanchedalmond-wren-221816.hostingersite.com\/#organization\"},\"potentialAction\":[{\"@type\":\"SearchAction\",\"target\":{\"@type\":\"EntryPoint\",\"urlTemplate\":\"https:\/\/blanchedalmond-wren-221816.hostingersite.com\/?s={search_term_string}\"},\"query-input\":{\"@type\":\"PropertyValueSpecification\",\"valueRequired\":true,\"valueName\":\"search_term_string\"}}],\"inLanguage\":\"es\"},{\"@type\":\"Organization\",\"@id\":\"https:\/\/blanchedalmond-wren-221816.hostingersite.com\/#organization\",\"name\":\"GraceBar\",\"url\":\"https:\/\/blanchedalmond-wren-221816.hostingersite.com\/\",\"logo\":{\"@type\":\"ImageObject\",\"inLanguage\":\"es\",\"@id\":\"https:\/\/blanchedalmond-wren-221816.hostingersite.com\/#\/schema\/logo\/image\/\",\"url\":\"https:\/\/gracebarvape.com\/wp-content\/uploads\/2024\/08\/cropped-Logo-GB-removebg.png\",\"contentUrl\":\"https:\/\/gracebarvape.com\/wp-content\/uploads\/2024\/08\/cropped-Logo-GB-removebg.png\",\"width\":500,\"height\":167,\"caption\":\"GraceBar\"},\"image\":{\"@id\":\"https:\/\/blanchedalmond-wren-221816.hostingersite.com\/#\/schema\/logo\/image\/\"}}]}<\/script>\n<!-- \/ Yoast SEO plugin. -->","yoast_head_json":{"title":"Breze Stiken BS8500 - GraceBar","robots":{"index":"index","follow":"follow","max-snippet":"max-snippet:-1","max-image-preview":"max-image-preview:large","max-video-preview":"max-video-preview:-1"},"canonical":"https:\/\/gracebarvape.com\/es\/breze-stiik-bs8500\/","og_locale":"es_ES","og_type":"article","og_title":"Breze Stiken BS8500 - GraceBar","og_description":"1. Breze Stiik BS8500 - 8,500 bocanadas de satisfacci\u00f3n de vapeo puro \u00bfListo para elevar su l\u00ednea de productos?El Breze Stiik BS8500 ofrece hasta 8,500 bocanadas en un dise\u00f1o elegante y compacto.Con un cartucho E-Liquid pre-relleno d","og_url":"https:\/\/gracebarvape.com\/es\/breze-stiik-bs8500\/","og_site_name":"GraceBar","article_modified_time":"2025-04-25T01:55:55+00:00","twitter_card":"summary_large_image","twitter_misc":{"Tiempo de lectura":"2 minutos"},"schema":{"@context":"https:\/\/schema.org","@graph":[{"@type":"WebPage","@id":"https:\/\/gracebarvape.com\/es\/breze-stiik-bs8500\/","url":"https:\/\/gracebarvape.com\/es\/breze-stiik-bs8500\/","name":"Breze Stiken BS8500 - GraceBar","isPartOf":{"@id":"https:\/\/blanchedalmond-wren-221816.hostingersite.com\/#website"},"datePublished":"2024-12-08T07:07:47+00:00","dateModified":"2025-04-25T01:55:55+00:00","breadcrumb":{"@id":"https:\/\/gracebarvape.com\/es\/breze-stiik-bs8500\/#breadcrumb"},"inLanguage":"es","potentialAction":[{"@type":"ReadAction","target":["https:\/\/gracebarvape.com\/es\/breze-stiik-bs8500\/"]}]},{"@type":"BreadcrumbList","@id":"https:\/\/gracebarvape.com\/es\/breze-stiik-bs8500\/#breadcrumb","itemListElement":[{"@type":"ListItem","position":1,"name":"Home","item":"https:\/\/gracebarvape.com\/es\/"},{"@type":"ListItem","position":2,"name":"Term\u00e9kek","item":"https:\/\/gracebarvape.com\/en\/products\/"},{"@type":"ListItem","position":3,"name":"Breze Stiken BS8500"}]},{"@type":"WebSite","@id":"https:\/\/blanchedalmond-wren-221816.hostingersite.com\/#website","url":"https:\/\/blanchedalmond-wren-221816.hostingersite.com\/","name":"GraceBar","description":"","publisher":{"@id":"https:\/\/blanchedalmond-wren-221816.hostingersite.com\/#organization"},"potentialAction":[{"@type":"SearchAction","target":{"@type":"EntryPoint","urlTemplate":"https:\/\/blanchedalmond-wren-221816.hostingersite.com\/?s={search_term_string}"},"query-input":{"@type":"PropertyValueSpecification","valueRequired":true,"valueName":"search_term_string"}}],"inLanguage":"es"},{"@type":"Organization","@id":"https:\/\/blanchedalmond-wren-221816.hostingersite.com\/#organization","name":"GraceBar","url":"https:\/\/blanchedalmond-wren-221816.hostingersite.com\/","logo":{"@type":"ImageObject","inLanguage":"es","@id":"https:\/\/blanchedalmond-wren-221816.hostingersite.com\/#\/schema\/logo\/image\/","url":"https:\/\/gracebarvape.com\/wp-content\/uploads\/2024\/08\/cropped-Logo-GB-removebg.png","contentUrl":"https:\/\/gracebarvape.com\/wp-content\/uploads\/2024\/08\/cropped-Logo-GB-removebg.png","width":500,"height":167,"caption":"GraceBar"},"image":{"@id":"https:\/\/blanchedalmond-wren-221816.hostingersite.com\/#\/schema\/logo\/image\/"}}]}},"_links":{"self":[{"href":"https:\/\/gracebarvape.com\/es\/wp-json\/wp\/v2\/product\/1012145401","targetHints":{"allow":["GET"]}}],"collection":[{"href":"https:\/\/gracebarvape.com\/es\/wp-json\/wp\/v2\/product"}],"about":[{"href":"https:\/\/gracebarvape.com\/es\/wp-json\/wp\/v2\/types\/product"}],"version-history":[{"count":0,"href":"https:\/\/gracebarvape.com\/es\/wp-json\/wp\/v2\/product\/1012145401\/revisions"}],"wp:attachment":[{"href":"https:\/\/gracebarvape.com\/es\/wp-json\/wp\/v2\/media?parent=1012145401"}],"wp:term":[{"taxonomy":"product_brand","embeddable":true,"href":"https:\/\/gracebarvape.com\/es\/wp-json\/wp\/v2\/product_brand?post=1012145401"},{"taxonomy":"product_cat","embeddable":true,"href":"https:\/\/gracebarvape.com\/es\/wp-json\/wp\/v2\/product_cat?post=1012145401"},{"taxonomy":"product_tag","embeddable":true,"href":"https:\/\/gracebarvape.com\/es\/wp-json\/wp\/v2\/product_tag?post=1012145401"}],"curies":[{"name":"wp","href":"https:\/\/api.w.org\/{rel}","templated":true}]}}