{"id":1012165602,"date":"2024-12-09T22:51:13","date_gmt":"2024-12-09T14:51:13","guid":{"rendered":"https:\/\/gracebarvape.com\/elf-box-digital-12000\/"},"modified":"2025-04-25T09:56:01","modified_gmt":"2025-04-25T01:56:01","slug":"elf-box-digital-12000","status":"publish","type":"product","link":"https:\/\/gracebarvape.com\/es\/elf-box-digital-12000\/","title":{"rendered":"Elf Box Digital 12000"},"content":{"rendered":"<p>1. Elf Box Digital 12000 - \u00a1El mejor vapor desechable con 12,000 bocanadas!<br \/>\n\u00bfCansado de quedarse sin hojaldres constantemente?El ELF Box Digital 12000 ofrece 12,000 hojaldres incre\u00edbles, lo que lo convierte en la opci\u00f3n para compradores a granel.Una masiva capacidad l\u00edquida de 25 ml asegura un sabor consistente hasta el \u00faltimo golpe.Distribuidores, regoc\u00edjese: no se trata m\u00e1s de vapos de baja capacidad que dejan a sus clientes con ganas de m\u00e1s.<\/p>\n<p>2. Vapes a granel directamente de los fabricantes en China: precios bajos, alta calidad<br \/>\n\u00bfBuscas vapes asequibles a granel?El ELF Box Digital 12000 est\u00e1 disponible directamente de los principales fabricantes de China.Ofrecemos precios directos de f\u00e1brica que no pueden ser superados, con opciones de personalizaci\u00f3n y diferentes mezclas de sabores.Ya sea que sea minorista o mayorista, tenemos un stock listo para un env\u00edo r\u00e1pido, asegurando que se mantenga a la vanguardia en el mercado.<\/p>\n<p>3. Pantalla inteligente para el seguimiento de l\u00edquidos y bater\u00edas: \u00a1no m\u00e1s conjeturas!<br \/>\n\u00a1Diga adi\u00f3s a las bater\u00edas muertas y los \u00e9xitos secos!El ELF Box Digital 12000 viene con una pantalla innovadora que muestra niveles de l\u00edquido y bater\u00eda.Con su bater\u00eda de 500 mAh y carga tipo C, obtiene una carga r\u00e1pida y un uso m\u00e1s largo.Este vape ofrece potencia y rendimiento, perfecto para vapers que desean confiabilidad sin sorpresas.<\/p>\n<p>4. Explore 20 sabores emocionantes: un gusto por cada entusiasta de los vape<br \/>\n\u00bfListo para sacudir tu selecci\u00f3n de sabores?El Elf Box Digital 12000 ofrece una amplia gama de 20 sabores.Desde el sabor fresco y refrescante del hielo de fresa hasta el golpe tropical del mel\u00f3n de coco, hay algo para todos.Ya sea que sus clientes prefieran la dulzura picante de la frambuesa agria de ar\u00e1ndanos o la mezcla suave de pl\u00e1tano de fresa, los mantendr\u00e1 regresando para m\u00e1s con esta alineaci\u00f3n llena de sabores.<\/p>\n<p>5. Vapes desechables al por mayor: \u00a1muestras gratuitas y citas competitivas!<br \/>\n\u00bfQuieres ver la calidad por ti mismo?Solicite una muestra gratuita del ELF Box Digital 12000 y obtenga una cotizaci\u00f3n r\u00e1pida sobre pedidos a granel.Con precios competitivos, fabricaci\u00f3n de alta calidad y una amplia gama de opciones personalizables, nunca ha sido m\u00e1s f\u00e1cil ordenar vapes desechables a granel.No se pierda la oportunidad de aumentar su negocio de vape con la \u00faltima tecnolog\u00eda de vape desechable m\u00e1s avanzada.<\/p>\n<p>Puntos de dolor abordados:<br \/>\nCapacidad limitada de hojaldre que conduce a reorderos constantes.<br \/>\nLuchando por encontrar proveedores de vape a granel confiables y asequibles.<br \/>\nDuraci\u00f3n de la bater\u00eda impredecible y falta de seguimiento de l\u00edquidos vape.<br \/>\nAburrimiento con opciones de sabor limitadas.<br \/>\nAltos costos y tarifas ocultas en el abastecimiento de productos mayoristas.<br \/>\nEl ELF Box Digital 12000 ofrece un alto recuento de hojaldre y un precio a granel directo de f\u00e1brica.Con sus caracter\u00edsticas avanzadas como la pantalla l\u00edquida y de bater\u00eda, est\u00e1 construido para usuarios que exigen m\u00e1s.Una variedad emocionante de 20 sabores se suma al atractivo, lo que lo convierte en el vape desechable perfecto para minoristas y distribuidores que buscan expandir sus ofertas.<\/p>\n","protected":false},"excerpt":{"rendered":"<p>1. Elf Box Digital 12000 - \u00a1El mejor vapor desechable con 12,000 bocanadas!<br \/>\n\u00bfCansado de quedarse sin hojaldres constantemente?El ELF Box Digital 12000 ofrece 12,000 hojaldres incre\u00edbles, lo que lo convierte en la opci\u00f3n para compradore<\/p>\n","protected":false},"featured_media":1110186089,"template":"","meta":{"_acf_changed":false,"_eb_attr":"","site-sidebar-layout":"default","site-content-layout":"","ast-site-content-layout":"","site-content-style":"default","site-sidebar-style":"default","ast-global-header-display":"","ast-banner-title-visibility":"","ast-main-header-display":"","ast-hfb-above-header-display":"","ast-hfb-below-header-display":"","ast-hfb-mobile-header-display":"","site-post-title":"","ast-breadcrumbs-content":"","ast-featured-img":"","footer-sml-layout":"","theme-transparent-header-meta":"","adv-header-id-meta":"","stick-header-meta":"","header-above-stick-meta":"","header-main-stick-meta":"","header-below-stick-meta":"","astra-migrate-meta-layouts":"default","ast-page-background-enabled":"default","ast-page-background-meta":{"desktop":{"background-color":"","background-image":"","background-repeat":"repeat","background-position":"center center","background-size":"auto","background-attachment":"scroll","background-type":"","background-media":"","overlay-type":"","overlay-color":"","overlay-opacity":"","overlay-gradient":""},"tablet":{"background-color":"","background-image":"","background-repeat":"repeat","background-position":"center center","background-size":"auto","background-attachment":"scroll","background-type":"","background-media":"","overlay-type":"","overlay-color":"","overlay-opacity":"","overlay-gradient":""},"mobile":{"background-color":"","background-image":"","background-repeat":"repeat","background-position":"center center","background-size":"auto","background-attachment":"scroll","background-type":"","background-media":"","overlay-type":"","overlay-color":"","overlay-opacity":"","overlay-gradient":""}},"ast-content-background-meta":{"desktop":{"background-color":"var(--ast-global-color-5)","background-image":"","background-repeat":"repeat","background-position":"center center","background-size":"auto","background-attachment":"scroll","background-type":"","background-media":"","overlay-type":"","overlay-color":"","overlay-opacity":"","overlay-gradient":""},"tablet":{"background-color":"var(--ast-global-color-5)","background-image":"","background-repeat":"repeat","background-position":"center center","background-size":"auto","background-attachment":"scroll","background-type":"","background-media":"","overlay-type":"","overlay-color":"","overlay-opacity":"","overlay-gradient":""},"mobile":{"background-color":"var(--ast-global-color-5)","background-image":"","background-repeat":"repeat","background-position":"center center","background-size":"auto","background-attachment":"scroll","background-type":"","background-media":"","overlay-type":"","overlay-color":"","overlay-opacity":"","overlay-gradient":""}}},"product_brand":[],"product_cat":[169],"product_tag":[],"class_list":{"0":"post-1012165602","1":"product","2":"type-product","3":"status-publish","4":"has-post-thumbnail","6":"product_cat-elf-box-vape","7":"desktop-align-left","8":"tablet-align-left","9":"mobile-align-left","11":"first","12":"instock","13":"shipping-taxable","14":"product-type-simple"},"acf":[],"yoast_head":"<!-- This site is optimized with the Yoast SEO plugin v25.0 - https:\/\/yoast.com\/wordpress\/plugins\/seo\/ -->\n<title>Elf Box Digital 12000 - GraceBar<\/title>\n<meta name=\"robots\" content=\"index, follow, max-snippet:-1, max-image-preview:large, max-video-preview:-1\" \/>\n<link rel=\"canonical\" href=\"https:\/\/gracebarvape.com\/es\/elf-box-digital-12000\/\" \/>\n<meta property=\"og:locale\" content=\"es_ES\" \/>\n<meta property=\"og:type\" content=\"article\" \/>\n<meta property=\"og:title\" content=\"Elf Box Digital 12000 - GraceBar\" \/>\n<meta property=\"og:description\" content=\"1. Elf Box Digital 12000 - \u00a1El mejor vapor desechable con 12,000 bocanadas! \u00bfCansado de quedarse sin hojaldres constantemente?El ELF Box Digital 12000 ofrece 12,000 hojaldres incre\u00edbles, lo que lo convierte en la opci\u00f3n para compradore\" \/>\n<meta property=\"og:url\" content=\"https:\/\/gracebarvape.com\/es\/elf-box-digital-12000\/\" \/>\n<meta property=\"og:site_name\" content=\"GraceBar\" \/>\n<meta property=\"article:modified_time\" content=\"2025-04-25T01:56:01+00:00\" \/>\n<meta property=\"og:image\" content=\"https:\/\/gracebarvape.com\/wp-content\/uploads\/2024\/09\/elf-box-digital-12000-apple.webp\" \/>\n\t<meta property=\"og:image:width\" content=\"1000\" \/>\n\t<meta property=\"og:image:height\" content=\"1000\" \/>\n\t<meta property=\"og:image:type\" content=\"image\/webp\" \/>\n<meta name=\"twitter:card\" content=\"summary_large_image\" \/>\n<meta name=\"twitter:label1\" content=\"Tiempo de lectura\" \/>\n\t<meta name=\"twitter:data1\" content=\"3 minutos\" \/>\n<script type=\"application\/ld+json\" class=\"yoast-schema-graph\">{\"@context\":\"https:\/\/schema.org\",\"@graph\":[{\"@type\":\"WebPage\",\"@id\":\"https:\/\/gracebarvape.com\/es\/elf-box-digital-12000\/\",\"url\":\"https:\/\/gracebarvape.com\/es\/elf-box-digital-12000\/\",\"name\":\"Elf Box Digital 12000 - GraceBar\",\"isPartOf\":{\"@id\":\"https:\/\/blanchedalmond-wren-221816.hostingersite.com\/#website\"},\"primaryImageOfPage\":{\"@id\":\"https:\/\/gracebarvape.com\/es\/elf-box-digital-12000\/#primaryimage\"},\"image\":{\"@id\":\"https:\/\/gracebarvape.com\/es\/elf-box-digital-12000\/#primaryimage\"},\"thumbnailUrl\":\"https:\/\/gracebarvape.com\/wp-content\/uploads\/2024\/09\/elf-box-digital-12000-apple.webp\",\"datePublished\":\"2024-12-09T14:51:13+00:00\",\"dateModified\":\"2025-04-25T01:56:01+00:00\",\"breadcrumb\":{\"@id\":\"https:\/\/gracebarvape.com\/es\/elf-box-digital-12000\/#breadcrumb\"},\"inLanguage\":\"es\",\"potentialAction\":[{\"@type\":\"ReadAction\",\"target\":[\"https:\/\/gracebarvape.com\/es\/elf-box-digital-12000\/\"]}]},{\"@type\":\"ImageObject\",\"inLanguage\":\"es\",\"@id\":\"https:\/\/gracebarvape.com\/es\/elf-box-digital-12000\/#primaryimage\",\"url\":\"https:\/\/gracebarvape.com\/wp-content\/uploads\/2024\/09\/elf-box-digital-12000-apple.webp\",\"contentUrl\":\"https:\/\/gracebarvape.com\/wp-content\/uploads\/2024\/09\/elf-box-digital-12000-apple.webp\",\"width\":1000,\"height\":1000,\"caption\":\"Elf Box Digital 12000 Apple\"},{\"@type\":\"BreadcrumbList\",\"@id\":\"https:\/\/gracebarvape.com\/es\/elf-box-digital-12000\/#breadcrumb\",\"itemListElement\":[{\"@type\":\"ListItem\",\"position\":1,\"name\":\"Home\",\"item\":\"https:\/\/gracebarvape.com\/es\/\"},{\"@type\":\"ListItem\",\"position\":2,\"name\":\"Term\u00e9kek\",\"item\":\"https:\/\/gracebarvape.com\/en\/products\/\"},{\"@type\":\"ListItem\",\"position\":3,\"name\":\"Elf Box Digital 12000\"}]},{\"@type\":\"WebSite\",\"@id\":\"https:\/\/blanchedalmond-wren-221816.hostingersite.com\/#website\",\"url\":\"https:\/\/blanchedalmond-wren-221816.hostingersite.com\/\",\"name\":\"GraceBar\",\"description\":\"\",\"publisher\":{\"@id\":\"https:\/\/blanchedalmond-wren-221816.hostingersite.com\/#organization\"},\"potentialAction\":[{\"@type\":\"SearchAction\",\"target\":{\"@type\":\"EntryPoint\",\"urlTemplate\":\"https:\/\/blanchedalmond-wren-221816.hostingersite.com\/?s={search_term_string}\"},\"query-input\":{\"@type\":\"PropertyValueSpecification\",\"valueRequired\":true,\"valueName\":\"search_term_string\"}}],\"inLanguage\":\"es\"},{\"@type\":\"Organization\",\"@id\":\"https:\/\/blanchedalmond-wren-221816.hostingersite.com\/#organization\",\"name\":\"GraceBar\",\"url\":\"https:\/\/blanchedalmond-wren-221816.hostingersite.com\/\",\"logo\":{\"@type\":\"ImageObject\",\"inLanguage\":\"es\",\"@id\":\"https:\/\/blanchedalmond-wren-221816.hostingersite.com\/#\/schema\/logo\/image\/\",\"url\":\"https:\/\/gracebarvape.com\/wp-content\/uploads\/2024\/08\/cropped-Logo-GB-removebg.png\",\"contentUrl\":\"https:\/\/gracebarvape.com\/wp-content\/uploads\/2024\/08\/cropped-Logo-GB-removebg.png\",\"width\":500,\"height\":167,\"caption\":\"GraceBar\"},\"image\":{\"@id\":\"https:\/\/blanchedalmond-wren-221816.hostingersite.com\/#\/schema\/logo\/image\/\"}}]}<\/script>\n<!-- \/ Yoast SEO plugin. -->","yoast_head_json":{"title":"Elf Box Digital 12000 - GraceBar","robots":{"index":"index","follow":"follow","max-snippet":"max-snippet:-1","max-image-preview":"max-image-preview:large","max-video-preview":"max-video-preview:-1"},"canonical":"https:\/\/gracebarvape.com\/es\/elf-box-digital-12000\/","og_locale":"es_ES","og_type":"article","og_title":"Elf Box Digital 12000 - GraceBar","og_description":"1. Elf Box Digital 12000 - \u00a1El mejor vapor desechable con 12,000 bocanadas! \u00bfCansado de quedarse sin hojaldres constantemente?El ELF Box Digital 12000 ofrece 12,000 hojaldres incre\u00edbles, lo que lo convierte en la opci\u00f3n para compradore","og_url":"https:\/\/gracebarvape.com\/es\/elf-box-digital-12000\/","og_site_name":"GraceBar","article_modified_time":"2025-04-25T01:56:01+00:00","og_image":[{"width":1000,"height":1000,"url":"https:\/\/gracebarvape.com\/wp-content\/uploads\/2024\/09\/elf-box-digital-12000-apple.webp","type":"image\/webp"}],"twitter_card":"summary_large_image","twitter_misc":{"Tiempo de lectura":"3 minutos"},"schema":{"@context":"https:\/\/schema.org","@graph":[{"@type":"WebPage","@id":"https:\/\/gracebarvape.com\/es\/elf-box-digital-12000\/","url":"https:\/\/gracebarvape.com\/es\/elf-box-digital-12000\/","name":"Elf Box Digital 12000 - GraceBar","isPartOf":{"@id":"https:\/\/blanchedalmond-wren-221816.hostingersite.com\/#website"},"primaryImageOfPage":{"@id":"https:\/\/gracebarvape.com\/es\/elf-box-digital-12000\/#primaryimage"},"image":{"@id":"https:\/\/gracebarvape.com\/es\/elf-box-digital-12000\/#primaryimage"},"thumbnailUrl":"https:\/\/gracebarvape.com\/wp-content\/uploads\/2024\/09\/elf-box-digital-12000-apple.webp","datePublished":"2024-12-09T14:51:13+00:00","dateModified":"2025-04-25T01:56:01+00:00","breadcrumb":{"@id":"https:\/\/gracebarvape.com\/es\/elf-box-digital-12000\/#breadcrumb"},"inLanguage":"es","potentialAction":[{"@type":"ReadAction","target":["https:\/\/gracebarvape.com\/es\/elf-box-digital-12000\/"]}]},{"@type":"ImageObject","inLanguage":"es","@id":"https:\/\/gracebarvape.com\/es\/elf-box-digital-12000\/#primaryimage","url":"https:\/\/gracebarvape.com\/wp-content\/uploads\/2024\/09\/elf-box-digital-12000-apple.webp","contentUrl":"https:\/\/gracebarvape.com\/wp-content\/uploads\/2024\/09\/elf-box-digital-12000-apple.webp","width":1000,"height":1000,"caption":"Elf Box Digital 12000 Apple"},{"@type":"BreadcrumbList","@id":"https:\/\/gracebarvape.com\/es\/elf-box-digital-12000\/#breadcrumb","itemListElement":[{"@type":"ListItem","position":1,"name":"Home","item":"https:\/\/gracebarvape.com\/es\/"},{"@type":"ListItem","position":2,"name":"Term\u00e9kek","item":"https:\/\/gracebarvape.com\/en\/products\/"},{"@type":"ListItem","position":3,"name":"Elf Box Digital 12000"}]},{"@type":"WebSite","@id":"https:\/\/blanchedalmond-wren-221816.hostingersite.com\/#website","url":"https:\/\/blanchedalmond-wren-221816.hostingersite.com\/","name":"GraceBar","description":"","publisher":{"@id":"https:\/\/blanchedalmond-wren-221816.hostingersite.com\/#organization"},"potentialAction":[{"@type":"SearchAction","target":{"@type":"EntryPoint","urlTemplate":"https:\/\/blanchedalmond-wren-221816.hostingersite.com\/?s={search_term_string}"},"query-input":{"@type":"PropertyValueSpecification","valueRequired":true,"valueName":"search_term_string"}}],"inLanguage":"es"},{"@type":"Organization","@id":"https:\/\/blanchedalmond-wren-221816.hostingersite.com\/#organization","name":"GraceBar","url":"https:\/\/blanchedalmond-wren-221816.hostingersite.com\/","logo":{"@type":"ImageObject","inLanguage":"es","@id":"https:\/\/blanchedalmond-wren-221816.hostingersite.com\/#\/schema\/logo\/image\/","url":"https:\/\/gracebarvape.com\/wp-content\/uploads\/2024\/08\/cropped-Logo-GB-removebg.png","contentUrl":"https:\/\/gracebarvape.com\/wp-content\/uploads\/2024\/08\/cropped-Logo-GB-removebg.png","width":500,"height":167,"caption":"GraceBar"},"image":{"@id":"https:\/\/blanchedalmond-wren-221816.hostingersite.com\/#\/schema\/logo\/image\/"}}]}},"_links":{"self":[{"href":"https:\/\/gracebarvape.com\/es\/wp-json\/wp\/v2\/product\/1012165602","targetHints":{"allow":["GET"]}}],"collection":[{"href":"https:\/\/gracebarvape.com\/es\/wp-json\/wp\/v2\/product"}],"about":[{"href":"https:\/\/gracebarvape.com\/es\/wp-json\/wp\/v2\/types\/product"}],"version-history":[{"count":0,"href":"https:\/\/gracebarvape.com\/es\/wp-json\/wp\/v2\/product\/1012165602\/revisions"}],"wp:featuredmedia":[{"embeddable":true,"href":"https:\/\/gracebarvape.com\/es\/wp-json\/wp\/v2\/media\/1110186089"}],"wp:attachment":[{"href":"https:\/\/gracebarvape.com\/es\/wp-json\/wp\/v2\/media?parent=1012165602"}],"wp:term":[{"taxonomy":"product_brand","embeddable":true,"href":"https:\/\/gracebarvape.com\/es\/wp-json\/wp\/v2\/product_brand?post=1012165602"},{"taxonomy":"product_cat","embeddable":true,"href":"https:\/\/gracebarvape.com\/es\/wp-json\/wp\/v2\/product_cat?post=1012165602"},{"taxonomy":"product_tag","embeddable":true,"href":"https:\/\/gracebarvape.com\/es\/wp-json\/wp\/v2\/product_tag?post=1012165602"}],"curies":[{"name":"wp","href":"https:\/\/api.w.org\/{rel}","templated":true}]}}