{"id":1012165604,"date":"2024-12-09T22:51:14","date_gmt":"2024-12-09T14:51:14","guid":{"rendered":"https:\/\/gracebarvape.com\/elf-box-rgb-14000\/"},"modified":"2025-04-25T09:56:02","modified_gmt":"2025-04-25T01:56:02","slug":"elf-box-rgb-14000","status":"publish","type":"product","link":"https:\/\/gracebarvape.com\/es\/elf-box-rgb-14000\/","title":{"rendered":"ELF Box RGB 14000"},"content":{"rendered":"<p>1. Elf Box RGB 14000 - 14,000 bocanadas de rendimiento imparable!<br \/>\n\u00c2\u00bfPor qu\u00c3\u00a9 conformarse con menos cuando puede tener m\u00c3\u00a1s?El ELF Box RGB 14000 ofrece 14,000 bocanadas masivas, alimentadas por una capacidad e-l\u00c3\u00adquido de 25 ml y una bater\u00c3\u00ada recargable de 600 mAh.Diga adi\u00c3\u00b3s a los vape de corta duraci\u00c3\u00b3n y los frecuentes reordres.Esta es una elecci\u00c3\u00b3n perfecta para distribuidores y mayoristas que buscan dispositivos confiables y de alta mueca.<\/p>\n<p>2. Tecnolog\u00c3\u00ada de bobina de malla y carga tipo C por m\u00c3\u00a1xima eficiencia<br \/>\nEl ELF Box RGB 14000 presenta una bobina de malla de 1.0 ohmios, que ofrece vapor m\u00c3\u00a1s suave y rico con cada bocanada.La carga r\u00c3\u00a1pida de tipo C significa menos tiempo de inactividad y m\u00c3\u00a1s vapeo.Construido para realizar, este vape es un verdadero caballo de batalla que mantendr\u00c3\u00a1 a sus clientes satisfechos y regresar\u00c3\u00a1 por m\u00c3\u00a1s.<\/p>\n<p>3. Pedir vape en a granel-precios directos de f\u00c3\u00a1brica, en stock y listos para enviar<br \/>\n\u00c2\u00bfBusca un proveedor de vape confiable en China?ELF Box RGB 14000 est\u00c3\u00a1 disponible a precios inmejorables de f\u00c3\u00a1brica directa.Los pedidos a granel son personalizables para satisfacer sus necesidades espec\u00c3\u00adficas, y siempre estamos en stock.Ya sea que necesite 0%, 2%, 3%o 5\u00de nicotina, lo tenemos cubierto.Realice su pedido hoy y aproveche la entrega r\u00c3\u00a1pida y los precios al por mayor competitivos.<\/p>\n<p>4. 10 sabores audaces para mantener las cosas frescas!<br \/>\nMantenga a sus clientes regresar para m\u00c3\u00a1s con 10 opciones de sabor emocionantes.Desde la fr\u00c3\u00ada avalancha de hielo azul Raz y hielo de menta hasta el golpe afrutado de Mango de Peach y refrescos de cereza, hay algo para todos.Ya sea que su mercado prefiera el refresco helado o los sabores audaces y dulces, el ELF Box RGB 14000 tiene el sabor para satisfacer cada paladar.<\/p>\n<p>5. Muestras gratuitas y cotizaciones r\u00c3\u00a1pidas: vape desechables al por mayor a precios bajos<br \/>\n\u00c2\u00bfQuieres probar antes de comprar?Solicite una muestra gratuita de la caja ELF RGB 14000 y vea la calidad por usted mismo.Nuestras cotizaciones r\u00c3\u00a1pidas y precios competitivos a granel facilitan el abastecimiento de la \u00c3\u00baltima tecnolog\u00c3\u00ada de vape desechable.Obtiene el mejor valor mientras le da a sus clientes un producto que les encantar\u00c3\u00a1.<\/p>\n<p>Puntos de dolor abordados:<br \/>\nBreve Puff cuenta que conduce a reordres frecuentes.<br \/>\nDificultad para encontrar vapes de alto rendimiento y asequibles.<br \/>\nFalta de variedad de sabores en las ofertas de productos existentes.<br \/>\nOpciones mayoristas superiores y proveedores poco confiables.<br \/>\nInformaci\u00c3\u00b3n limitada sobre la duraci\u00c3\u00b3n y capacidad de la bater\u00c3\u00ada del dispositivo.<\/p>\n<p>El ELF Box RGB 14000 ofrece un rendimiento inigualable con 14,000 bocanadas, tecnolog\u00c3\u00ada de bobina de malla y opciones de nicotina personalizables.Sus 10 sabores emocionantes y una elegante iluminaci\u00c3\u00b3n RGB lo convierten en una elecci\u00c3\u00b3n superior para los distribuidores.\u00c2\u00a1Ordene a granel hoy para precios directos de f\u00c3\u00a1brica, muestras gratuitas y cotizaciones r\u00c3\u00a1pidas!<\/p>\n","protected":false},"excerpt":{"rendered":"<p>1. Elf Box RGB 14000 - 14,000 bocanadas de rendimiento imparable!<br \/>\n\u00bfPor qu\u00e9 conformarse con menos cuando puede tener m\u00e1s?El ELF Box RGB 14000 ofrece 14,000 bocanadas masivas, alimentadas por una capacidad e-l\u00edquido de 25 ml y una bate<\/p>\n","protected":false},"featured_media":1110186101,"template":"","meta":{"_acf_changed":false,"_eb_attr":"","site-sidebar-layout":"default","site-content-layout":"","ast-site-content-layout":"","site-content-style":"default","site-sidebar-style":"default","ast-global-header-display":"","ast-banner-title-visibility":"","ast-main-header-display":"","ast-hfb-above-header-display":"","ast-hfb-below-header-display":"","ast-hfb-mobile-header-display":"","site-post-title":"","ast-breadcrumbs-content":"","ast-featured-img":"","footer-sml-layout":"","theme-transparent-header-meta":"","adv-header-id-meta":"","stick-header-meta":"","header-above-stick-meta":"","header-main-stick-meta":"","header-below-stick-meta":"","astra-migrate-meta-layouts":"default","ast-page-background-enabled":"default","ast-page-background-meta":{"desktop":{"background-color":"","background-image":"","background-repeat":"repeat","background-position":"center center","background-size":"auto","background-attachment":"scroll","background-type":"","background-media":"","overlay-type":"","overlay-color":"","overlay-opacity":"","overlay-gradient":""},"tablet":{"background-color":"","background-image":"","background-repeat":"repeat","background-position":"center center","background-size":"auto","background-attachment":"scroll","background-type":"","background-media":"","overlay-type":"","overlay-color":"","overlay-opacity":"","overlay-gradient":""},"mobile":{"background-color":"","background-image":"","background-repeat":"repeat","background-position":"center center","background-size":"auto","background-attachment":"scroll","background-type":"","background-media":"","overlay-type":"","overlay-color":"","overlay-opacity":"","overlay-gradient":""}},"ast-content-background-meta":{"desktop":{"background-color":"var(--ast-global-color-5)","background-image":"","background-repeat":"repeat","background-position":"center center","background-size":"auto","background-attachment":"scroll","background-type":"","background-media":"","overlay-type":"","overlay-color":"","overlay-opacity":"","overlay-gradient":""},"tablet":{"background-color":"var(--ast-global-color-5)","background-image":"","background-repeat":"repeat","background-position":"center center","background-size":"auto","background-attachment":"scroll","background-type":"","background-media":"","overlay-type":"","overlay-color":"","overlay-opacity":"","overlay-gradient":""},"mobile":{"background-color":"var(--ast-global-color-5)","background-image":"","background-repeat":"repeat","background-position":"center center","background-size":"auto","background-attachment":"scroll","background-type":"","background-media":"","overlay-type":"","overlay-color":"","overlay-opacity":"","overlay-gradient":""}}},"product_brand":[],"product_cat":[169],"product_tag":[],"class_list":{"0":"post-1012165604","1":"product","2":"type-product","3":"status-publish","4":"has-post-thumbnail","6":"product_cat-elf-box-vape","7":"desktop-align-left","8":"tablet-align-left","9":"mobile-align-left","11":"first","12":"instock","13":"shipping-taxable","14":"product-type-simple"},"acf":[],"yoast_head":"<!-- This site is optimized with the Yoast SEO plugin v25.0 - https:\/\/yoast.com\/wordpress\/plugins\/seo\/ -->\n<title>ELF Box RGB 14000 - GraceBar<\/title>\n<meta name=\"robots\" content=\"index, follow, max-snippet:-1, max-image-preview:large, max-video-preview:-1\" \/>\n<link rel=\"canonical\" href=\"https:\/\/gracebarvape.com\/es\/elf-box-rgb-14000\/\" \/>\n<meta property=\"og:locale\" content=\"es_ES\" \/>\n<meta property=\"og:type\" content=\"article\" \/>\n<meta property=\"og:title\" content=\"ELF Box RGB 14000 - GraceBar\" \/>\n<meta property=\"og:description\" content=\"1. Elf Box RGB 14000 - 14,000 bocanadas de rendimiento imparable! \u00bfPor qu\u00e9 conformarse con menos cuando puede tener m\u00e1s?El ELF Box RGB 14000 ofrece 14,000 bocanadas masivas, alimentadas por una capacidad e-l\u00edquido de 25 ml y una bate\" \/>\n<meta property=\"og:url\" content=\"https:\/\/gracebarvape.com\/es\/elf-box-rgb-14000\/\" \/>\n<meta property=\"og:site_name\" content=\"GraceBar\" \/>\n<meta property=\"article:modified_time\" content=\"2025-04-25T01:56:02+00:00\" \/>\n<meta property=\"og:image\" content=\"https:\/\/gracebarvape.com\/wp-content\/uploads\/2024\/09\/elf-box-rgb-14000-2-nicotine-vape.webp\" \/>\n\t<meta property=\"og:image:width\" content=\"1000\" \/>\n\t<meta property=\"og:image:height\" content=\"1000\" \/>\n\t<meta property=\"og:image:type\" content=\"image\/webp\" \/>\n<meta name=\"twitter:card\" content=\"summary_large_image\" \/>\n<meta name=\"twitter:label1\" content=\"Tiempo de lectura\" \/>\n\t<meta name=\"twitter:data1\" content=\"2 minutos\" \/>\n<script type=\"application\/ld+json\" class=\"yoast-schema-graph\">{\"@context\":\"https:\/\/schema.org\",\"@graph\":[{\"@type\":\"WebPage\",\"@id\":\"https:\/\/gracebarvape.com\/es\/elf-box-rgb-14000\/\",\"url\":\"https:\/\/gracebarvape.com\/es\/elf-box-rgb-14000\/\",\"name\":\"ELF Box RGB 14000 - GraceBar\",\"isPartOf\":{\"@id\":\"https:\/\/blanchedalmond-wren-221816.hostingersite.com\/#website\"},\"primaryImageOfPage\":{\"@id\":\"https:\/\/gracebarvape.com\/es\/elf-box-rgb-14000\/#primaryimage\"},\"image\":{\"@id\":\"https:\/\/gracebarvape.com\/es\/elf-box-rgb-14000\/#primaryimage\"},\"thumbnailUrl\":\"https:\/\/gracebarvape.com\/wp-content\/uploads\/2024\/09\/elf-box-rgb-14000-2-nicotine-vape.webp\",\"datePublished\":\"2024-12-09T14:51:14+00:00\",\"dateModified\":\"2025-04-25T01:56:02+00:00\",\"breadcrumb\":{\"@id\":\"https:\/\/gracebarvape.com\/es\/elf-box-rgb-14000\/#breadcrumb\"},\"inLanguage\":\"es\",\"potentialAction\":[{\"@type\":\"ReadAction\",\"target\":[\"https:\/\/gracebarvape.com\/es\/elf-box-rgb-14000\/\"]}]},{\"@type\":\"ImageObject\",\"inLanguage\":\"es\",\"@id\":\"https:\/\/gracebarvape.com\/es\/elf-box-rgb-14000\/#primaryimage\",\"url\":\"https:\/\/gracebarvape.com\/wp-content\/uploads\/2024\/09\/elf-box-rgb-14000-2-nicotine-vape.webp\",\"contentUrl\":\"https:\/\/gracebarvape.com\/wp-content\/uploads\/2024\/09\/elf-box-rgb-14000-2-nicotine-vape.webp\",\"width\":1000,\"height\":1000,\"caption\":\"Elf Box Rgb 14000 2 Nicotine Vape\"},{\"@type\":\"BreadcrumbList\",\"@id\":\"https:\/\/gracebarvape.com\/es\/elf-box-rgb-14000\/#breadcrumb\",\"itemListElement\":[{\"@type\":\"ListItem\",\"position\":1,\"name\":\"Home\",\"item\":\"https:\/\/gracebarvape.com\/es\/\"},{\"@type\":\"ListItem\",\"position\":2,\"name\":\"Term\u00e9kek\",\"item\":\"https:\/\/gracebarvape.com\/en\/products\/\"},{\"@type\":\"ListItem\",\"position\":3,\"name\":\"ELF Box RGB 14000\"}]},{\"@type\":\"WebSite\",\"@id\":\"https:\/\/blanchedalmond-wren-221816.hostingersite.com\/#website\",\"url\":\"https:\/\/blanchedalmond-wren-221816.hostingersite.com\/\",\"name\":\"GraceBar\",\"description\":\"\",\"publisher\":{\"@id\":\"https:\/\/blanchedalmond-wren-221816.hostingersite.com\/#organization\"},\"potentialAction\":[{\"@type\":\"SearchAction\",\"target\":{\"@type\":\"EntryPoint\",\"urlTemplate\":\"https:\/\/blanchedalmond-wren-221816.hostingersite.com\/?s={search_term_string}\"},\"query-input\":{\"@type\":\"PropertyValueSpecification\",\"valueRequired\":true,\"valueName\":\"search_term_string\"}}],\"inLanguage\":\"es\"},{\"@type\":\"Organization\",\"@id\":\"https:\/\/blanchedalmond-wren-221816.hostingersite.com\/#organization\",\"name\":\"GraceBar\",\"url\":\"https:\/\/blanchedalmond-wren-221816.hostingersite.com\/\",\"logo\":{\"@type\":\"ImageObject\",\"inLanguage\":\"es\",\"@id\":\"https:\/\/blanchedalmond-wren-221816.hostingersite.com\/#\/schema\/logo\/image\/\",\"url\":\"https:\/\/gracebarvape.com\/wp-content\/uploads\/2024\/08\/cropped-Logo-GB-removebg.png\",\"contentUrl\":\"https:\/\/gracebarvape.com\/wp-content\/uploads\/2024\/08\/cropped-Logo-GB-removebg.png\",\"width\":500,\"height\":167,\"caption\":\"GraceBar\"},\"image\":{\"@id\":\"https:\/\/blanchedalmond-wren-221816.hostingersite.com\/#\/schema\/logo\/image\/\"}}]}<\/script>\n<!-- \/ Yoast SEO plugin. -->","yoast_head_json":{"title":"ELF Box RGB 14000 - GraceBar","robots":{"index":"index","follow":"follow","max-snippet":"max-snippet:-1","max-image-preview":"max-image-preview:large","max-video-preview":"max-video-preview:-1"},"canonical":"https:\/\/gracebarvape.com\/es\/elf-box-rgb-14000\/","og_locale":"es_ES","og_type":"article","og_title":"ELF Box RGB 14000 - GraceBar","og_description":"1. Elf Box RGB 14000 - 14,000 bocanadas de rendimiento imparable! \u00bfPor qu\u00e9 conformarse con menos cuando puede tener m\u00e1s?El ELF Box RGB 14000 ofrece 14,000 bocanadas masivas, alimentadas por una capacidad e-l\u00edquido de 25 ml y una bate","og_url":"https:\/\/gracebarvape.com\/es\/elf-box-rgb-14000\/","og_site_name":"GraceBar","article_modified_time":"2025-04-25T01:56:02+00:00","og_image":[{"width":1000,"height":1000,"url":"https:\/\/gracebarvape.com\/wp-content\/uploads\/2024\/09\/elf-box-rgb-14000-2-nicotine-vape.webp","type":"image\/webp"}],"twitter_card":"summary_large_image","twitter_misc":{"Tiempo de lectura":"2 minutos"},"schema":{"@context":"https:\/\/schema.org","@graph":[{"@type":"WebPage","@id":"https:\/\/gracebarvape.com\/es\/elf-box-rgb-14000\/","url":"https:\/\/gracebarvape.com\/es\/elf-box-rgb-14000\/","name":"ELF Box RGB 14000 - GraceBar","isPartOf":{"@id":"https:\/\/blanchedalmond-wren-221816.hostingersite.com\/#website"},"primaryImageOfPage":{"@id":"https:\/\/gracebarvape.com\/es\/elf-box-rgb-14000\/#primaryimage"},"image":{"@id":"https:\/\/gracebarvape.com\/es\/elf-box-rgb-14000\/#primaryimage"},"thumbnailUrl":"https:\/\/gracebarvape.com\/wp-content\/uploads\/2024\/09\/elf-box-rgb-14000-2-nicotine-vape.webp","datePublished":"2024-12-09T14:51:14+00:00","dateModified":"2025-04-25T01:56:02+00:00","breadcrumb":{"@id":"https:\/\/gracebarvape.com\/es\/elf-box-rgb-14000\/#breadcrumb"},"inLanguage":"es","potentialAction":[{"@type":"ReadAction","target":["https:\/\/gracebarvape.com\/es\/elf-box-rgb-14000\/"]}]},{"@type":"ImageObject","inLanguage":"es","@id":"https:\/\/gracebarvape.com\/es\/elf-box-rgb-14000\/#primaryimage","url":"https:\/\/gracebarvape.com\/wp-content\/uploads\/2024\/09\/elf-box-rgb-14000-2-nicotine-vape.webp","contentUrl":"https:\/\/gracebarvape.com\/wp-content\/uploads\/2024\/09\/elf-box-rgb-14000-2-nicotine-vape.webp","width":1000,"height":1000,"caption":"Elf Box Rgb 14000 2 Nicotine Vape"},{"@type":"BreadcrumbList","@id":"https:\/\/gracebarvape.com\/es\/elf-box-rgb-14000\/#breadcrumb","itemListElement":[{"@type":"ListItem","position":1,"name":"Home","item":"https:\/\/gracebarvape.com\/es\/"},{"@type":"ListItem","position":2,"name":"Term\u00e9kek","item":"https:\/\/gracebarvape.com\/en\/products\/"},{"@type":"ListItem","position":3,"name":"ELF Box RGB 14000"}]},{"@type":"WebSite","@id":"https:\/\/blanchedalmond-wren-221816.hostingersite.com\/#website","url":"https:\/\/blanchedalmond-wren-221816.hostingersite.com\/","name":"GraceBar","description":"","publisher":{"@id":"https:\/\/blanchedalmond-wren-221816.hostingersite.com\/#organization"},"potentialAction":[{"@type":"SearchAction","target":{"@type":"EntryPoint","urlTemplate":"https:\/\/blanchedalmond-wren-221816.hostingersite.com\/?s={search_term_string}"},"query-input":{"@type":"PropertyValueSpecification","valueRequired":true,"valueName":"search_term_string"}}],"inLanguage":"es"},{"@type":"Organization","@id":"https:\/\/blanchedalmond-wren-221816.hostingersite.com\/#organization","name":"GraceBar","url":"https:\/\/blanchedalmond-wren-221816.hostingersite.com\/","logo":{"@type":"ImageObject","inLanguage":"es","@id":"https:\/\/blanchedalmond-wren-221816.hostingersite.com\/#\/schema\/logo\/image\/","url":"https:\/\/gracebarvape.com\/wp-content\/uploads\/2024\/08\/cropped-Logo-GB-removebg.png","contentUrl":"https:\/\/gracebarvape.com\/wp-content\/uploads\/2024\/08\/cropped-Logo-GB-removebg.png","width":500,"height":167,"caption":"GraceBar"},"image":{"@id":"https:\/\/blanchedalmond-wren-221816.hostingersite.com\/#\/schema\/logo\/image\/"}}]}},"_links":{"self":[{"href":"https:\/\/gracebarvape.com\/es\/wp-json\/wp\/v2\/product\/1012165604","targetHints":{"allow":["GET"]}}],"collection":[{"href":"https:\/\/gracebarvape.com\/es\/wp-json\/wp\/v2\/product"}],"about":[{"href":"https:\/\/gracebarvape.com\/es\/wp-json\/wp\/v2\/types\/product"}],"version-history":[{"count":0,"href":"https:\/\/gracebarvape.com\/es\/wp-json\/wp\/v2\/product\/1012165604\/revisions"}],"wp:featuredmedia":[{"embeddable":true,"href":"https:\/\/gracebarvape.com\/es\/wp-json\/wp\/v2\/media\/1110186101"}],"wp:attachment":[{"href":"https:\/\/gracebarvape.com\/es\/wp-json\/wp\/v2\/media?parent=1012165604"}],"wp:term":[{"taxonomy":"product_brand","embeddable":true,"href":"https:\/\/gracebarvape.com\/es\/wp-json\/wp\/v2\/product_brand?post=1012165604"},{"taxonomy":"product_cat","embeddable":true,"href":"https:\/\/gracebarvape.com\/es\/wp-json\/wp\/v2\/product_cat?post=1012165604"},{"taxonomy":"product_tag","embeddable":true,"href":"https:\/\/gracebarvape.com\/es\/wp-json\/wp\/v2\/product_tag?post=1012165604"}],"curies":[{"name":"wp","href":"https:\/\/api.w.org\/{rel}","templated":true}]}}