{"id":1012165605,"date":"2024-12-09T22:51:14","date_gmt":"2024-12-09T14:51:14","guid":{"rendered":"https:\/\/gracebarvape.com\/elf-box-ls-15000\/"},"modified":"2025-04-25T09:56:02","modified_gmt":"2025-04-25T01:56:02","slug":"elf-box-ls-15000","status":"publish","type":"product","link":"https:\/\/gracebarvape.com\/es\/elf-box-ls-15000\/","title":{"rendered":"Elf Box LS 15000"},"content":{"rendered":"<p>1. Desbloquee 15,000 bocanadas con la caja ELF LS 15000, \u00a1el mejor vapor desechable!<br \/>\n\u00bfBuscas un vape que vaya a la distancia?El ELF Box LS 15000 ofrece 15,000 hojaldres impresionantes, lo que lo hace perfecto para los compradores a granel que exigen confiabilidad.Con una capacidad de 26 ml y una potente bater\u00eda de 600 mAh, este vape se mantiene fuerte mucho despu\u00e9s de que otros se agoten.Ideal para distribuidores que buscan un rendimiento de nivel superior sin reabastecimiento frecuentes.<\/p>\n<p>2. Tecnolog\u00eda de la bobina de malla y recarga tipo-C: el rendimiento cumple con la conveniencia<br \/>\nEleve su experiencia de vapeo con la bobina de malla avanzada Elf Box LS 15000, proporcionando vapor consistente y suave con cada bocanada.La caracter\u00edstica recargable tipo C garantiza una carga r\u00e1pida y eficiente, por lo que sus clientes permanecen encendidos y satisfechos.Dise\u00f1ado para un rendimiento \u00f3ptimo, este vape equilibra la conveniencia con una producci\u00f3n de alta calidad.<\/p>\n<p>3. Vapes a granel directamente desde China - Precios de f\u00e1brica, en acciones y personalizables<br \/>\n\u00bfPor qu\u00e9 pagar m\u00e1s cuando puede obtener precios directos de f\u00e1brica?Ordene la caja ELF LS 15000 a granel directamente de fabricantes de confianza en China.Ofrecemos opciones personalizables para satisfacer sus necesidades, con varios niveles de nicotina disponibles.Siempre en stock y listo para enviar, asegurando un suministro perfecto para su negocio.<\/p>\n<p>4. 11 Sabores emocionantes: \u00a1una nueva aventura de sabor con cada bocanada!<br \/>\nCondimenta tu selecci\u00f3n de vape con 11 sabores tentadores.Desde el ar\u00e1ndano fresco sobre hielo hasta la pi\u00f1a de Mango Tropical Peach, cada sabor est\u00e1 elaborado para impresionar.Ya sea que sus clientes anhelen mezclas afrutadas o sensaciones heladas, el ELF Box LS 15000 tiene algo que satisfacer cada preferencia.Mantenga su inventario fresco y emocionante con esta diversa l\u00ednea de sabores.<\/p>\n<p>5. Muestras gratuitas y citas r\u00e1pidas: vapees mayoristas asequibles listos para enviar<br \/>\n\u00bfQuieres ver la calidad por ti mismo?Solicite una muestra gratuita de la caja ELF LS 15000 para experimentar su rendimiento superior de primera mano.Nuestro proceso de cotizaci\u00f3n r\u00e1pida y los precios al por mayor competitivos facilitan la abastecimiento de la vida y ahorrar.Disfrute de precios bajos y entrega r\u00e1pida al tiempo que ofrece a sus clientes una experiencia de vapeo de primer nivel.<\/p>\n<p>Puntos de dolor abordados:<br \/>\nCapacidad limitada de bocanadas que conducen a reajuste frecuentes.<br \/>\nNecesidad de vapees desechables de alta calidad y asequibles.<br \/>\nFalta de caracter\u00edsticas avanzadas y conveniencia en otros vape.<br \/>\nAburrimiento con opciones de sabor limitadas.<br \/>\nAbastecimiento complicado o costoso para pedidos a granel.<br \/>\nEl ELF Box LS 15000 se destaca con sus impresionantes 15,000 bocanadas, tecnolog\u00eda de bobina de malla y recarga tipo C.Con 11 sabores deliciosos y opciones personalizables, es perfecto para compradores a granel que buscan calidad y variedad.\u00a1Ordene hoy para precios directos de f\u00e1brica, muestras gratuitas y entrega r\u00e1pida!<\/p>\n","protected":false},"excerpt":{"rendered":"<p>1. Desbloquee 15,000 bocanadas con la caja ELF LS 15000, \u00a1el mejor vapor desechable!<br \/>\n\u00bfBuscas un vape que vaya a la distancia?El ELF Box LS 15000 ofrece 15,000 hojaldres impresionantes, lo que lo hace perfecto para los compradores a g<\/p>\n","protected":false},"featured_media":1110186109,"template":"","meta":{"_acf_changed":false,"_eb_attr":"","site-sidebar-layout":"default","site-content-layout":"","ast-site-content-layout":"","site-content-style":"default","site-sidebar-style":"default","ast-global-header-display":"","ast-banner-title-visibility":"","ast-main-header-display":"","ast-hfb-above-header-display":"","ast-hfb-below-header-display":"","ast-hfb-mobile-header-display":"","site-post-title":"","ast-breadcrumbs-content":"","ast-featured-img":"","footer-sml-layout":"","theme-transparent-header-meta":"","adv-header-id-meta":"","stick-header-meta":"","header-above-stick-meta":"","header-main-stick-meta":"","header-below-stick-meta":"","astra-migrate-meta-layouts":"default","ast-page-background-enabled":"default","ast-page-background-meta":{"desktop":{"background-color":"","background-image":"","background-repeat":"repeat","background-position":"center center","background-size":"auto","background-attachment":"scroll","background-type":"","background-media":"","overlay-type":"","overlay-color":"","overlay-opacity":"","overlay-gradient":""},"tablet":{"background-color":"","background-image":"","background-repeat":"repeat","background-position":"center center","background-size":"auto","background-attachment":"scroll","background-type":"","background-media":"","overlay-type":"","overlay-color":"","overlay-opacity":"","overlay-gradient":""},"mobile":{"background-color":"","background-image":"","background-repeat":"repeat","background-position":"center center","background-size":"auto","background-attachment":"scroll","background-type":"","background-media":"","overlay-type":"","overlay-color":"","overlay-opacity":"","overlay-gradient":""}},"ast-content-background-meta":{"desktop":{"background-color":"var(--ast-global-color-5)","background-image":"","background-repeat":"repeat","background-position":"center center","background-size":"auto","background-attachment":"scroll","background-type":"","background-media":"","overlay-type":"","overlay-color":"","overlay-opacity":"","overlay-gradient":""},"tablet":{"background-color":"var(--ast-global-color-5)","background-image":"","background-repeat":"repeat","background-position":"center center","background-size":"auto","background-attachment":"scroll","background-type":"","background-media":"","overlay-type":"","overlay-color":"","overlay-opacity":"","overlay-gradient":""},"mobile":{"background-color":"var(--ast-global-color-5)","background-image":"","background-repeat":"repeat","background-position":"center center","background-size":"auto","background-attachment":"scroll","background-type":"","background-media":"","overlay-type":"","overlay-color":"","overlay-opacity":"","overlay-gradient":""}}},"product_brand":[],"product_cat":[169],"product_tag":[],"class_list":{"0":"post-1012165605","1":"product","2":"type-product","3":"status-publish","4":"has-post-thumbnail","6":"product_cat-elf-box-vape","7":"desktop-align-left","8":"tablet-align-left","9":"mobile-align-left","11":"first","12":"instock","13":"shipping-taxable","14":"product-type-simple"},"acf":[],"yoast_head":"<!-- This site is optimized with the Yoast SEO plugin v25.0 - https:\/\/yoast.com\/wordpress\/plugins\/seo\/ -->\n<title>Elf Box LS 15000 - GraceBar<\/title>\n<meta name=\"robots\" content=\"index, follow, max-snippet:-1, max-image-preview:large, max-video-preview:-1\" \/>\n<link rel=\"canonical\" href=\"https:\/\/gracebarvape.com\/es\/elf-box-ls-15000\/\" \/>\n<meta property=\"og:locale\" content=\"es_ES\" \/>\n<meta property=\"og:type\" content=\"article\" \/>\n<meta property=\"og:title\" content=\"Elf Box LS 15000 - GraceBar\" \/>\n<meta property=\"og:description\" content=\"1. Desbloquee 15,000 bocanadas con la caja ELF LS 15000, \u00a1el mejor vapor desechable! \u00bfBuscas un vape que vaya a la distancia?El ELF Box LS 15000 ofrece 15,000 hojaldres impresionantes, lo que lo hace perfecto para los compradores a g\" \/>\n<meta property=\"og:url\" content=\"https:\/\/gracebarvape.com\/es\/elf-box-ls-15000\/\" \/>\n<meta property=\"og:site_name\" content=\"GraceBar\" \/>\n<meta property=\"article:modified_time\" content=\"2025-04-25T01:56:02+00:00\" \/>\n<meta property=\"og:image\" content=\"https:\/\/gracebarvape.com\/wp-content\/uploads\/2024\/09\/elf-box-ls-15000-blueberry-ice.webp\" \/>\n\t<meta property=\"og:image:width\" content=\"1000\" \/>\n\t<meta property=\"og:image:height\" content=\"1000\" \/>\n\t<meta property=\"og:image:type\" content=\"image\/webp\" \/>\n<meta name=\"twitter:card\" content=\"summary_large_image\" \/>\n<meta name=\"twitter:label1\" content=\"Tiempo de lectura\" \/>\n\t<meta name=\"twitter:data1\" content=\"2 minutos\" \/>\n<script type=\"application\/ld+json\" class=\"yoast-schema-graph\">{\"@context\":\"https:\/\/schema.org\",\"@graph\":[{\"@type\":\"WebPage\",\"@id\":\"https:\/\/gracebarvape.com\/es\/elf-box-ls-15000\/\",\"url\":\"https:\/\/gracebarvape.com\/es\/elf-box-ls-15000\/\",\"name\":\"Elf Box LS 15000 - GraceBar\",\"isPartOf\":{\"@id\":\"https:\/\/blanchedalmond-wren-221816.hostingersite.com\/#website\"},\"primaryImageOfPage\":{\"@id\":\"https:\/\/gracebarvape.com\/es\/elf-box-ls-15000\/#primaryimage\"},\"image\":{\"@id\":\"https:\/\/gracebarvape.com\/es\/elf-box-ls-15000\/#primaryimage\"},\"thumbnailUrl\":\"https:\/\/gracebarvape.com\/wp-content\/uploads\/2024\/09\/elf-box-ls-15000-blueberry-ice.webp\",\"datePublished\":\"2024-12-09T14:51:14+00:00\",\"dateModified\":\"2025-04-25T01:56:02+00:00\",\"breadcrumb\":{\"@id\":\"https:\/\/gracebarvape.com\/es\/elf-box-ls-15000\/#breadcrumb\"},\"inLanguage\":\"es\",\"potentialAction\":[{\"@type\":\"ReadAction\",\"target\":[\"https:\/\/gracebarvape.com\/es\/elf-box-ls-15000\/\"]}]},{\"@type\":\"ImageObject\",\"inLanguage\":\"es\",\"@id\":\"https:\/\/gracebarvape.com\/es\/elf-box-ls-15000\/#primaryimage\",\"url\":\"https:\/\/gracebarvape.com\/wp-content\/uploads\/2024\/09\/elf-box-ls-15000-blueberry-ice.webp\",\"contentUrl\":\"https:\/\/gracebarvape.com\/wp-content\/uploads\/2024\/09\/elf-box-ls-15000-blueberry-ice.webp\",\"width\":1000,\"height\":1000,\"caption\":\"Elf Box Ls 15000 Blueberry Ice\"},{\"@type\":\"BreadcrumbList\",\"@id\":\"https:\/\/gracebarvape.com\/es\/elf-box-ls-15000\/#breadcrumb\",\"itemListElement\":[{\"@type\":\"ListItem\",\"position\":1,\"name\":\"Home\",\"item\":\"https:\/\/gracebarvape.com\/es\/\"},{\"@type\":\"ListItem\",\"position\":2,\"name\":\"Term\u00e9kek\",\"item\":\"https:\/\/gracebarvape.com\/en\/products\/\"},{\"@type\":\"ListItem\",\"position\":3,\"name\":\"Elf Box LS 15000\"}]},{\"@type\":\"WebSite\",\"@id\":\"https:\/\/blanchedalmond-wren-221816.hostingersite.com\/#website\",\"url\":\"https:\/\/blanchedalmond-wren-221816.hostingersite.com\/\",\"name\":\"GraceBar\",\"description\":\"\",\"publisher\":{\"@id\":\"https:\/\/blanchedalmond-wren-221816.hostingersite.com\/#organization\"},\"potentialAction\":[{\"@type\":\"SearchAction\",\"target\":{\"@type\":\"EntryPoint\",\"urlTemplate\":\"https:\/\/blanchedalmond-wren-221816.hostingersite.com\/?s={search_term_string}\"},\"query-input\":{\"@type\":\"PropertyValueSpecification\",\"valueRequired\":true,\"valueName\":\"search_term_string\"}}],\"inLanguage\":\"es\"},{\"@type\":\"Organization\",\"@id\":\"https:\/\/blanchedalmond-wren-221816.hostingersite.com\/#organization\",\"name\":\"GraceBar\",\"url\":\"https:\/\/blanchedalmond-wren-221816.hostingersite.com\/\",\"logo\":{\"@type\":\"ImageObject\",\"inLanguage\":\"es\",\"@id\":\"https:\/\/blanchedalmond-wren-221816.hostingersite.com\/#\/schema\/logo\/image\/\",\"url\":\"https:\/\/gracebarvape.com\/wp-content\/uploads\/2024\/08\/cropped-Logo-GB-removebg.png\",\"contentUrl\":\"https:\/\/gracebarvape.com\/wp-content\/uploads\/2024\/08\/cropped-Logo-GB-removebg.png\",\"width\":500,\"height\":167,\"caption\":\"GraceBar\"},\"image\":{\"@id\":\"https:\/\/blanchedalmond-wren-221816.hostingersite.com\/#\/schema\/logo\/image\/\"}}]}<\/script>\n<!-- \/ Yoast SEO plugin. -->","yoast_head_json":{"title":"Elf Box LS 15000 - GraceBar","robots":{"index":"index","follow":"follow","max-snippet":"max-snippet:-1","max-image-preview":"max-image-preview:large","max-video-preview":"max-video-preview:-1"},"canonical":"https:\/\/gracebarvape.com\/es\/elf-box-ls-15000\/","og_locale":"es_ES","og_type":"article","og_title":"Elf Box LS 15000 - GraceBar","og_description":"1. Desbloquee 15,000 bocanadas con la caja ELF LS 15000, \u00a1el mejor vapor desechable! \u00bfBuscas un vape que vaya a la distancia?El ELF Box LS 15000 ofrece 15,000 hojaldres impresionantes, lo que lo hace perfecto para los compradores a g","og_url":"https:\/\/gracebarvape.com\/es\/elf-box-ls-15000\/","og_site_name":"GraceBar","article_modified_time":"2025-04-25T01:56:02+00:00","og_image":[{"width":1000,"height":1000,"url":"https:\/\/gracebarvape.com\/wp-content\/uploads\/2024\/09\/elf-box-ls-15000-blueberry-ice.webp","type":"image\/webp"}],"twitter_card":"summary_large_image","twitter_misc":{"Tiempo de lectura":"2 minutos"},"schema":{"@context":"https:\/\/schema.org","@graph":[{"@type":"WebPage","@id":"https:\/\/gracebarvape.com\/es\/elf-box-ls-15000\/","url":"https:\/\/gracebarvape.com\/es\/elf-box-ls-15000\/","name":"Elf Box LS 15000 - GraceBar","isPartOf":{"@id":"https:\/\/blanchedalmond-wren-221816.hostingersite.com\/#website"},"primaryImageOfPage":{"@id":"https:\/\/gracebarvape.com\/es\/elf-box-ls-15000\/#primaryimage"},"image":{"@id":"https:\/\/gracebarvape.com\/es\/elf-box-ls-15000\/#primaryimage"},"thumbnailUrl":"https:\/\/gracebarvape.com\/wp-content\/uploads\/2024\/09\/elf-box-ls-15000-blueberry-ice.webp","datePublished":"2024-12-09T14:51:14+00:00","dateModified":"2025-04-25T01:56:02+00:00","breadcrumb":{"@id":"https:\/\/gracebarvape.com\/es\/elf-box-ls-15000\/#breadcrumb"},"inLanguage":"es","potentialAction":[{"@type":"ReadAction","target":["https:\/\/gracebarvape.com\/es\/elf-box-ls-15000\/"]}]},{"@type":"ImageObject","inLanguage":"es","@id":"https:\/\/gracebarvape.com\/es\/elf-box-ls-15000\/#primaryimage","url":"https:\/\/gracebarvape.com\/wp-content\/uploads\/2024\/09\/elf-box-ls-15000-blueberry-ice.webp","contentUrl":"https:\/\/gracebarvape.com\/wp-content\/uploads\/2024\/09\/elf-box-ls-15000-blueberry-ice.webp","width":1000,"height":1000,"caption":"Elf Box Ls 15000 Blueberry Ice"},{"@type":"BreadcrumbList","@id":"https:\/\/gracebarvape.com\/es\/elf-box-ls-15000\/#breadcrumb","itemListElement":[{"@type":"ListItem","position":1,"name":"Home","item":"https:\/\/gracebarvape.com\/es\/"},{"@type":"ListItem","position":2,"name":"Term\u00e9kek","item":"https:\/\/gracebarvape.com\/en\/products\/"},{"@type":"ListItem","position":3,"name":"Elf Box LS 15000"}]},{"@type":"WebSite","@id":"https:\/\/blanchedalmond-wren-221816.hostingersite.com\/#website","url":"https:\/\/blanchedalmond-wren-221816.hostingersite.com\/","name":"GraceBar","description":"","publisher":{"@id":"https:\/\/blanchedalmond-wren-221816.hostingersite.com\/#organization"},"potentialAction":[{"@type":"SearchAction","target":{"@type":"EntryPoint","urlTemplate":"https:\/\/blanchedalmond-wren-221816.hostingersite.com\/?s={search_term_string}"},"query-input":{"@type":"PropertyValueSpecification","valueRequired":true,"valueName":"search_term_string"}}],"inLanguage":"es"},{"@type":"Organization","@id":"https:\/\/blanchedalmond-wren-221816.hostingersite.com\/#organization","name":"GraceBar","url":"https:\/\/blanchedalmond-wren-221816.hostingersite.com\/","logo":{"@type":"ImageObject","inLanguage":"es","@id":"https:\/\/blanchedalmond-wren-221816.hostingersite.com\/#\/schema\/logo\/image\/","url":"https:\/\/gracebarvape.com\/wp-content\/uploads\/2024\/08\/cropped-Logo-GB-removebg.png","contentUrl":"https:\/\/gracebarvape.com\/wp-content\/uploads\/2024\/08\/cropped-Logo-GB-removebg.png","width":500,"height":167,"caption":"GraceBar"},"image":{"@id":"https:\/\/blanchedalmond-wren-221816.hostingersite.com\/#\/schema\/logo\/image\/"}}]}},"_links":{"self":[{"href":"https:\/\/gracebarvape.com\/es\/wp-json\/wp\/v2\/product\/1012165605","targetHints":{"allow":["GET"]}}],"collection":[{"href":"https:\/\/gracebarvape.com\/es\/wp-json\/wp\/v2\/product"}],"about":[{"href":"https:\/\/gracebarvape.com\/es\/wp-json\/wp\/v2\/types\/product"}],"version-history":[{"count":0,"href":"https:\/\/gracebarvape.com\/es\/wp-json\/wp\/v2\/product\/1012165605\/revisions"}],"wp:featuredmedia":[{"embeddable":true,"href":"https:\/\/gracebarvape.com\/es\/wp-json\/wp\/v2\/media\/1110186109"}],"wp:attachment":[{"href":"https:\/\/gracebarvape.com\/es\/wp-json\/wp\/v2\/media?parent=1012165605"}],"wp:term":[{"taxonomy":"product_brand","embeddable":true,"href":"https:\/\/gracebarvape.com\/es\/wp-json\/wp\/v2\/product_brand?post=1012165605"},{"taxonomy":"product_cat","embeddable":true,"href":"https:\/\/gracebarvape.com\/es\/wp-json\/wp\/v2\/product_cat?post=1012165605"},{"taxonomy":"product_tag","embeddable":true,"href":"https:\/\/gracebarvape.com\/es\/wp-json\/wp\/v2\/product_tag?post=1012165605"}],"curies":[{"name":"wp","href":"https:\/\/api.w.org\/{rel}","templated":true}]}}