{"id":1110125207,"date":"2025-04-15T22:55:18","date_gmt":"2025-04-15T14:55:18","guid":{"rendered":"https:\/\/gracebarvape.com\/poco-db26000\/"},"modified":"2025-04-25T09:54:03","modified_gmt":"2025-04-25T01:54:03","slug":"poco-db26000","status":"publish","type":"product","link":"https:\/\/gracebarvape.com\/es\/poco-db26000\/","title":{"rendered":"POCO DB26000"},"content":{"rendered":"<p>6000-25000 Puffos Elektromos Cigaretta \u2013 Tart\u00f3s \u00e9s Intenz\u00edv Vape-\u00e9lm\u00e9ny  <\/p>\n<p>   Keress egy megb\u00edzhat\u00f3 \u00e9s hossz\u00fa \u00e9lettartam\u00fa e-cigarett\u00e1t? V\u00e1lassz a 6000-25000 puffos elektromos cigarett\u00e1ink k\u00f6z\u00fcl, amelyek kiv\u00e9teles \u00e9lm\u00e9nyt ny\u00fajtanak \u00e9s tart\u00f3san kiel\u00e9g\u00edtik a nikotinsz\u00fcks\u00e9gletedet.  <\/p>\n<p>   Mi\u00e9rt v\u00e1laszd a term\u00e9keinket?<br \/>\n   - Hossz\u00fa \u00e9lettartam: Ak\u00e1r 25 000 puffig tart\u00f3 k\u00e9sz\u00fcl\u00e9kek, \u00edgy t\u00f6bbsz\u00f6r\u00f6s t\u00f6lt\u00e9s n\u00e9lk\u00fcl is hossz\u00fa ideig haszn\u00e1lhatod.<br \/>\n   - Intenz\u00edv \u00e9lm\u00e9ny: Gazdag g\u0151z \u00e9s er\u0151s \u00edzek garant\u00e1ltak, hogy minden slukk \u00e9lvezetes legyen.<br \/>\n   - K\u00e9nyelmes megold\u00e1s: K\u00f6nnyen haszn\u00e1lhat\u00f3, kompakt design, ide\u00e1lis mindennapi haszn\u00e1latra.  <\/p>\n<p>   Legyen sz\u00f3 kezd\u0151 vagy halad\u00f3 vaper\u0151l, term\u00e9keink t\u00f6k\u00e9letes v\u00e1laszt\u00e1st jelentenek. V\u00e1s\u00e1rold meg most \u00e9s \u00e9ld \u00e1t a nagy puff sz\u00e1m\u00fa vape el\u0151nyeit!  <\/p>\n<p>   L\u00e1togass el webshopunkba \u00e9s v\u00e1laszd ki a sz\u00e1modra legmegfelel\u0151bb elektromos cigarett\u00e1t!<\/p>\n","protected":false},"excerpt":{"rendered":"<p>6000-25000 Puffos Elektromos Cigaretta \u2013 Tart\u00f3s \u00e9s Intenz\u00edv Vape-\u00e9lm\u00e9ny  <\/p>\n<p>   Keress egy megb\u00edzhat\u00f3 \u00e9s hossz\u00fa \u00e9lettartam\u00fa e-cigarett\u00e1t? V\u00e1lassz a 6000-25000 puffos elektromos cigarett\u00e1ink k\u00f6z\u00fcl, amelyek kiv\u00e9teles \u00e9lm\u00e9nyt ny\u00fajtanak \u00e9s...<\/p>\n","protected":false},"featured_media":1110125224,"template":"","meta":{"_acf_changed":false,"_eb_attr":"","site-sidebar-layout":"default","site-content-layout":"","ast-site-content-layout":"","site-content-style":"default","site-sidebar-style":"default","ast-global-header-display":"","ast-banner-title-visibility":"","ast-main-header-display":"","ast-hfb-above-header-display":"","ast-hfb-below-header-display":"","ast-hfb-mobile-header-display":"","site-post-title":"","ast-breadcrumbs-content":"","ast-featured-img":"","footer-sml-layout":"","theme-transparent-header-meta":"","adv-header-id-meta":"","stick-header-meta":"","header-above-stick-meta":"","header-main-stick-meta":"","header-below-stick-meta":"","astra-migrate-meta-layouts":"default","ast-page-background-enabled":"default","ast-page-background-meta":{"desktop":{"background-color":"","background-image":"","background-repeat":"repeat","background-position":"center center","background-size":"auto","background-attachment":"scroll","background-type":"","background-media":"","overlay-type":"","overlay-color":"","overlay-opacity":"","overlay-gradient":""},"tablet":{"background-color":"","background-image":"","background-repeat":"repeat","background-position":"center center","background-size":"auto","background-attachment":"scroll","background-type":"","background-media":"","overlay-type":"","overlay-color":"","overlay-opacity":"","overlay-gradient":""},"mobile":{"background-color":"","background-image":"","background-repeat":"repeat","background-position":"center center","background-size":"auto","background-attachment":"scroll","background-type":"","background-media":"","overlay-type":"","overlay-color":"","overlay-opacity":"","overlay-gradient":""}},"ast-content-background-meta":{"desktop":{"background-color":"var(--ast-global-color-5)","background-image":"","background-repeat":"repeat","background-position":"center center","background-size":"auto","background-attachment":"scroll","background-type":"","background-media":"","overlay-type":"","overlay-color":"","overlay-opacity":"","overlay-gradient":""},"tablet":{"background-color":"var(--ast-global-color-5)","background-image":"","background-repeat":"repeat","background-position":"center center","background-size":"auto","background-attachment":"scroll","background-type":"","background-media":"","overlay-type":"","overlay-color":"","overlay-opacity":"","overlay-gradient":""},"mobile":{"background-color":"var(--ast-global-color-5)","background-image":"","background-repeat":"repeat","background-position":"center center","background-size":"auto","background-attachment":"scroll","background-type":"","background-media":"","overlay-type":"","overlay-color":"","overlay-opacity":"","overlay-gradient":""}}},"product_brand":[],"product_cat":[119,135],"product_tag":[],"class_list":{"0":"post-1110125207","1":"product","2":"type-product","3":"status-publish","4":"has-post-thumbnail","6":"product_cat-poco-vape","8":"desktop-align-left","9":"tablet-align-left","10":"mobile-align-left","12":"first","13":"instock","14":"shipping-taxable","15":"product-type-simple"},"acf":[],"yoast_head":"<!-- This site is optimized with the Yoast SEO plugin v25.0 - https:\/\/yoast.com\/wordpress\/plugins\/seo\/ -->\n<title>POCO DB26000 - GraceBar<\/title>\n<meta name=\"robots\" content=\"index, follow, max-snippet:-1, max-image-preview:large, max-video-preview:-1\" \/>\n<link rel=\"canonical\" href=\"https:\/\/gracebarvape.com\/es\/poco-db26000\/\" \/>\n<meta property=\"og:locale\" content=\"es_ES\" \/>\n<meta property=\"og:type\" content=\"article\" \/>\n<meta property=\"og:title\" content=\"POCO DB26000 - GraceBar\" \/>\n<meta property=\"og:description\" content=\"6000-25000 Puffos Elektromos Cigaretta \u2013 Tart\u00f3s \u00e9s Intenz\u00edv Vape-\u00e9lm\u00e9ny    Keress egy megb\u00edzhat\u00f3 \u00e9s hossz\u00fa \u00e9lettartam\u00fa e-cigarett\u00e1t? V\u00e1lassz a 6000-25000 puffos elektromos cigarett\u00e1ink k\u00f6z\u00fcl, amelyek kiv\u00e9teles \u00e9lm\u00e9nyt ny\u00fajtanak \u00e9s...\" \/>\n<meta property=\"og:url\" content=\"https:\/\/gracebarvape.com\/es\/poco-db26000\/\" \/>\n<meta property=\"og:site_name\" content=\"GraceBar\" \/>\n<meta property=\"article:modified_time\" content=\"2025-04-25T01:54:03+00:00\" \/>\n<meta property=\"og:image\" content=\"https:\/\/gracebarvape.com\/wp-content\/uploads\/2025\/04\/poco-db26000-bulk.webp\" \/>\n\t<meta property=\"og:image:width\" content=\"800\" \/>\n\t<meta property=\"og:image:height\" content=\"800\" \/>\n\t<meta property=\"og:image:type\" content=\"image\/webp\" \/>\n<meta name=\"twitter:card\" content=\"summary_large_image\" \/>\n<meta name=\"twitter:label1\" content=\"Tiempo de lectura\" \/>\n\t<meta name=\"twitter:data1\" content=\"1 minuto\" \/>\n<script type=\"application\/ld+json\" class=\"yoast-schema-graph\">{\"@context\":\"https:\/\/schema.org\",\"@graph\":[{\"@type\":\"WebPage\",\"@id\":\"https:\/\/gracebarvape.com\/es\/poco-db26000\/\",\"url\":\"https:\/\/gracebarvape.com\/es\/poco-db26000\/\",\"name\":\"POCO DB26000 - GraceBar\",\"isPartOf\":{\"@id\":\"https:\/\/blanchedalmond-wren-221816.hostingersite.com\/#website\"},\"primaryImageOfPage\":{\"@id\":\"https:\/\/gracebarvape.com\/es\/poco-db26000\/#primaryimage\"},\"image\":{\"@id\":\"https:\/\/gracebarvape.com\/es\/poco-db26000\/#primaryimage\"},\"thumbnailUrl\":\"https:\/\/gracebarvape.com\/wp-content\/uploads\/2025\/04\/poco-db26000-bulk.webp\",\"datePublished\":\"2025-04-15T14:55:18+00:00\",\"dateModified\":\"2025-04-25T01:54:03+00:00\",\"breadcrumb\":{\"@id\":\"https:\/\/gracebarvape.com\/es\/poco-db26000\/#breadcrumb\"},\"inLanguage\":\"es\",\"potentialAction\":[{\"@type\":\"ReadAction\",\"target\":[\"https:\/\/gracebarvape.com\/es\/poco-db26000\/\"]}]},{\"@type\":\"ImageObject\",\"inLanguage\":\"es\",\"@id\":\"https:\/\/gracebarvape.com\/es\/poco-db26000\/#primaryimage\",\"url\":\"https:\/\/gracebarvape.com\/wp-content\/uploads\/2025\/04\/poco-db26000-bulk.webp\",\"contentUrl\":\"https:\/\/gracebarvape.com\/wp-content\/uploads\/2025\/04\/poco-db26000-bulk.webp\",\"width\":800,\"height\":800,\"caption\":\"poco db26000 bulk\"},{\"@type\":\"BreadcrumbList\",\"@id\":\"https:\/\/gracebarvape.com\/es\/poco-db26000\/#breadcrumb\",\"itemListElement\":[{\"@type\":\"ListItem\",\"position\":1,\"name\":\"Home\",\"item\":\"https:\/\/gracebarvape.com\/es\/\"},{\"@type\":\"ListItem\",\"position\":2,\"name\":\"Term\u00e9kek\",\"item\":\"https:\/\/gracebarvape.com\/en\/products\/\"},{\"@type\":\"ListItem\",\"position\":3,\"name\":\"POCO DB26000\"}]},{\"@type\":\"WebSite\",\"@id\":\"https:\/\/blanchedalmond-wren-221816.hostingersite.com\/#website\",\"url\":\"https:\/\/blanchedalmond-wren-221816.hostingersite.com\/\",\"name\":\"GraceBar\",\"description\":\"\",\"publisher\":{\"@id\":\"https:\/\/blanchedalmond-wren-221816.hostingersite.com\/#organization\"},\"potentialAction\":[{\"@type\":\"SearchAction\",\"target\":{\"@type\":\"EntryPoint\",\"urlTemplate\":\"https:\/\/blanchedalmond-wren-221816.hostingersite.com\/?s={search_term_string}\"},\"query-input\":{\"@type\":\"PropertyValueSpecification\",\"valueRequired\":true,\"valueName\":\"search_term_string\"}}],\"inLanguage\":\"es\"},{\"@type\":\"Organization\",\"@id\":\"https:\/\/blanchedalmond-wren-221816.hostingersite.com\/#organization\",\"name\":\"GraceBar\",\"url\":\"https:\/\/blanchedalmond-wren-221816.hostingersite.com\/\",\"logo\":{\"@type\":\"ImageObject\",\"inLanguage\":\"es\",\"@id\":\"https:\/\/blanchedalmond-wren-221816.hostingersite.com\/#\/schema\/logo\/image\/\",\"url\":\"https:\/\/gracebarvape.com\/wp-content\/uploads\/2024\/08\/cropped-Logo-GB-removebg.png\",\"contentUrl\":\"https:\/\/gracebarvape.com\/wp-content\/uploads\/2024\/08\/cropped-Logo-GB-removebg.png\",\"width\":500,\"height\":167,\"caption\":\"GraceBar\"},\"image\":{\"@id\":\"https:\/\/blanchedalmond-wren-221816.hostingersite.com\/#\/schema\/logo\/image\/\"}}]}<\/script>\n<!-- \/ Yoast SEO plugin. -->","yoast_head_json":{"title":"POCO DB26000 - GraceBar","robots":{"index":"index","follow":"follow","max-snippet":"max-snippet:-1","max-image-preview":"max-image-preview:large","max-video-preview":"max-video-preview:-1"},"canonical":"https:\/\/gracebarvape.com\/es\/poco-db26000\/","og_locale":"es_ES","og_type":"article","og_title":"POCO DB26000 - GraceBar","og_description":"6000-25000 Puffos Elektromos Cigaretta \u2013 Tart\u00f3s \u00e9s Intenz\u00edv Vape-\u00e9lm\u00e9ny    Keress egy megb\u00edzhat\u00f3 \u00e9s hossz\u00fa \u00e9lettartam\u00fa e-cigarett\u00e1t? V\u00e1lassz a 6000-25000 puffos elektromos cigarett\u00e1ink k\u00f6z\u00fcl, amelyek kiv\u00e9teles \u00e9lm\u00e9nyt ny\u00fajtanak \u00e9s...","og_url":"https:\/\/gracebarvape.com\/es\/poco-db26000\/","og_site_name":"GraceBar","article_modified_time":"2025-04-25T01:54:03+00:00","og_image":[{"width":800,"height":800,"url":"https:\/\/gracebarvape.com\/wp-content\/uploads\/2025\/04\/poco-db26000-bulk.webp","type":"image\/webp"}],"twitter_card":"summary_large_image","twitter_misc":{"Tiempo de lectura":"1 minuto"},"schema":{"@context":"https:\/\/schema.org","@graph":[{"@type":"WebPage","@id":"https:\/\/gracebarvape.com\/es\/poco-db26000\/","url":"https:\/\/gracebarvape.com\/es\/poco-db26000\/","name":"POCO DB26000 - GraceBar","isPartOf":{"@id":"https:\/\/blanchedalmond-wren-221816.hostingersite.com\/#website"},"primaryImageOfPage":{"@id":"https:\/\/gracebarvape.com\/es\/poco-db26000\/#primaryimage"},"image":{"@id":"https:\/\/gracebarvape.com\/es\/poco-db26000\/#primaryimage"},"thumbnailUrl":"https:\/\/gracebarvape.com\/wp-content\/uploads\/2025\/04\/poco-db26000-bulk.webp","datePublished":"2025-04-15T14:55:18+00:00","dateModified":"2025-04-25T01:54:03+00:00","breadcrumb":{"@id":"https:\/\/gracebarvape.com\/es\/poco-db26000\/#breadcrumb"},"inLanguage":"es","potentialAction":[{"@type":"ReadAction","target":["https:\/\/gracebarvape.com\/es\/poco-db26000\/"]}]},{"@type":"ImageObject","inLanguage":"es","@id":"https:\/\/gracebarvape.com\/es\/poco-db26000\/#primaryimage","url":"https:\/\/gracebarvape.com\/wp-content\/uploads\/2025\/04\/poco-db26000-bulk.webp","contentUrl":"https:\/\/gracebarvape.com\/wp-content\/uploads\/2025\/04\/poco-db26000-bulk.webp","width":800,"height":800,"caption":"poco db26000 bulk"},{"@type":"BreadcrumbList","@id":"https:\/\/gracebarvape.com\/es\/poco-db26000\/#breadcrumb","itemListElement":[{"@type":"ListItem","position":1,"name":"Home","item":"https:\/\/gracebarvape.com\/es\/"},{"@type":"ListItem","position":2,"name":"Term\u00e9kek","item":"https:\/\/gracebarvape.com\/en\/products\/"},{"@type":"ListItem","position":3,"name":"POCO DB26000"}]},{"@type":"WebSite","@id":"https:\/\/blanchedalmond-wren-221816.hostingersite.com\/#website","url":"https:\/\/blanchedalmond-wren-221816.hostingersite.com\/","name":"GraceBar","description":"","publisher":{"@id":"https:\/\/blanchedalmond-wren-221816.hostingersite.com\/#organization"},"potentialAction":[{"@type":"SearchAction","target":{"@type":"EntryPoint","urlTemplate":"https:\/\/blanchedalmond-wren-221816.hostingersite.com\/?s={search_term_string}"},"query-input":{"@type":"PropertyValueSpecification","valueRequired":true,"valueName":"search_term_string"}}],"inLanguage":"es"},{"@type":"Organization","@id":"https:\/\/blanchedalmond-wren-221816.hostingersite.com\/#organization","name":"GraceBar","url":"https:\/\/blanchedalmond-wren-221816.hostingersite.com\/","logo":{"@type":"ImageObject","inLanguage":"es","@id":"https:\/\/blanchedalmond-wren-221816.hostingersite.com\/#\/schema\/logo\/image\/","url":"https:\/\/gracebarvape.com\/wp-content\/uploads\/2024\/08\/cropped-Logo-GB-removebg.png","contentUrl":"https:\/\/gracebarvape.com\/wp-content\/uploads\/2024\/08\/cropped-Logo-GB-removebg.png","width":500,"height":167,"caption":"GraceBar"},"image":{"@id":"https:\/\/blanchedalmond-wren-221816.hostingersite.com\/#\/schema\/logo\/image\/"}}]}},"_links":{"self":[{"href":"https:\/\/gracebarvape.com\/es\/wp-json\/wp\/v2\/product\/1110125207","targetHints":{"allow":["GET"]}}],"collection":[{"href":"https:\/\/gracebarvape.com\/es\/wp-json\/wp\/v2\/product"}],"about":[{"href":"https:\/\/gracebarvape.com\/es\/wp-json\/wp\/v2\/types\/product"}],"version-history":[{"count":0,"href":"https:\/\/gracebarvape.com\/es\/wp-json\/wp\/v2\/product\/1110125207\/revisions"}],"wp:featuredmedia":[{"embeddable":true,"href":"https:\/\/gracebarvape.com\/es\/wp-json\/wp\/v2\/media\/1110125224"}],"wp:attachment":[{"href":"https:\/\/gracebarvape.com\/es\/wp-json\/wp\/v2\/media?parent=1110125207"}],"wp:term":[{"taxonomy":"product_brand","embeddable":true,"href":"https:\/\/gracebarvape.com\/es\/wp-json\/wp\/v2\/product_brand?post=1110125207"},{"taxonomy":"product_cat","embeddable":true,"href":"https:\/\/gracebarvape.com\/es\/wp-json\/wp\/v2\/product_cat?post=1110125207"},{"taxonomy":"product_tag","embeddable":true,"href":"https:\/\/gracebarvape.com\/es\/wp-json\/wp\/v2\/product_tag?post=1110125207"}],"curies":[{"name":"wp","href":"https:\/\/api.w.org\/{rel}","templated":true}]}}