{"id":1110185808,"date":"2025-04-18T11:00:16","date_gmt":"2025-04-18T03:00:16","guid":{"rendered":"https:\/\/gracebarvape.com\/hqd-max-2500-2\/"},"modified":"2025-04-25T09:54:03","modified_gmt":"2025-04-25T01:54:03","slug":"hqd-max-2500","status":"publish","type":"product","link":"https:\/\/gracebarvape.com\/es\/hqd-max-2500\/","title":{"rendered":"Hqd Max 2500"},"content":{"rendered":"<p>HQD Maxx 2500 E-cigi \u2013 Az Eleg\u00e1ns Vapel\u00e9s \u00datja  <\/p>\n<p>   Keresse a t\u00f6k\u00e9letes E-cigarett\u00e1t? A HQD Maxx 2500 a v\u00e1lasz! Ez a pr\u00e9mium min\u0151s\u00e9g\u0171 eszk\u00f6z 2500 puffot k\u00edn\u00e1l, \u00edgy hossz\u00fa ideig \u00e9lvezheti a sima \u00e9s gazdag g\u0151z\u00e9lm\u00e9nyt. Az eleg\u00e1ns alum\u00ednium burkolat nemcsak st\u00edlusos megjelen\u00e9st k\u00f6lcs\u00f6n\u00f6z, hanem tart\u00f3ss\u00e1got is biztos\u00edt.  <\/p>\n<p>   F\u0151bb jellemz\u0151k:<br \/>\n   - 2500 puff \u2013 Hossz\u00fa t\u00e1v\u00fa haszn\u00e1lat<br \/>\n   - Alum\u00ednium burkolat \u2013 Tart\u00f3s \u00e9s st\u00edlusos design<br \/>\n   - Pr\u00e9mium min\u0151s\u00e9g \u2013 Z\u00f6kken\u0151mentes g\u0151ztermel\u00e9s<br \/>\n   - K\u00f6nny\u0171 \u00e9s hordozhat\u00f3 \u2013 Ide\u00e1lis mindennapi haszn\u00e1latra  <\/p>\n<p>   Mi\u00e9rt v\u00e1lassza a HQD Maxx 2500-at?<br \/>\n   - Kiv\u00e1l\u00f3 \u00e1r-\u00e9rt\u00e9k ar\u00e1ny \u2013 T\u00f6bb puff, kevesebb t\u00f6lt\u00e9s<br \/>\n   - Trendi diz\u00e1jn \u2013 Kiemelked\u0151 megjelen\u00e9s<br \/>\n   - Egyszer\u0171 haszn\u00e1lat \u2013 Nincs be\u00e1ll\u00edt\u00e1s vagy karbantart\u00e1s  <\/p>\n<p>   Ne habozzon, rendelje meg most online a HQD Maxx 2500 E-cigarett\u00e1t, \u00e9s \u00e9lvezze a luxus vapel\u00e9s \u00e9lm\u00e9ny\u00e9t!  <\/p>\n<p>   (CTA) V\u00e1s\u00e1roljon most \u00e9s tapasztalja meg a k\u00fcl\u00f6nbs\u00e9get!  <\/p>\n<p>   *Korl\u00e1tlan \u00e9lm\u00e9ny, pr\u00e9mium min\u0151s\u00e9g \u2013 a HQD Maxx 2500 mindent megad, amire egy igazi vapernek sz\u00fcks\u00e9ge van!*<\/p>\n","protected":false},"excerpt":{"rendered":"<p>HQD Maxx 2500 E-cigi \u2013 Az Eleg\u00e1ns Vapel\u00e9s \u00datja  <\/p>\n<p>   Keresse a t\u00f6k\u00e9letes E-cigarett\u00e1t? A HQD Maxx 2500 a v\u00e1lasz! Ez a pr\u00e9mium min\u0151s\u00e9g\u0171 eszk\u00f6z 2500 puffot k\u00edn\u00e1l, \u00edgy hossz\u00fa ideig \u00e9lvezheti a sima \u00e9s gazdag g\u0151z\u00e9lm\u00e9nyt.<\/p>\n","protected":false},"featured_media":1110125256,"template":"","meta":{"_acf_changed":false,"_eb_attr":"","site-sidebar-layout":"default","site-content-layout":"","ast-site-content-layout":"","site-content-style":"default","site-sidebar-style":"default","ast-global-header-display":"","ast-banner-title-visibility":"","ast-main-header-display":"","ast-hfb-above-header-display":"","ast-hfb-below-header-display":"","ast-hfb-mobile-header-display":"","site-post-title":"","ast-breadcrumbs-content":"","ast-featured-img":"","footer-sml-layout":"","theme-transparent-header-meta":"","adv-header-id-meta":"","stick-header-meta":"","header-above-stick-meta":"","header-main-stick-meta":"","header-below-stick-meta":"","astra-migrate-meta-layouts":"default","ast-page-background-enabled":"default","ast-page-background-meta":{"desktop":{"background-color":"","background-image":"","background-repeat":"repeat","background-position":"center center","background-size":"auto","background-attachment":"scroll","background-type":"","background-media":"","overlay-type":"","overlay-color":"","overlay-opacity":"","overlay-gradient":""},"tablet":{"background-color":"","background-image":"","background-repeat":"repeat","background-position":"center center","background-size":"auto","background-attachment":"scroll","background-type":"","background-media":"","overlay-type":"","overlay-color":"","overlay-opacity":"","overlay-gradient":""},"mobile":{"background-color":"","background-image":"","background-repeat":"repeat","background-position":"center center","background-size":"auto","background-attachment":"scroll","background-type":"","background-media":"","overlay-type":"","overlay-color":"","overlay-opacity":"","overlay-gradient":""}},"ast-content-background-meta":{"desktop":{"background-color":"var(--ast-global-color-5)","background-image":"","background-repeat":"repeat","background-position":"center center","background-size":"auto","background-attachment":"scroll","background-type":"","background-media":"","overlay-type":"","overlay-color":"","overlay-opacity":"","overlay-gradient":""},"tablet":{"background-color":"var(--ast-global-color-5)","background-image":"","background-repeat":"repeat","background-position":"center center","background-size":"auto","background-attachment":"scroll","background-type":"","background-media":"","overlay-type":"","overlay-color":"","overlay-opacity":"","overlay-gradient":""},"mobile":{"background-color":"var(--ast-global-color-5)","background-image":"","background-repeat":"repeat","background-position":"center center","background-size":"auto","background-attachment":"scroll","background-type":"","background-media":"","overlay-type":"","overlay-color":"","overlay-opacity":"","overlay-gradient":""}}},"product_brand":[],"product_cat":[133],"product_tag":[],"class_list":{"0":"post-1110185808","1":"product","2":"type-product","3":"status-publish","4":"has-post-thumbnail","6":"product_cat-hqd-vape","7":"desktop-align-left","8":"tablet-align-left","9":"mobile-align-left","11":"first","12":"instock","13":"shipping-taxable","14":"product-type-simple"},"acf":[],"yoast_head":"<!-- This site is optimized with the Yoast SEO plugin v25.0 - https:\/\/yoast.com\/wordpress\/plugins\/seo\/ -->\n<title>Hqd Max 2500 - GraceBar<\/title>\n<meta name=\"robots\" content=\"index, follow, max-snippet:-1, max-image-preview:large, max-video-preview:-1\" \/>\n<link rel=\"canonical\" href=\"https:\/\/gracebarvape.com\/es\/hqd-max-2500\/\" \/>\n<meta property=\"og:locale\" content=\"es_ES\" \/>\n<meta property=\"og:type\" content=\"article\" \/>\n<meta property=\"og:title\" content=\"Hqd Max 2500 - GraceBar\" \/>\n<meta property=\"og:description\" content=\"HQD Maxx 2500 E-cigi \u2013 Az Eleg\u00e1ns Vapel\u00e9s \u00datja    Keresse a t\u00f6k\u00e9letes E-cigarett\u00e1t? A HQD Maxx 2500 a v\u00e1lasz! Ez a pr\u00e9mium min\u0151s\u00e9g\u0171 eszk\u00f6z 2500 puffot k\u00edn\u00e1l, \u00edgy hossz\u00fa ideig \u00e9lvezheti a sima \u00e9s gazdag g\u0151z\u00e9lm\u00e9nyt.\" \/>\n<meta property=\"og:url\" content=\"https:\/\/gracebarvape.com\/es\/hqd-max-2500\/\" \/>\n<meta property=\"og:site_name\" content=\"GraceBar\" \/>\n<meta property=\"article:modified_time\" content=\"2025-04-25T01:54:03+00:00\" \/>\n<meta property=\"og:image\" content=\"https:\/\/gracebarvape.com\/wp-content\/uploads\/2025\/04\/hqd-maxx-2500-1400mah-battery.webp\" \/>\n\t<meta property=\"og:image:width\" content=\"800\" \/>\n\t<meta property=\"og:image:height\" content=\"777\" \/>\n\t<meta property=\"og:image:type\" content=\"image\/webp\" \/>\n<meta name=\"twitter:card\" content=\"summary_large_image\" \/>\n<meta name=\"twitter:label1\" content=\"Tiempo de lectura\" \/>\n\t<meta name=\"twitter:data1\" content=\"1 minuto\" \/>\n<script type=\"application\/ld+json\" class=\"yoast-schema-graph\">{\"@context\":\"https:\/\/schema.org\",\"@graph\":[{\"@type\":\"WebPage\",\"@id\":\"https:\/\/gracebarvape.com\/es\/hqd-max-2500\/\",\"url\":\"https:\/\/gracebarvape.com\/es\/hqd-max-2500\/\",\"name\":\"Hqd Max 2500 - GraceBar\",\"isPartOf\":{\"@id\":\"https:\/\/blanchedalmond-wren-221816.hostingersite.com\/#website\"},\"primaryImageOfPage\":{\"@id\":\"https:\/\/gracebarvape.com\/es\/hqd-max-2500\/#primaryimage\"},\"image\":{\"@id\":\"https:\/\/gracebarvape.com\/es\/hqd-max-2500\/#primaryimage\"},\"thumbnailUrl\":\"https:\/\/gracebarvape.com\/wp-content\/uploads\/2025\/04\/hqd-maxx-2500-1400mah-battery.webp\",\"datePublished\":\"2025-04-18T03:00:16+00:00\",\"dateModified\":\"2025-04-25T01:54:03+00:00\",\"breadcrumb\":{\"@id\":\"https:\/\/gracebarvape.com\/es\/hqd-max-2500\/#breadcrumb\"},\"inLanguage\":\"es\",\"potentialAction\":[{\"@type\":\"ReadAction\",\"target\":[\"https:\/\/gracebarvape.com\/es\/hqd-max-2500\/\"]}]},{\"@type\":\"ImageObject\",\"inLanguage\":\"es\",\"@id\":\"https:\/\/gracebarvape.com\/es\/hqd-max-2500\/#primaryimage\",\"url\":\"https:\/\/gracebarvape.com\/wp-content\/uploads\/2025\/04\/hqd-maxx-2500-1400mah-battery.webp\",\"contentUrl\":\"https:\/\/gracebarvape.com\/wp-content\/uploads\/2025\/04\/hqd-maxx-2500-1400mah-battery.webp\",\"width\":800,\"height\":777,\"caption\":\"hqd maxx 2500 1400mah battery\"},{\"@type\":\"BreadcrumbList\",\"@id\":\"https:\/\/gracebarvape.com\/es\/hqd-max-2500\/#breadcrumb\",\"itemListElement\":[{\"@type\":\"ListItem\",\"position\":1,\"name\":\"Home\",\"item\":\"https:\/\/gracebarvape.com\/es\/\"},{\"@type\":\"ListItem\",\"position\":2,\"name\":\"Term\u00e9kek\",\"item\":\"https:\/\/gracebarvape.com\/en\/products\/\"},{\"@type\":\"ListItem\",\"position\":3,\"name\":\"Hqd Max 2500\"}]},{\"@type\":\"WebSite\",\"@id\":\"https:\/\/blanchedalmond-wren-221816.hostingersite.com\/#website\",\"url\":\"https:\/\/blanchedalmond-wren-221816.hostingersite.com\/\",\"name\":\"GraceBar\",\"description\":\"\",\"publisher\":{\"@id\":\"https:\/\/blanchedalmond-wren-221816.hostingersite.com\/#organization\"},\"potentialAction\":[{\"@type\":\"SearchAction\",\"target\":{\"@type\":\"EntryPoint\",\"urlTemplate\":\"https:\/\/blanchedalmond-wren-221816.hostingersite.com\/?s={search_term_string}\"},\"query-input\":{\"@type\":\"PropertyValueSpecification\",\"valueRequired\":true,\"valueName\":\"search_term_string\"}}],\"inLanguage\":\"es\"},{\"@type\":\"Organization\",\"@id\":\"https:\/\/blanchedalmond-wren-221816.hostingersite.com\/#organization\",\"name\":\"GraceBar\",\"url\":\"https:\/\/blanchedalmond-wren-221816.hostingersite.com\/\",\"logo\":{\"@type\":\"ImageObject\",\"inLanguage\":\"es\",\"@id\":\"https:\/\/blanchedalmond-wren-221816.hostingersite.com\/#\/schema\/logo\/image\/\",\"url\":\"https:\/\/gracebarvape.com\/wp-content\/uploads\/2024\/08\/cropped-Logo-GB-removebg.png\",\"contentUrl\":\"https:\/\/gracebarvape.com\/wp-content\/uploads\/2024\/08\/cropped-Logo-GB-removebg.png\",\"width\":500,\"height\":167,\"caption\":\"GraceBar\"},\"image\":{\"@id\":\"https:\/\/blanchedalmond-wren-221816.hostingersite.com\/#\/schema\/logo\/image\/\"}}]}<\/script>\n<!-- \/ Yoast SEO plugin. -->","yoast_head_json":{"title":"Hqd Max 2500 - GraceBar","robots":{"index":"index","follow":"follow","max-snippet":"max-snippet:-1","max-image-preview":"max-image-preview:large","max-video-preview":"max-video-preview:-1"},"canonical":"https:\/\/gracebarvape.com\/es\/hqd-max-2500\/","og_locale":"es_ES","og_type":"article","og_title":"Hqd Max 2500 - GraceBar","og_description":"HQD Maxx 2500 E-cigi \u2013 Az Eleg\u00e1ns Vapel\u00e9s \u00datja    Keresse a t\u00f6k\u00e9letes E-cigarett\u00e1t? A HQD Maxx 2500 a v\u00e1lasz! Ez a pr\u00e9mium min\u0151s\u00e9g\u0171 eszk\u00f6z 2500 puffot k\u00edn\u00e1l, \u00edgy hossz\u00fa ideig \u00e9lvezheti a sima \u00e9s gazdag g\u0151z\u00e9lm\u00e9nyt.","og_url":"https:\/\/gracebarvape.com\/es\/hqd-max-2500\/","og_site_name":"GraceBar","article_modified_time":"2025-04-25T01:54:03+00:00","og_image":[{"width":800,"height":777,"url":"https:\/\/gracebarvape.com\/wp-content\/uploads\/2025\/04\/hqd-maxx-2500-1400mah-battery.webp","type":"image\/webp"}],"twitter_card":"summary_large_image","twitter_misc":{"Tiempo de lectura":"1 minuto"},"schema":{"@context":"https:\/\/schema.org","@graph":[{"@type":"WebPage","@id":"https:\/\/gracebarvape.com\/es\/hqd-max-2500\/","url":"https:\/\/gracebarvape.com\/es\/hqd-max-2500\/","name":"Hqd Max 2500 - GraceBar","isPartOf":{"@id":"https:\/\/blanchedalmond-wren-221816.hostingersite.com\/#website"},"primaryImageOfPage":{"@id":"https:\/\/gracebarvape.com\/es\/hqd-max-2500\/#primaryimage"},"image":{"@id":"https:\/\/gracebarvape.com\/es\/hqd-max-2500\/#primaryimage"},"thumbnailUrl":"https:\/\/gracebarvape.com\/wp-content\/uploads\/2025\/04\/hqd-maxx-2500-1400mah-battery.webp","datePublished":"2025-04-18T03:00:16+00:00","dateModified":"2025-04-25T01:54:03+00:00","breadcrumb":{"@id":"https:\/\/gracebarvape.com\/es\/hqd-max-2500\/#breadcrumb"},"inLanguage":"es","potentialAction":[{"@type":"ReadAction","target":["https:\/\/gracebarvape.com\/es\/hqd-max-2500\/"]}]},{"@type":"ImageObject","inLanguage":"es","@id":"https:\/\/gracebarvape.com\/es\/hqd-max-2500\/#primaryimage","url":"https:\/\/gracebarvape.com\/wp-content\/uploads\/2025\/04\/hqd-maxx-2500-1400mah-battery.webp","contentUrl":"https:\/\/gracebarvape.com\/wp-content\/uploads\/2025\/04\/hqd-maxx-2500-1400mah-battery.webp","width":800,"height":777,"caption":"hqd maxx 2500 1400mah battery"},{"@type":"BreadcrumbList","@id":"https:\/\/gracebarvape.com\/es\/hqd-max-2500\/#breadcrumb","itemListElement":[{"@type":"ListItem","position":1,"name":"Home","item":"https:\/\/gracebarvape.com\/es\/"},{"@type":"ListItem","position":2,"name":"Term\u00e9kek","item":"https:\/\/gracebarvape.com\/en\/products\/"},{"@type":"ListItem","position":3,"name":"Hqd Max 2500"}]},{"@type":"WebSite","@id":"https:\/\/blanchedalmond-wren-221816.hostingersite.com\/#website","url":"https:\/\/blanchedalmond-wren-221816.hostingersite.com\/","name":"GraceBar","description":"","publisher":{"@id":"https:\/\/blanchedalmond-wren-221816.hostingersite.com\/#organization"},"potentialAction":[{"@type":"SearchAction","target":{"@type":"EntryPoint","urlTemplate":"https:\/\/blanchedalmond-wren-221816.hostingersite.com\/?s={search_term_string}"},"query-input":{"@type":"PropertyValueSpecification","valueRequired":true,"valueName":"search_term_string"}}],"inLanguage":"es"},{"@type":"Organization","@id":"https:\/\/blanchedalmond-wren-221816.hostingersite.com\/#organization","name":"GraceBar","url":"https:\/\/blanchedalmond-wren-221816.hostingersite.com\/","logo":{"@type":"ImageObject","inLanguage":"es","@id":"https:\/\/blanchedalmond-wren-221816.hostingersite.com\/#\/schema\/logo\/image\/","url":"https:\/\/gracebarvape.com\/wp-content\/uploads\/2024\/08\/cropped-Logo-GB-removebg.png","contentUrl":"https:\/\/gracebarvape.com\/wp-content\/uploads\/2024\/08\/cropped-Logo-GB-removebg.png","width":500,"height":167,"caption":"GraceBar"},"image":{"@id":"https:\/\/blanchedalmond-wren-221816.hostingersite.com\/#\/schema\/logo\/image\/"}}]}},"_links":{"self":[{"href":"https:\/\/gracebarvape.com\/es\/wp-json\/wp\/v2\/product\/1110185808","targetHints":{"allow":["GET"]}}],"collection":[{"href":"https:\/\/gracebarvape.com\/es\/wp-json\/wp\/v2\/product"}],"about":[{"href":"https:\/\/gracebarvape.com\/es\/wp-json\/wp\/v2\/types\/product"}],"version-history":[{"count":0,"href":"https:\/\/gracebarvape.com\/es\/wp-json\/wp\/v2\/product\/1110185808\/revisions"}],"wp:featuredmedia":[{"embeddable":true,"href":"https:\/\/gracebarvape.com\/es\/wp-json\/wp\/v2\/media\/1110125256"}],"wp:attachment":[{"href":"https:\/\/gracebarvape.com\/es\/wp-json\/wp\/v2\/media?parent=1110185808"}],"wp:term":[{"taxonomy":"product_brand","embeddable":true,"href":"https:\/\/gracebarvape.com\/es\/wp-json\/wp\/v2\/product_brand?post=1110185808"},{"taxonomy":"product_cat","embeddable":true,"href":"https:\/\/gracebarvape.com\/es\/wp-json\/wp\/v2\/product_cat?post=1110185808"},{"taxonomy":"product_tag","embeddable":true,"href":"https:\/\/gracebarvape.com\/es\/wp-json\/wp\/v2\/product_tag?post=1110185808"}],"curies":[{"name":"wp","href":"https:\/\/api.w.org\/{rel}","templated":true}]}}